{"id":23730,"date":"2024-10-09T16:12:23","date_gmt":"2024-10-09T14:12:23","guid":{"rendered":"https:\/\/riding.zandona.net\/qualita\/"},"modified":"2024-11-21T17:05:27","modified_gmt":"2024-11-21T16:05:27","slug":"qualitat","status":"publish","type":"page","link":"https:\/\/riding.zandona.net\/de\/qualitat\/","title":{"rendered":"Qualit\u00e4t"},"content":{"rendered":"\t\t<div data-elementor-type=\"wp-page\" data-elementor-id=\"23730\" class=\"elementor elementor-23730 elementor-2442\" data-elementor-post-type=\"page\">\n\t\t\t\t<div class=\"elementor-element elementor-element-863f0ac e-flex e-con-boxed e-con e-parent\" data-id=\"863f0ac\" data-element_type=\"container\">\n\t\t\t\t\t<div class=\"e-con-inner\">\n\t\t\t\t<div class=\"elementor-element elementor-element-dbdffdf elementor-widget elementor-widget-heading\" data-id=\"dbdffdf\" data-element_type=\"widget\" data-widget_type=\"heading.default\">\n\t\t\t\t<div class=\"elementor-widget-container\">\n\t\t\t\t\t<h2 class=\"elementor-heading-title elementor-size-default\">Unsere Qualit\u00e4t <span style=\"color:#8b6239\">im Dienste Ihrer Leidenschaft<\/span><\/h2>\t\t\t\t<\/div>\n\t\t\t\t<\/div>\n\t\t\t\t<div class=\"elementor-element elementor-element-f764e91 elementor-widget elementor-widget-heading\" data-id=\"f764e91\" data-element_type=\"widget\" data-widget_type=\"heading.default\">\n\t\t\t\t<div class=\"elementor-widget-container\">\n\t\t\t\t\t<h5 class=\"elementor-heading-title elementor-size-default\">Fortschrittlicher Schutz f\u00fcr Pferde und Jockeys, entwickelt mit Technologie der neuesten Generation und hochwertigen Materialien.<\/h5>\t\t\t\t<\/div>\n\t\t\t\t<\/div>\n\t\t\t\t\t<\/div>\n\t\t\t\t<\/div>\n\t\t<div class=\"elementor-element elementor-element-41a3771 e-flex e-con-boxed e-con e-parent\" data-id=\"41a3771\" data-element_type=\"container\">\n\t\t\t\t\t<div class=\"e-con-inner\">\n\t\t\t\t<div class=\"elementor-element elementor-element-3521651 elementor-widget__width-initial elementor-position-top elementor-widget elementor-widget-image-box\" data-id=\"3521651\" data-element_type=\"widget\" data-widget_type=\"image-box.default\">\n\t\t\t\t<div class=\"elementor-widget-container\">\n\t\t\t\t\t<div class=\"elementor-image-box-wrapper\"><figure class=\"elementor-image-box-img\"><img fetchpriority=\"high\" decoding=\"async\" width=\"1080\" height=\"1080\" src=\"https:\/\/riding.zandona.net\/wp-content\/uploads\/sites\/5\/2024\/10\/MADE_IN_ITALY_Advertising_Carbon_PRO_Tendon.jpg\" class=\"attachment-full size-full wp-image-23731\" alt=\"\" \/><\/figure><div class=\"elementor-image-box-content\"><p class=\"elementor-image-box-description\">100% ITALIENISCHES PRODUKT: Spitzenqualit\u00e4t, intelligentes Design und Handwerkskunst!<\/p><\/div><\/div>\t\t\t\t<\/div>\n\t\t\t\t<\/div>\n\t\t\t\t<div class=\"elementor-element elementor-element-aaae652 elementor-widget__width-initial elementor-position-top elementor-widget elementor-widget-image-box\" data-id=\"aaae652\" data-element_type=\"widget\" data-widget_type=\"image-box.default\">\n\t\t\t\t<div class=\"elementor-widget-container\">\n\t\t\t\t\t<div class=\"elementor-image-box-wrapper\"><figure class=\"elementor-image-box-img\"><img decoding=\"async\" width=\"1080\" height=\"1080\" src=\"https:\/\/riding.zandona.net\/wp-content\/uploads\/sites\/5\/2024\/10\/TRASPIRANTE_Advertising_Carbon_PRO_Tendon.jpg\" class=\"attachment-full size-full wp-image-23747\" alt=\"\" \/><\/figure><div class=\"elementor-image-box-content\"><p class=\"elementor-image-box-description\">Die Zandon\u00e0 Kollektion ist vollst\u00e4ndig ATMUNGSAKTIV, um das WOHLBEFINDEN des Sehnensystems des Pferdes zu f\u00f6rdern und eine \u00dcberhitzung der Gliedma\u00dfen zu verhindern.\n\n<\/p><\/div><\/div>\t\t\t\t<\/div>\n\t\t\t\t<\/div>\n\t\t\t\t<div class=\"elementor-element elementor-element-33b3582 elementor-widget__width-initial elementor-position-top elementor-widget elementor-widget-image-box\" data-id=\"33b3582\" data-element_type=\"widget\" data-widget_type=\"image-box.default\">\n\t\t\t\t<div class=\"elementor-widget-container\">\n\t\t\t\t\t<div class=\"elementor-image-box-wrapper\"><figure class=\"elementor-image-box-img\"><img decoding=\"async\" width=\"1080\" height=\"1080\" src=\"https:\/\/riding.zandona.net\/wp-content\/uploads\/sites\/5\/2024\/10\/PERFECT_FIT_Advertising_Carbon_PRO_Tendon_1.jpg\" class=\"attachment-full size-full wp-image-23748\" alt=\"\" \/><\/figure><div class=\"elementor-image-box-content\"><p class=\"elementor-image-box-description\">Die Gamaschen Zandon\u00e0 bieten ein Maximum an PASSFORM und Komfort, da wir die Form der Gliedma\u00dfen des Pferdes PERFEKT nachgebildet haben. Wir haben keine Kompromisse eingegangen: Jede Gr\u00f6\u00dfe in unserem Sortiment wurde ERGONOMISCH f\u00fcr die beste Leistung entwickelt, wobei in jeder Hinsicht auf das Wohlbefinden der Gliedma\u00dfen des Pferdes geachtet wurde.<\/p><\/div><\/div>\t\t\t\t<\/div>\n\t\t\t\t<\/div>\n\t\t\t\t<div class=\"elementor-element elementor-element-5a40e4b elementor-widget__width-initial elementor-position-top elementor-widget elementor-widget-image-box\" data-id=\"5a40e4b\" data-element_type=\"widget\" data-widget_type=\"image-box.default\">\n\t\t\t\t<div class=\"elementor-widget-container\">\n\t\t\t\t\t<div class=\"elementor-image-box-wrapper\"><figure class=\"elementor-image-box-img\"><img loading=\"lazy\" decoding=\"async\" width=\"1080\" height=\"1080\" src=\"https:\/\/riding.zandona.net\/wp-content\/uploads\/sites\/5\/2024\/10\/CARBON_PRO_PROTECTION_Advertising.jpg\" class=\"attachment-full size-full wp-image-23749\" alt=\"\" \/><\/figure><div class=\"elementor-image-box-content\"><p class=\"elementor-image-box-description\">Die LEISTUNG und Leichtigkeit von KOHNLESTOFF f\u00fcr den besten Schutz Ihres Pferdes.<\/p><\/div><\/div>\t\t\t\t<\/div>\n\t\t\t\t<\/div>\n\t\t\t\t<div class=\"elementor-element elementor-element-05198d0 elementor-widget__width-initial elementor-position-top elementor-widget elementor-widget-image-box\" data-id=\"05198d0\" data-element_type=\"widget\" data-widget_type=\"image-box.default\">\n\t\t\t\t<div class=\"elementor-widget-container\">\n\t\t\t\t\t<div class=\"elementor-image-box-wrapper\"><figure class=\"elementor-image-box-img\"><img loading=\"lazy\" decoding=\"async\" width=\"1080\" height=\"1080\" src=\"https:\/\/riding.zandona.net\/wp-content\/uploads\/sites\/5\/2024\/10\/5.png\" class=\"attachment-full size-full wp-image-23750\" alt=\"\" \/><\/figure><div class=\"elementor-image-box-content\"><p class=\"elementor-image-box-description\">F\u00fcr uns muss die perfekte Dressur Gamaschen sicherstellen: die beste UNTERST\u00dcTZUNG w\u00e4hrend des Gebrauchs, den h\u00f6chsten SCHUTZ vor St\u00f6\u00dfen und eine ELEGANZ, die dieser Disziplin w\u00fcrdig ist.\n\n<\/p><\/div><\/div>\t\t\t\t<\/div>\n\t\t\t\t<\/div>\n\t\t\t\t<div class=\"elementor-element elementor-element-71f0f47 elementor-widget__width-initial elementor-position-top elementor-widget elementor-widget-image-box\" data-id=\"71f0f47\" data-element_type=\"widget\" data-widget_type=\"image-box.default\">\n\t\t\t\t<div class=\"elementor-widget-container\">\n\t\t\t\t\t<div class=\"elementor-image-box-wrapper\"><figure class=\"elementor-image-box-img\"><img loading=\"lazy\" decoding=\"async\" width=\"1080\" height=\"1080\" src=\"https:\/\/riding.zandona.net\/wp-content\/uploads\/sites\/5\/2024\/10\/6.png\" class=\"attachment-full size-full wp-image-23751\" alt=\"\" \/><\/figure><div class=\"elementor-image-box-content\"><p class=\"elementor-image-box-description\">Suchen Sie Hochleistungs Gamaschen, ohne auf den Eleganz Faktor zu verzichten? King Carbon Air ist die Gamasche, welche die ELEGANZ der Dressur mit den f\u00fcr Zandon\u00e0 Gamaschen typischen modernen TECHNOLOGIEN kombiniert.<\/p><\/div><\/div>\t\t\t\t<\/div>\n\t\t\t\t<\/div>\n\t\t\t\t<div class=\"elementor-element elementor-element-8e46d07 elementor-widget__width-initial elementor-position-top elementor-widget elementor-widget-image-box\" data-id=\"8e46d07\" data-element_type=\"widget\" data-widget_type=\"image-box.default\">\n\t\t\t\t<div class=\"elementor-widget-container\">\n\t\t\t\t\t<div class=\"elementor-image-box-wrapper\"><figure class=\"elementor-image-box-img\"><img loading=\"lazy\" decoding=\"async\" width=\"1080\" height=\"1080\" src=\"https:\/\/riding.zandona.net\/wp-content\/uploads\/sites\/5\/2024\/10\/CARBON_PRO_SENSITIVE__Advertising.jpg\" class=\"attachment-full size-full wp-image-23752\" alt=\"\" \/><\/figure><div class=\"elementor-image-box-content\"><p class=\"elementor-image-box-description\">Die neue Sensitive + Linie wird komplett in ECHT MERINO WOLLE hergestellt, jedoch OHNE LEDER. Dieser innovative Ansatz verl\u00e4ngert die Lebensdauer des Produkts und vereinfacht seine Wartung, ohne die hervorragenden Eigenschaften dieses nat\u00fcrlichen Materials (Hypoallergenen und Temperaturregler) im Vergleich zu Produkten mit Kunstfell zu beeintr\u00e4chtigen.<\/p><\/div><\/div>\t\t\t\t<\/div>\n\t\t\t\t<\/div>\n\t\t\t\t<div class=\"elementor-element elementor-element-a0b0769 elementor-widget__width-initial elementor-position-top elementor-widget elementor-widget-image-box\" data-id=\"a0b0769\" data-element_type=\"widget\" data-widget_type=\"image-box.default\">\n\t\t\t\t<div class=\"elementor-widget-container\">\n\t\t\t\t\t<div class=\"elementor-image-box-wrapper\"><figure class=\"elementor-image-box-img\"><img loading=\"lazy\" decoding=\"async\" width=\"1080\" height=\"1080\" src=\"https:\/\/riding.zandona.net\/wp-content\/uploads\/sites\/5\/2024\/10\/10.png\" class=\"attachment-full size-full wp-image-23753\" alt=\"\" \/><\/figure><div class=\"elementor-image-box-content\"><p class=\"elementor-image-box-description\">Die Zandon\u00e0 SUPERIOR Air Palette ist ein au\u00dfergew\u00f6hnlicher Verb\u00fcndeter und von Hohe QUALIT\u00c4T zum Schutz Ihres Pferdes. Kombination aus perfekter Passform, Gel-Tech und Atmungsaktivit\u00e4t.\n\n<\/p><\/div><\/div>\t\t\t\t<\/div>\n\t\t\t\t<\/div>\n\t\t\t\t<div class=\"elementor-element elementor-element-89c68a5 elementor-widget__width-initial elementor-position-top elementor-widget elementor-widget-image-box\" data-id=\"89c68a5\" data-element_type=\"widget\" data-widget_type=\"image-box.default\">\n\t\t\t\t<div class=\"elementor-widget-container\">\n\t\t\t\t\t<div class=\"elementor-image-box-wrapper\"><figure class=\"elementor-image-box-img\"><img loading=\"lazy\" decoding=\"async\" width=\"1080\" height=\"1080\" src=\"https:\/\/riding.zandona.net\/wp-content\/uploads\/sites\/5\/2024\/10\/14.png\" class=\"attachment-full size-full wp-image-23754\" alt=\"\" \/><\/figure><div class=\"elementor-image-box-content\"><p class=\"elementor-image-box-description\">HART ARBEITEN im Training, TRIUMPHIEREN im Wettkampf, ENTSPANNEN SIE SICH IN SICHERHEIT mit Turnout Boots Air.\n\n<\/p><\/div><\/div>\t\t\t\t<\/div>\n\t\t\t\t<\/div>\n\t\t\t\t<div class=\"elementor-element elementor-element-0e354fb elementor-widget__width-initial elementor-position-top elementor-widget elementor-widget-image-box\" data-id=\"0e354fb\" data-element_type=\"widget\" data-widget_type=\"image-box.default\">\n\t\t\t\t<div class=\"elementor-widget-container\">\n\t\t\t\t\t<div class=\"elementor-image-box-wrapper\"><figure class=\"elementor-image-box-img\"><img loading=\"lazy\" decoding=\"async\" width=\"960\" height=\"960\" src=\"https:\/\/riding.zandona.net\/wp-content\/uploads\/sites\/5\/2024\/10\/11.png\" class=\"attachment-full size-full wp-image-23755\" alt=\"\" \/><\/figure><div class=\"elementor-image-box-content\"><p class=\"elementor-image-box-description\">K\u00dcMMERST du dich richtig um dein Pferd? VERHINDERN Sie Beschwerden, indem Sie diese besonderen magnetischen Ruhegamaschen verwenden. Sie arbeiten an den Reflexzonen-Meridianen des Pferdes und wurden sorgf\u00e4ltig untersucht, um ein Produkt wie kein anderes auf dem Markt zu erzielen, das dem Pferd viele au\u00dfergew\u00f6hnliche Vorteile bietet.\n\n<\/p><\/div><\/div>\t\t\t\t<\/div>\n\t\t\t\t<\/div>\n\t\t\t\t<div class=\"elementor-element elementor-element-b4d1540 elementor-widget__width-initial elementor-position-top elementor-widget elementor-widget-image-box\" data-id=\"b4d1540\" data-element_type=\"widget\" data-widget_type=\"image-box.default\">\n\t\t\t\t<div class=\"elementor-widget-container\">\n\t\t\t\t\t<div class=\"elementor-image-box-wrapper\"><figure class=\"elementor-image-box-img\"><img loading=\"lazy\" decoding=\"async\" width=\"1080\" height=\"1080\" src=\"https:\/\/riding.zandona.net\/wp-content\/uploads\/sites\/5\/2024\/10\/12.png\" class=\"attachment-full size-full wp-image-23756\" alt=\"\" \/><\/figure><div class=\"elementor-image-box-content\"><p class=\"elementor-image-box-description\">Wussten Sie, dass die Bewegung des Pferdes den Brutkreislauf durch einen \"Pumpeffekt\" der Hufe anregt, aber wenn die Pferde im Stall ruhen, ist dieser Effekt sehr gering? Dies kann zu Unwohlsein und \/ oder Pathologien f\u00fchren. Geben Sie Ihrem Pferd die notwendige KARDIOVASKUL\u00c4RE UNTERST\u00dcTZUNG mit Therapeutic Support Boots Air. Dank ihrer Magneten regen sie den Brutkreislauf an und helfen Ihrem Pferd t\u00e4glich.\n\n<\/p><\/div><\/div>\t\t\t\t<\/div>\n\t\t\t\t<\/div>\n\t\t\t\t<div class=\"elementor-element elementor-element-6c55c75 elementor-widget__width-initial elementor-position-top elementor-widget elementor-widget-image-box\" data-id=\"6c55c75\" data-element_type=\"widget\" data-widget_type=\"image-box.default\">\n\t\t\t\t<div class=\"elementor-widget-container\">\n\t\t\t\t\t<div class=\"elementor-image-box-wrapper\"><figure class=\"elementor-image-box-img\"><img loading=\"lazy\" decoding=\"async\" width=\"1080\" height=\"1080\" src=\"https:\/\/riding.zandona.net\/wp-content\/uploads\/sites\/5\/2024\/10\/13.png\" class=\"attachment-full size-full wp-image-23757\" alt=\"\" \/><\/figure><div class=\"elementor-image-box-content\"><p class=\"elementor-image-box-description\">Sie erwarten von Ihrem Pferd die beste Leistung, stellen Sie jedoch auch sicher, dass es optimal ruht? Durch die Wirkung auf die Reflexzonen Meridiane des Pferdes k\u00f6nnen die besonderen Magneten der Therapeutic Support Boot Air die Schwellung vor und nach dem Training gegen Krankheit und Schmerz reduzieren. Wie? Durch die Anregung des Brutkreislaufs der \"Synovialfl\u00fcssigkeit\".\n<\/p><\/div><\/div>\t\t\t\t<\/div>\n\t\t\t\t<\/div>\n\t\t\t\t<div class=\"elementor-element elementor-element-eac5b43 elementor-widget__width-inherit elementor-widget elementor-widget-heading\" data-id=\"eac5b43\" data-element_type=\"widget\" data-widget_type=\"heading.default\">\n\t\t\t\t<div class=\"elementor-widget-container\">\n\t\t\t\t\t<h1 class=\"elementor-heading-title elementor-size-default\">Don't be the same, be the best! <\/h1>\t\t\t\t<\/div>\n\t\t\t\t<\/div>\n\t\t\t\t\t<\/div>\n\t\t\t\t<\/div>\n\t\t\t\t<\/div>\n\t\t","protected":false},"excerpt":{"rendered":"<p>Unsere Qualit\u00e4t im Dienste Ihrer Leidenschaft Fortschrittlicher Schutz f\u00fcr Pferde und Jockeys, entwickelt mit Technologie der neuesten Generation und hochwertigen Materialien. 100% ITALIENISCHES PRODUKT: Spitzenqualit\u00e4t, intelligentes<span class=\"excerpt-hellip\"> [\u2026]<\/span><\/p>\n","protected":false},"author":1,"featured_media":0,"parent":0,"menu_order":0,"comment_status":"closed","ping_status":"closed","template":"elementor_header_footer","meta":{"footnotes":""},"class_list":["post-23730","page","type-page","status-publish","hentry"],"_links":{"self":[{"href":"https:\/\/riding.zandona.net\/de\/wp-json\/wp\/v2\/pages\/23730","targetHints":{"allow":["GET"]}}],"collection":[{"href":"https:\/\/riding.zandona.net\/de\/wp-json\/wp\/v2\/pages"}],"about":[{"href":"https:\/\/riding.zandona.net\/de\/wp-json\/wp\/v2\/types\/page"}],"author":[{"embeddable":true,"href":"https:\/\/riding.zandona.net\/de\/wp-json\/wp\/v2\/users\/1"}],"replies":[{"embeddable":true,"href":"https:\/\/riding.zandona.net\/de\/wp-json\/wp\/v2\/comments?post=23730"}],"version-history":[{"count":7,"href":"https:\/\/riding.zandona.net\/de\/wp-json\/wp\/v2\/pages\/23730\/revisions"}],"predecessor-version":[{"id":23784,"href":"https:\/\/riding.zandona.net\/de\/wp-json\/wp\/v2\/pages\/23730\/revisions\/23784"}],"wp:attachment":[{"href":"https:\/\/riding.zandona.net\/de\/wp-json\/wp\/v2\/media?parent=23730"}],"curies":[{"name":"wp","href":"https:\/\/api.w.org\/{rel}","templated":true}]}}