{"id":23789,"date":"2024-04-23T17:00:50","date_gmt":"2024-04-23T15:00:50","guid":{"rendered":"https:\/\/riding.zandona.net\/cookie\/"},"modified":"2024-11-22T16:11:20","modified_gmt":"2024-11-22T15:11:20","slug":"cookie","status":"publish","type":"page","link":"https:\/\/riding.zandona.net\/de\/cookie\/","title":{"rendered":"Cookie"},"content":{"rendered":"\t\t<div data-elementor-type=\"wp-page\" data-elementor-id=\"23789\" class=\"elementor elementor-23789 elementor-107\" data-elementor-post-type=\"page\">\n\t\t\t\t<div class=\"elementor-element elementor-element-d939ffe e-flex e-con-boxed e-con e-parent\" data-id=\"d939ffe\" data-element_type=\"container\">\n\t\t\t\t\t<div class=\"e-con-inner\">\n\t\t<div class=\"elementor-element elementor-element-cc997f0 e-con-full e-flex e-con e-child\" data-id=\"cc997f0\" data-element_type=\"container\">\n\t\t\t\t<div class=\"elementor-element elementor-element-c1ee0b3 elementor-toc--content-ellipsis elementor-widget__width-initial elementor-widget elementor-widget-table-of-contents\" data-id=\"c1ee0b3\" data-element_type=\"widget\" data-settings=\"{&quot;headings_by_tags&quot;:[&quot;h3&quot;],&quot;exclude_headings_by_selector&quot;:[],&quot;marker_view&quot;:&quot;bullets&quot;,&quot;icon&quot;:{&quot;value&quot;:&quot;&quot;,&quot;library&quot;:&quot;&quot;},&quot;no_headings_message&quot;:&quot;Es wurden keine \\u00dcberschriften auf dieser Seite gefunden.&quot;,&quot;hierarchical_view&quot;:&quot;yes&quot;,&quot;min_height&quot;:{&quot;unit&quot;:&quot;px&quot;,&quot;size&quot;:&quot;&quot;,&quot;sizes&quot;:[]},&quot;min_height_tablet&quot;:{&quot;unit&quot;:&quot;px&quot;,&quot;size&quot;:&quot;&quot;,&quot;sizes&quot;:[]},&quot;min_height_mobile&quot;:{&quot;unit&quot;:&quot;px&quot;,&quot;size&quot;:&quot;&quot;,&quot;sizes&quot;:[]}}\" data-widget_type=\"table-of-contents.default\">\n\t\t\t\t<div class=\"elementor-widget-container\">\n\t\t\t\t\t\t\t\t\t<div class=\"elementor-toc__header\">\n\t\t\t\t\t\t<h3 class=\"elementor-toc__header-title\">\n\t\t\t\tIndex\t\t\t<\/h3>\n\t\t\t\t\t\t\t\t<\/div>\n\t\t\t\t<div id=\"elementor-toc__c1ee0b3\" class=\"elementor-toc__body\">\n\t\t\t<div class=\"elementor-toc__spinner-container\">\n\t\t\t\t<svg class=\"elementor-toc__spinner eicon-animation-spin e-font-icon-svg e-eicon-loading\" aria-hidden=\"true\" viewBox=\"0 0 1000 1000\" xmlns=\"http:\/\/www.w3.org\/2000\/svg\"><path d=\"M500 975V858C696 858 858 696 858 500S696 142 500 142 142 304 142 500H25C25 237 238 25 500 25S975 237 975 500 763 975 500 975Z\"><\/path><\/svg>\t\t\t<\/div>\n\t\t<\/div>\n\t\t\t\t\t\t<\/div>\n\t\t\t\t<\/div>\n\t\t\t\t<div class=\"elementor-element elementor-element-a150235 elementor-widget__width-initial elementor-widget elementor-widget-text-editor\" data-id=\"a150235\" data-element_type=\"widget\" data-widget_type=\"text-editor.default\">\n\t\t\t\t<div class=\"elementor-widget-container\">\n\t\t\t\t\t\t\t\t\t<h3>WAS IST EIN COOKIE UND WOF\u00dcR WIRD ES VERWENDET?<\/h3><p>Ein Cookie ist eine kleine Textzeichenfolge, die eine Webseite an den Browser sendet und beim Besuch von Webseite auf Ihrem Computer speichert. Cookies werden verwendet, um Webseite effizienter zu machen, ihre Leistung zu verbessern, aber auch um den Verantwortlichen der Webseite Informationen bereitzustellen.<\/p><h3>WELCHE ART VON COOKIES VERWENDET DIESE WEBSEITE UND ZU WELCHEM ZWECK?<\/h3><p>Unsere Webseite verwendet verschiedene Arten von Cookies, von denen jedes eine bestimmte Funktion hat, wie in der folgenden Tabelle angegeben: \u00a0<\/p><table><tbody><tr><td><p>ARTEN VON COOKIES<\/p><\/td><td><p>FUNKTION<\/p><\/td><\/tr><tr><td><p>Navigations Cookies<\/p><\/td><td><p>Mit diesen Cookies kann die Webseite richtig funktionieren und sie sind<br \/>\u00a0benutzen um Informationen \u00fcber die Nutzung der Webseite durch Besucher zu<br \/>sammeln. Diese Informationen werden verwendet, um Berichte zu erstellen und<br \/>die Webseite zu verbessern. Die Cookies sammeln Informationen auf anonyme Weise, <br \/>einschlie\u00dflich der Anzahl des Besuchers von der Webseite, von denen die<br \/>Besucher gekommen sind, und der Seiten, die Sie besucht haben.<\/p><\/td><\/tr><tr><td><p>Analytische Cookies<\/p><\/td><td><p>Diese Cookies werden beilspielweise von Google Analytics verwendet, um<br \/>statistische Analysen dar\u00fcber zu verarbeiten, wie Benutzer durch Computer<br \/>oder Mobile Anwendungen auf der Webseite navigieren, wie viele Seiten<br \/>besucht wurden oder wie viele Klicks beim Surfen auf einer Webseite get\u00e4tigt<br \/>wurden. Klicken Sie hier f\u00fcr \u00dcberblick \u00fcber den Datenschutz von Google-Cookies.<\/p><\/td><\/tr><tr><td><p>Cookies von Drittanbieten<\/p><\/td><td><p>Diese Cookies werden von Drittanbieterunternehmen verwendet. Die<br \/>Verwendung dieser Cookies bedeutet normalerweise nicht die Verarbeitung <br \/>Personenbezogenen Daten. Cookies von Drittanbietern stammen aus Anzeigen<br \/>von anderen Webseite z.B. Werbebotschaften, die auf der angezeigten<br \/>Webseite vorhanden sind. Sie k\u00f6nnen verwendet werden, um die Nutzung der<br \/>Webseite f\u00fcr Marketingzwecke aufzuzeichnen.<\/p><\/td><\/tr><\/tbody><\/table><h3>WIE KANN ICH COOKIES DEAKTIVIEREN?<\/h3><p>Die meisten Browser (Internet Explorer, Firefox usw.) sind so konfiguriert, dass sie Cookies akzeptieren. In den meisten Browsern k\u00f6nnen Sie Cookies jedoch \u00fcber Ihre Browsereinstellungen steuern und sogar deaktivieren. Wir erinnern Sie jedoch daran, dass das Deaktivieren von Navigations- oder Funktionscookies zu Fehlfunktionen der Webseite f\u00fchren und \/ oder den angebotenen Dienst einschr\u00e4nken kann. Befolgen Sie zum \u00c4ndern der Einstellungen die Anweisungen der verschiedenen Browser, die Sie unter &#8220;Optionen&#8221; oder &#8220;Einstellungen&#8221; finden. Um mehr \u00fcber Cookies zu erfahren, lesen Sie die <a href=\"http:\/\/ec.europa.eu\/ipg\/basics\/legal\/cookies\/index_en.htm#section_2\" target=\"_blank\" rel=\"noopener\">Gesetzgebung<\/a>.<\/p>\t\t\t\t\t\t\t\t<\/div>\n\t\t\t\t<\/div>\n\t\t\t\t<\/div>\n\t\t\t\t\t<\/div>\n\t\t\t\t<\/div>\n\t\t\t\t<\/div>\n\t\t","protected":false},"excerpt":{"rendered":"<p>Index WAS IST EIN COOKIE UND WOF\u00dcR WIRD ES VERWENDET? Ein Cookie ist eine kleine Textzeichenfolge, die eine Webseite an den Browser sendet und beim Besuch<span class=\"excerpt-hellip\"> [\u2026]<\/span><\/p>\n","protected":false},"author":1,"featured_media":0,"parent":0,"menu_order":0,"comment_status":"closed","ping_status":"closed","template":"elementor_header_footer","meta":{"footnotes":""},"class_list":["post-23789","page","type-page","status-publish","hentry"],"_links":{"self":[{"href":"https:\/\/riding.zandona.net\/de\/wp-json\/wp\/v2\/pages\/23789","targetHints":{"allow":["GET"]}}],"collection":[{"href":"https:\/\/riding.zandona.net\/de\/wp-json\/wp\/v2\/pages"}],"about":[{"href":"https:\/\/riding.zandona.net\/de\/wp-json\/wp\/v2\/types\/page"}],"author":[{"embeddable":true,"href":"https:\/\/riding.zandona.net\/de\/wp-json\/wp\/v2\/users\/1"}],"replies":[{"embeddable":true,"href":"https:\/\/riding.zandona.net\/de\/wp-json\/wp\/v2\/comments?post=23789"}],"version-history":[{"count":3,"href":"https:\/\/riding.zandona.net\/de\/wp-json\/wp\/v2\/pages\/23789\/revisions"}],"predecessor-version":[{"id":23793,"href":"https:\/\/riding.zandona.net\/de\/wp-json\/wp\/v2\/pages\/23789\/revisions\/23793"}],"wp:attachment":[{"href":"https:\/\/riding.zandona.net\/de\/wp-json\/wp\/v2\/media?parent=23789"}],"curies":[{"name":"wp","href":"https:\/\/api.w.org\/{rel}","templated":true}]}}