{"id":23865,"date":"2024-05-03T16:53:17","date_gmt":"2024-05-03T14:53:17","guid":{"rendered":"https:\/\/riding.zandona.net\/diritto-di-recesso\/"},"modified":"2025-03-25T11:48:24","modified_gmt":"2025-03-25T10:48:24","slug":"widerrufsrecht-und-ruckgabe","status":"publish","type":"page","link":"https:\/\/riding.zandona.net\/de\/widerrufsrecht-und-ruckgabe\/","title":{"rendered":"Widerrufsrecht und R\u00fcckgabe"},"content":{"rendered":"\t\t<div data-elementor-type=\"wp-page\" data-elementor-id=\"23865\" class=\"elementor elementor-23865 elementor-435\" data-elementor-post-type=\"page\">\n\t\t\t\t<div class=\"elementor-element elementor-element-8980941 e-flex e-con-boxed e-con e-parent\" data-id=\"8980941\" data-element_type=\"container\">\n\t\t\t\t\t<div class=\"e-con-inner\">\n\t\t<div class=\"elementor-element elementor-element-bc887da e-con-full e-flex e-con e-child\" data-id=\"bc887da\" data-element_type=\"container\">\n\t\t\t\t<div class=\"elementor-element elementor-element-8fd66f9 elementor-widget__width-initial elementor-widget elementor-widget-text-editor\" data-id=\"8fd66f9\" data-element_type=\"widget\" data-widget_type=\"text-editor.default\">\n\t\t\t\t<div class=\"elementor-widget-container\">\n\t\t\t\t\t\t\t\t\t<h4>R\u00dcCKTRITTSRECHTE<\/h4>\n<ol>\n<li>In \u00dcbereinstimmung mit den Informationspflichten gem\u00e4\u00df Artikel 52 Absatz 1 Buchstaben (f) und (g) des Verbrauchergesetzbuches geben die nachfolgenden Ziffern die Bedingungen f\u00fcr die R\u00fccktrittsrechte zugunsten den Kunden an, die im gleichen Verbrauchergesetzbuch geregelt sind.<\/li>\n<li>Das Widerrufsrecht gilt nur f\u00fcr Privatkunden. Kunden, die mit Mehrwertsteuer-Identifikationsnummer kaufen, k\u00f6nnen das Widerrufsrecht nicht aus\u00fcben. Gem\u00e4\u00df der Artikel n. 64 und folgende des Gesetzesdekrets n. 206\/2005, wenn der Kunde ein Verbraucher ist (d. h. eine nat\u00fcrliche Person, die die Ware f\u00fcr Zwecke kauft, die nicht im Zusammenhang mit ihrer beruflichen T\u00e4tigkeit stehen, oder den Kauf nicht unter Angabe einer MwSt. -Nr. im Bestellformular t\u00e4tigt), hat er das Recht dazu vom Kaufvertrag aus irgendeinem Grund zur\u00fccktreten.<\/li>\n<li><strong>Anweisungen f\u00fcr die Ausf\u00fchrung des R\u00fccktrittsrechtes in den im Verbrauchergesetzbuches vorgesehen F\u00e4llen:<\/strong><\/li>\n<\/ol>\n<p>In \u00dcbereinstimmung mit den Bestimmungen des Verbrauchergesetzes hat der Kunde das Recht, vom Vertrag zur\u00fcckzutreten, gem\u00e4\u00df den in diesem Abschnitt festgelegten Bedingungen und Fristen.<\/p>\n<p>Wenn Sie von diesem R\u00fccktrittsrecht Gebrauch machen wollen, m\u00fcssen Sie innerhalb von 14 (vierzehn) Werktagen ab dem Datum der Lieferung des Produkts (bei Mehrfachlieferung ab dem Datum der letzten Teillieferung) eine besondere Mitteilung (ohne Angabe von Gr\u00fcnden) per Einschreiben mit Empfangsbest\u00e4tigung oder per E-Mail senden, sofern Sie innerhalb von 48 (achtundvierzig) Stunden danach diese per Einschreiben mit Empfangsbest\u00e4tigung an die unten aufgef\u00fchrten Adressen best\u00e4tigt wird.<\/p>\n<p>Im Falle der Aus\u00fcbung des R\u00fccktrittsrechtes ist der Kunde verpflichtet, das Produkt innerhalb von 30 (drei\u00dfig) Tagen ab dem Datum der Lieferung an Zandon\u00e0 an die untenstehende Adresse zur\u00fcckzusenden.<\/p>\n<ul>\n<li>Die Versandkosten f\u00fcr die R\u00fccksendung der Ware gehen zu Lasten des Kunden.<\/li><li>Im Falle von R\u00fccksendungen aus Nicht-EU-L\u00e4ndern gehen eventuelle Zollgeb\u00fchren sowie alle weiteren von Zandon\u00e0 f\u00fcr die R\u00fcckf\u00fchrung der Ware getragenen Kosten vollst\u00e4ndig zu Lasten des Kunden und werden daher von der R\u00fcckerstattung ausgeschlossen.<\/li>\n<li>Der Versand, bis zur Empfangsbest\u00e4tigung in unserem Lager unterliegt der vollst\u00e4ndigen Verantwortung des Kunden.<\/li>\n<\/ul>\n<p>Die wesentliche Unversehrtheit des zur\u00fcckzusendenden Produkts ist eine wesentliche Voraussetzung f\u00fcr die Aus\u00fcbung des R\u00fccktrittsrechtes. Es gen\u00fcgt jedoch, dass das Gut in einem normalen Erhaltungszustand zur\u00fcckgegeben wird, da es mit der \u00fcblichen Sorgfalt aufbewahrt wurde.<\/p>\n<p><strong>Die R\u00fccktrittserkl\u00e4rung ist zu richten an:<br><\/strong>Zandon\u00e0 Srl<br>Via Altivole 35\/A-31031 Caerano di San Marco (TV)- Italy<br>E-Mail: <a href=\"mailto:customercare@zandona.net\">customercare@zandona.net<\/a><\/p>\n<p><strong>Die Produkte m\u00fcssen zur\u00fcckgeschickt werden an:<br><\/strong>Zandon\u00e0 Srl<br>Via Altivole 35\/A-31031 Caerano di San Marco (TV)- Italy<br>E-Mail: <a href=\"mailto:customercare@zandona.net\">customercare@zandona.net<\/a><\/p>\n<p><strong>Folgen des R\u00fccktritts <\/strong><\/p>\n<p>Falls hat der Kunde von seinem R\u00fccktritt gem\u00e4\u00df den Bestimmungen dieser Verkaufsbedingungen Gebrauch gemacht, sind die Leistungen, die an den Kunden und \/ oder von Zandon\u00e0 bereits erhaltenen zur\u00fcckzugeben. Die R\u00fcckerstattung des vom Kunden gezahlten Preises erfolgt durch Zandon\u00e0, sofern das Produkt vom Kunden innerhalb von 30 (drei\u00dfig) Tagen nach Erhalt der R\u00fccktrittserkl\u00e4rung oder, falls fr\u00fcher, ab dem Zeitpunkt, an dem Zandon\u00e0 vom Kunden zur\u00fcckgegebene Produkt erhalten hat. Die Risiken, die mit der Zerst\u00f6rung oder Besch\u00e4digung der Produkte w\u00e4hrend des Transports verbunden sind, gehen zu Lasten des K\u00fcndens, wobei dann ausgegangen wird, dass in diesem Fall die Produkte nicht als intakt betrachtet werden und der R\u00fccktritt nicht wirksam ist. Die verbundenen Versandkosten von der R\u00fccksendung der Ware gehen zu Lasten des Kunden.<\/p>\n<ol start=\"4\">\n<li><strong><strong>Im Fall von der Kunde von seinem R\u00fccktritt Gebrauch machen m\u00f6chte, m\u00fcssen die Produkte zur\u00fcckzugeben:<\/strong><\/strong><\/li>\n<\/ol>\n<ul>\n<li>korrekt verpackt in der Originalverpackung, in einwandfreiem Zustand f\u00fcr den Wiederverkauf (nicht besch\u00e4digt oder verschmutzt) und mit allem Zubeh\u00f6r, Gebrauchsanweisung und Dokumentation ausgestattet werden;<\/li>\n<li>aus dem Bef\u00f6rderungspapier (in der Originalverpackung), damit Zandon\u00e0 den Kunden identifizieren kann (Bestellnummer, Vorname, Nachname und Anschrift);<\/li>\n<li>Ohne offensichtliche Gebrauchsspuren mit Ausnahme derjenigen , die mit der Durchf\u00fchrung einer normalen Pr\u00fcfung des Produkts vereinbar sind. Das hei\u00dft, sie d\u00fcrfen keine Spuren eines l\u00e4ngeren Gebrauchs aufweise, der die eine f\u00fcr Pr\u00fcfung erforderliche Zeit \u00fcberschreitet, und d\u00fcrfen sich in einem Zustand befinden, der einen nicht zul\u00e4sst.<\/li>\n<li>Im Falle einer Besch\u00e4digung der Ware w\u00e4hrend des Transports wird Zandon\u00e0 den Kunden \u00fcber den Vorfall informieren (innerhalb von 5 Werktagen nach Erhalt der Ware), damit er den von ihm gew\u00e4hlten Kurier unverz\u00fcglich anzeigen und die R\u00fcckerstattung des Wertes der Ware (falls versichert) erhalten kann. In diesem Fall wird das Produkt dem Kunden f\u00fcr die R\u00fccksendung zur Verf\u00fcgung gestellt und gleichzeitig die R\u00fccktrittsanfrage annulliert;<\/li>\n<li>Zandon\u00e0 haftet in keiner Weise f\u00fcr Besch\u00e4digung oder Diebstahl \/ Verlust von Waren, die von nicht versicherten Sendungen zur\u00fcckgesandt werden.<\/li>\n<\/ul>\n<p>Wenn das zur\u00fcckgegebene Produkt nicht den Anforderungen des vorherigen Absatzes entspricht, wird der R\u00fccktritt nicht wirksam.<\/p>\n<p><strong>Diese Verkaufsbedingungenen stellen urheberrechtlich gesch\u00fctztes geistiges Eigentum dar. Sie d\u00fcrfen weder ganz noch teilweise von Dritten zu kommerziellen Zwecken verwendet werden. Eventuelle Verst\u00f6\u00dfe werden strafrechtlich verfolgt.<\/strong><\/p>\t\t\t\t\t\t\t\t<\/div>\n\t\t\t\t<\/div>\n\t\t\t\t<\/div>\n\t\t\t\t\t<\/div>\n\t\t\t\t<\/div>\n\t\t\t\t<\/div>\n\t\t","protected":false},"excerpt":{"rendered":"<p>R\u00dcCKTRITTSRECHTE In \u00dcbereinstimmung mit den Informationspflichten gem\u00e4\u00df Artikel 52 Absatz 1 Buchstaben (f) und (g) des Verbrauchergesetzbuches geben die nachfolgenden Ziffern die Bedingungen f\u00fcr die R\u00fccktrittsrechte<span class=\"excerpt-hellip\"> [\u2026]<\/span><\/p>\n","protected":false},"author":1,"featured_media":0,"parent":0,"menu_order":0,"comment_status":"closed","ping_status":"closed","template":"elementor_header_footer","meta":{"footnotes":""},"class_list":["post-23865","page","type-page","status-publish","hentry"],"_links":{"self":[{"href":"https:\/\/riding.zandona.net\/de\/wp-json\/wp\/v2\/pages\/23865","targetHints":{"allow":["GET"]}}],"collection":[{"href":"https:\/\/riding.zandona.net\/de\/wp-json\/wp\/v2\/pages"}],"about":[{"href":"https:\/\/riding.zandona.net\/de\/wp-json\/wp\/v2\/types\/page"}],"author":[{"embeddable":true,"href":"https:\/\/riding.zandona.net\/de\/wp-json\/wp\/v2\/users\/1"}],"replies":[{"embeddable":true,"href":"https:\/\/riding.zandona.net\/de\/wp-json\/wp\/v2\/comments?post=23865"}],"version-history":[{"count":8,"href":"https:\/\/riding.zandona.net\/de\/wp-json\/wp\/v2\/pages\/23865\/revisions"}],"predecessor-version":[{"id":30966,"href":"https:\/\/riding.zandona.net\/de\/wp-json\/wp\/v2\/pages\/23865\/revisions\/30966"}],"wp:attachment":[{"href":"https:\/\/riding.zandona.net\/de\/wp-json\/wp\/v2\/media?parent=23865"}],"curies":[{"name":"wp","href":"https:\/\/api.w.org\/{rel}","templated":true}]}}