{"id":18317,"date":"2024-11-06T16:39:44","date_gmt":"2024-11-06T15:39:44","guid":{"rendered":"https:\/\/riding.zandona.net\/shop\/unkategorisiert\/netcube-back-pro-x6-7-8\/"},"modified":"2024-11-07T10:52:55","modified_gmt":"2024-11-07T09:52:55","slug":"netcube-back-pro-x6-7-8","status":"publish","type":"product","link":"https:\/\/riding.zandona.net\/de\/shop\/reiter\/erwaschene-reiter-protektoren\/rueckenprotektoren\/netcube-back-pro-x6-7-8\/","title":{"rendered":"NETCUBE BACK PRO x6-7-8"},"content":{"rendered":"<p>NETCUBE BACK PRO ist ein Niveau 2 (EN 1621-2) zertifizierter R\u00fcckenprotektor, der mit unserer exklusiven Net3-Technologie ausgestattet ist, eine innovative Struktur aus Nitril Anti-Schock-Gummi, mit patentierter 3D-Netztechnologie, das Ergebnis sorgf\u00e4ltiger Studien, die es uns erm\u00f6glicht haben, eine erfolgreiche Kombination aus Form+ Zusammensetzung, die sehr gute Leistungen erbringt und eine hohe Absorptions- und Verteilungsleistung der Aufprallenergie garantiert wodurch ein maximaler Schutz gew\u00e4hrleistet wird.<\/p>\n<p>Es bietet eine au\u00dfergew\u00f6hnliche Passform und einen einzigartigen Komfort, da es den Bewegungen des K\u00f6rpers perfekt folgt.<\/p>\n<p>NetCube Back Pro ist nur 20 mm dick, wiegt nur 650 g (x7-Version) und ist vollst\u00e4ndig faltbar.<\/p>\n<p>HAUPTMERKMALE:<br \/>\n&#8211; Niveau 2 EN 1621-2 zertifizierter R\u00fcckenprotektor;<br \/>\n&#8211; Net3-Technologie;\u00a0<br \/>\n&#8211; Begrenztes Gewicht;<br \/>\n&#8211; Begrenzte Dicke;\u00a0<br \/>\n&#8211; Innenpolsterung aus E.V.C.\u00a0 (Evoluted Viscoelastic Cells), innovativer wasserabweisender Anti-Schock-Gummi mit einem hohen Verh\u00e4ltnis von Leistung \/ Gewicht \/ St\u00e4rke;<br \/>\n&#8211; S.R.T. Technologie (Sweat Removing Textile) ein atmungsaktiver 3D Stoff, der den Schwei\u00df vom K\u00f6rper weg nach au\u00dfen transportiert);<br \/>\n&#8211; Renew Memory Technology (RNW): in das Material integrierte Technologie, die dem Produkt nach der Kompression die urspr\u00fcngliche Form und den urspr\u00fcnglichen Zustand des Produkts langsam zur\u00fcckgibt;<br \/>\n&#8211; Regulierbare und austauschbare Schultergurte;<br \/>\n&#8211; 100% Made in Italy.<\/p>\n","protected":false},"excerpt":{"rendered":"<p>R\u00fcckenprotektor<\/p>\n","protected":false},"featured_media":7376,"comment_status":"open","ping_status":"open","template":"","meta":[],"product_brand":[],"product_cat":[3791,3787,3801],"product_tag":[],"class_list":{"0":"post-18317","1":"product","2":"type-product","3":"status-publish","4":"has-post-thumbnail","6":"product_cat-erwaschene-reiter-protektoren","7":"product_cat-reiter","8":"product_cat-rueckenprotektoren","9":"pa_altezza-da-158-a-167-cm-de","10":"pa_altezza-da-168-a-177-cm-de","11":"pa_altezza-da-178-a-187-cm-de","12":"pa_codice-intrastat-95069990-de","13":"pa_disciplina-utilizzo-dressur","14":"pa_disciplina-utilizzo-harness","15":"pa_disciplina-utilizzo-springreiten","16":"pa_disciplina-utilizzo-trekking-de","17":"pa_girovita-da-102-a-114-cm-de","18":"pa_girovita-da-70-a-77-cm-de","19":"pa_girovita-da-78-a-85-cm-de","20":"pa_girovita-da-86-a-93-cm-de","21":"pa_girovita-da-94-a-101-cm-de","23":"first","24":"instock","25":"taxable","26":"shipping-taxable","27":"purchasable","28":"product-type-variable"},"_links":{"self":[{"href":"https:\/\/riding.zandona.net\/de\/wp-json\/wp\/v2\/product\/18317","targetHints":{"allow":["GET"]}}],"collection":[{"href":"https:\/\/riding.zandona.net\/de\/wp-json\/wp\/v2\/product"}],"about":[{"href":"https:\/\/riding.zandona.net\/de\/wp-json\/wp\/v2\/types\/product"}],"replies":[{"embeddable":true,"href":"https:\/\/riding.zandona.net\/de\/wp-json\/wp\/v2\/comments?post=18317"}],"wp:featuredmedia":[{"embeddable":true,"href":"https:\/\/riding.zandona.net\/de\/wp-json\/wp\/v2\/media\/7376"}],"wp:attachment":[{"href":"https:\/\/riding.zandona.net\/de\/wp-json\/wp\/v2\/media?parent=18317"}],"wp:term":[{"taxonomy":"product_brand","embeddable":true,"href":"https:\/\/riding.zandona.net\/de\/wp-json\/wp\/v2\/product_brand?post=18317"},{"taxonomy":"product_cat","embeddable":true,"href":"https:\/\/riding.zandona.net\/de\/wp-json\/wp\/v2\/product_cat?post=18317"},{"taxonomy":"product_tag","embeddable":true,"href":"https:\/\/riding.zandona.net\/de\/wp-json\/wp\/v2\/product_tag?post=18317"}],"curies":[{"name":"wp","href":"https:\/\/api.w.org\/{rel}","templated":true}]}}