{"id":18337,"date":"2024-11-06T16:39:56","date_gmt":"2024-11-06T15:39:56","guid":{"rendered":"https:\/\/riding.zandona.net\/shop\/unkategorisiert\/soft-active-vest-pro-kid-x6\/"},"modified":"2024-11-07T10:53:03","modified_gmt":"2024-11-07T09:53:03","slug":"soft-active-vest-pro-kid-x6","status":"publish","type":"product","link":"https:\/\/riding.zandona.net\/de\/shop\/auslass\/reiter-protektoren\/soft-active-vest-pro-kid-x6\/","title":{"rendered":"SOFT ACTIVE VEST PRO KID x6"},"content":{"rendered":"<p>Die Schutzweste &#8220;SOFT ACTIVE VEST PRO KID&#8221; ist eine Weste mit einen R\u00fcckprotektor von Niveau 2 (Zertifiziert nach der Norm EN1621).<br \/>\nDer eingearbeitete R\u00fcckenprotektor sitzt perfekt auf der Wirbels\u00e4ule und sch\u00fctzt diese zuverl\u00e4ssig nach einem Sturz.<br \/>\nZus\u00e4tzlich bietet diese Weste noch 4 eingearbeitete Innenpolster (Schock-Absorber), welche seitlich an den Rippen sowie rechts und links im Brustbereich weiteren Schutz bieten. <\/p>\n<p>HAUPTMERKMALE:<br \/>\n&#8211; R\u00fcckenprotektor Niveau 2 (CE EN1621);<br \/>\n&#8211; Stoff S.R.T. (Sweat Removing Textile &#8211; ein atmungsaktiver 3D Stoff, der entstehende Schwei\u00df von K\u00f6rper weg nach au\u00dfen leitet;<br \/>\n&#8211; Elastischer Gurt, verstellbar in der Taille, dadurch perfekter Sitz und Stabilit\u00e4t sicherstellen;<br \/>\n&#8211; Die Innenpolsterung ist aus E.V.C. (Evoluted Viscoelastic Cells), ein innovatives Gummi Mischung mit hoher Anti-Schock Wirkung;<br \/>\n&#8211; Hoch atmungsaktiv;<br \/>\n&#8211; Einzigartiger Tragekomfort;<br \/>\n&#8211; 100% Made in Italy.<\/p>\n","protected":false},"excerpt":{"rendered":"<p>R\u00fcckenprotektor<\/p>\n","protected":false},"featured_media":30656,"comment_status":"open","ping_status":"closed","template":"","meta":[],"product_brand":[],"product_cat":[3555,3699],"product_tag":[],"class_list":{"0":"post-18337","1":"product","2":"type-product","3":"status-publish","4":"has-post-thumbnail","6":"product_cat-auslass","7":"product_cat-reiter-protektoren","8":"pa_altezza-da-105-a-120-cm-de","9":"pa_codice-intrastat-95069990-de","10":"pa_disciplina-utilizzo-dressur","11":"pa_disciplina-utilizzo-harness","12":"pa_disciplina-utilizzo-springreiten","13":"pa_disciplina-utilizzo-trekking-de","14":"pa_girovita-da-57-a-73-cm-de","16":"first","17":"instock","18":"sale","19":"taxable","20":"shipping-taxable","21":"purchasable","22":"product-type-simple"},"_links":{"self":[{"href":"https:\/\/riding.zandona.net\/de\/wp-json\/wp\/v2\/product\/18337","targetHints":{"allow":["GET"]}}],"collection":[{"href":"https:\/\/riding.zandona.net\/de\/wp-json\/wp\/v2\/product"}],"about":[{"href":"https:\/\/riding.zandona.net\/de\/wp-json\/wp\/v2\/types\/product"}],"replies":[{"embeddable":true,"href":"https:\/\/riding.zandona.net\/de\/wp-json\/wp\/v2\/comments?post=18337"}],"wp:featuredmedia":[{"embeddable":true,"href":"https:\/\/riding.zandona.net\/de\/wp-json\/wp\/v2\/media\/30656"}],"wp:attachment":[{"href":"https:\/\/riding.zandona.net\/de\/wp-json\/wp\/v2\/media?parent=18337"}],"wp:term":[{"taxonomy":"product_brand","embeddable":true,"href":"https:\/\/riding.zandona.net\/de\/wp-json\/wp\/v2\/product_brand?post=18337"},{"taxonomy":"product_cat","embeddable":true,"href":"https:\/\/riding.zandona.net\/de\/wp-json\/wp\/v2\/product_cat?post=18337"},{"taxonomy":"product_tag","embeddable":true,"href":"https:\/\/riding.zandona.net\/de\/wp-json\/wp\/v2\/product_tag?post=18337"}],"curies":[{"name":"wp","href":"https:\/\/api.w.org\/{rel}","templated":true}]}}