{"id":18350,"date":"2024-11-06T16:40:13","date_gmt":"2024-11-06T15:40:13","guid":{"rendered":"https:\/\/riding.zandona.net\/shop\/unkategorisiert\/soft-active-vest-pro-x7-8\/"},"modified":"2024-11-07T15:34:00","modified_gmt":"2024-11-07T14:34:00","slug":"soft-active-vest-pro-x7-8","status":"publish","type":"product","link":"https:\/\/riding.zandona.net\/de\/shop\/auslass\/reiter-protektoren\/soft-active-vest-pro-x7-8\/","title":{"rendered":"SOFT ACTIVE VEST PRO x7-8"},"content":{"rendered":"<p>Die Schutzweste &#8220;SOFT ACTIVE VEST PRO&#8221; ist eine Weste mit einen R\u00fcckprotektor von Niveau 2 (Zertifiziert nach der Norm EN1621).<br \/>\nDer eingearbeitete R\u00fcckenprotektor sitzt perfekt auf der Wirbels\u00e4ule und sch\u00fctzt diese zuverl\u00e4ssig nach einem Sturz.<br \/>\nZus\u00e4tzlich bietet diese Weste noch 4 eingearbeitete Innenpolster (Schock-Absorber), welche seitlich an den Rippen sowie rechts und links im Brustbereich weiteren Schutz bieten. <\/p>\n<p>HAUPTMERKMALE:<br \/>\n&#8211; R\u00fcckenprotektor Niveau 2 (CE EN1621);<br \/>\n&#8211; Stoff S.R.T. (Sweat Removing Textile &#8211; ein atmungsaktiver 3D Stoff, der entstehende Schwei\u00df von K\u00f6rper weg nach au\u00dfen leitet;<br \/>\n&#8211; Elastischer Gurt, verstellbar in der Taille, dadurch perfekter Sitz und Stabilit\u00e4t sicherstellen;<br \/>\n&#8211; Die Innenpolsterung ist aus E.V.C. (Evoluted Viscoelastic Cells), ein innovatives Gummi Mischung mit hoher Anti-Schock Wirkung;<br \/>\n&#8211; Hoch atmungsaktiv;<br \/>\n&#8211; Einzigartiger Tragekomfort;<br \/>\n&#8211; 100% Made in Italy.<\/p>\n","protected":false},"excerpt":{"rendered":"<p>R\u00fcckenprotektor<\/p>\n","protected":false},"featured_media":30661,"comment_status":"open","ping_status":"closed","template":"","meta":[],"product_brand":[],"product_cat":[3555,3699],"product_tag":[],"class_list":{"0":"post-18350","1":"product","2":"type-product","3":"status-publish","4":"has-post-thumbnail","6":"product_cat-auslass","7":"product_cat-reiter-protektoren","8":"pa_altezza-da-158-a-167-cm-de","9":"pa_altezza-da-168-a-177-cm-de","10":"pa_codice-intrastat-95069990-de","11":"pa_disciplina-utilizzo-dressur","12":"pa_disciplina-utilizzo-harness","13":"pa_disciplina-utilizzo-springreiten","14":"pa_disciplina-utilizzo-trekking-de","15":"pa_girovita-da-102-a-114-cm-de","16":"pa_girovita-da-78-a-85-cm-de","17":"pa_girovita-da-86-a-93-cm-de","18":"pa_girovita-da-94-a-101-cm-de","20":"first","21":"instock","22":"taxable","23":"shipping-taxable","24":"purchasable","25":"product-type-variable"},"_links":{"self":[{"href":"https:\/\/riding.zandona.net\/de\/wp-json\/wp\/v2\/product\/18350","targetHints":{"allow":["GET"]}}],"collection":[{"href":"https:\/\/riding.zandona.net\/de\/wp-json\/wp\/v2\/product"}],"about":[{"href":"https:\/\/riding.zandona.net\/de\/wp-json\/wp\/v2\/types\/product"}],"replies":[{"embeddable":true,"href":"https:\/\/riding.zandona.net\/de\/wp-json\/wp\/v2\/comments?post=18350"}],"wp:featuredmedia":[{"embeddable":true,"href":"https:\/\/riding.zandona.net\/de\/wp-json\/wp\/v2\/media\/30661"}],"wp:attachment":[{"href":"https:\/\/riding.zandona.net\/de\/wp-json\/wp\/v2\/media?parent=18350"}],"wp:term":[{"taxonomy":"product_brand","embeddable":true,"href":"https:\/\/riding.zandona.net\/de\/wp-json\/wp\/v2\/product_brand?post=18350"},{"taxonomy":"product_cat","embeddable":true,"href":"https:\/\/riding.zandona.net\/de\/wp-json\/wp\/v2\/product_cat?post=18350"},{"taxonomy":"product_tag","embeddable":true,"href":"https:\/\/riding.zandona.net\/de\/wp-json\/wp\/v2\/product_tag?post=18350"}],"curies":[{"name":"wp","href":"https:\/\/api.w.org\/{rel}","templated":true}]}}