{"id":18357,"date":"2024-11-06T16:40:26","date_gmt":"2024-11-06T15:40:26","guid":{"rendered":"https:\/\/riding.zandona.net\/shop\/unkategorisiert\/soft-vest-pro-x6-7-8\/"},"modified":"2024-11-07T15:34:44","modified_gmt":"2024-11-07T14:34:44","slug":"soft-vest-pro-x6-7-8","status":"publish","type":"product","link":"https:\/\/riding.zandona.net\/de\/shop\/reiter\/erwaschene-reiter-protektoren\/rueckenprotektoren\/soft-vest-pro-x6-7-8\/","title":{"rendered":"SOFT VEST PRO x6-7-8"},"content":{"rendered":"<p>\u201cSOFT VEST PRO\u201d ist eine Weste, die mit einem R\u00fcckenprotektor von Niveau 2 (gem\u00e4\u00df der Norm EN 1621-2) ausgestattet ist, der die Wirbels\u00e4ule vor St\u00f6\u00dfen und Prellungen sch\u00fctzt.<br \/>\nSoft Vest Pro ist au\u00dferdem mit 4 Polsterungen Shock-Absorber (2 im Brustbereich<br \/>\nund 2 an den H\u00fcften) von begrenzter St\u00e4rke ausgestattet, um unsichtbar zu<br \/>\nbleiben und eine begrenzte Hilfe gegen m\u00f6gliche Prellungen an der Seite zu bieten.<\/p>\n<p>HAUPTMERKMALE:<br \/>\n&#8211; R\u00fcckenprotektor Niveau 2 (CE EN 1621-2);<br \/>\n&#8211; Elastischer Gurt, verstellbar in der Taille, dadurch perfekter Sitz und Stabilit\u00e4t sicherstellen;<br \/>\n&#8211; Die Innenpolsterung ist aus E.V.C. (Evoluted Viscoelastic Cells), ein innovatives Gummi<br \/>\nMischung mit hoher Anti-Schock Wirkung;<br \/>\n&#8211; Hoch atmungsaktiv;<br \/>\n&#8211; Einzigartiger Tragekomfort;<br \/>\n&#8211; 100% Made in Italy.<\/p>\n","protected":false},"excerpt":{"rendered":"<p>R\u00fcckenprotektor<\/p>\n","protected":false},"featured_media":7435,"comment_status":"open","ping_status":"closed","template":"","meta":[],"product_brand":[],"product_cat":[3791,3547,3787,3801],"product_tag":[],"class_list":{"0":"post-18357","1":"product","2":"type-product","3":"status-publish","4":"has-post-thumbnail","6":"product_cat-erwaschene-reiter-protektoren","7":"product_cat-meistverkaufte-produkte","8":"product_cat-reiter","9":"product_cat-rueckenprotektoren","10":"pa_altezza-da-158-a-167-cm-de","11":"pa_altezza-da-168-a-177-cm-de","12":"pa_altezza-da-178-a-187-cm-de","13":"pa_codice-intrastat-95069990-de","14":"pa_disciplina-utilizzo-dressur","15":"pa_disciplina-utilizzo-harness","16":"pa_disciplina-utilizzo-springreiten","17":"pa_disciplina-utilizzo-trekking-de","18":"pa_girovita-da-102-a-114-cm-de","19":"pa_girovita-da-70-a-77-cm-de","20":"pa_girovita-da-78-a-85-cm-de","21":"pa_girovita-da-86-a-93-cm-de","22":"pa_girovita-da-94-a-101-cm-de","24":"first","25":"instock","26":"taxable","27":"shipping-taxable","28":"purchasable","29":"product-type-variable"},"_links":{"self":[{"href":"https:\/\/riding.zandona.net\/de\/wp-json\/wp\/v2\/product\/18357","targetHints":{"allow":["GET"]}}],"collection":[{"href":"https:\/\/riding.zandona.net\/de\/wp-json\/wp\/v2\/product"}],"about":[{"href":"https:\/\/riding.zandona.net\/de\/wp-json\/wp\/v2\/types\/product"}],"replies":[{"embeddable":true,"href":"https:\/\/riding.zandona.net\/de\/wp-json\/wp\/v2\/comments?post=18357"}],"wp:featuredmedia":[{"embeddable":true,"href":"https:\/\/riding.zandona.net\/de\/wp-json\/wp\/v2\/media\/7435"}],"wp:attachment":[{"href":"https:\/\/riding.zandona.net\/de\/wp-json\/wp\/v2\/media?parent=18357"}],"wp:term":[{"taxonomy":"product_brand","embeddable":true,"href":"https:\/\/riding.zandona.net\/de\/wp-json\/wp\/v2\/product_brand?post=18357"},{"taxonomy":"product_cat","embeddable":true,"href":"https:\/\/riding.zandona.net\/de\/wp-json\/wp\/v2\/product_cat?post=18357"},{"taxonomy":"product_tag","embeddable":true,"href":"https:\/\/riding.zandona.net\/de\/wp-json\/wp\/v2\/product_tag?post=18357"}],"curies":[{"name":"wp","href":"https:\/\/api.w.org\/{rel}","templated":true}]}}