{"id":18388,"date":"2024-11-06T16:41:07","date_gmt":"2024-11-06T15:41:07","guid":{"rendered":"https:\/\/riding.zandona.net\/shop\/unkategorisiert\/soft-vest-pro-kid-x6-7-8-9\/"},"modified":"2024-11-07T10:54:46","modified_gmt":"2024-11-07T09:54:46","slug":"soft-vest-pro-kid-x6-7-8-9","status":"publish","type":"product","link":"https:\/\/riding.zandona.net\/de\/shop\/reiter\/junior-reiter-protektoren\/ruckenprotektoren-junior\/soft-vest-pro-kid-x6-7-8-9\/","title":{"rendered":"SOFT VEST PRO KID x6-7-8-9"},"content":{"rendered":"<p>\u201cSOFT VEST PRO KID\u201d ist eine Weste, die mit einem R\u00fcckenprotektor von Niveau 2 (gem\u00e4\u00df der Norm EN 1621-2) ausgestattet ist, der die Wirbels\u00e4ule vor St\u00f6\u00dfen und Prellungen sch\u00fctzt.<br \/>\nSoft Vest Pro ist au\u00dferdem mit 4 Polsterungen Shock-Absorber (2 im Brustbereich<br \/>\nund 2 an den H\u00fcften) von begrenzter St\u00e4rke ausgestattet, um unsichtbar zu<br \/>\nbleiben und eine begrenzte Hilfe gegen m\u00f6gliche Prellungen an der Seite zu bieten.<\/p>\n<p>HAUPTMERKMALE:<br \/>\n&#8211; R\u00fcckenprotektor Niveau 2 (CE EN 1621-2);<br \/>\n&#8211; Elastischer Gurt, verstellbar in der Taille, dadurch perfekter Sitz und Stabilit\u00e4t sicherstellen;<br \/>\n&#8211; Die Innenpolsterung ist aus E.V.C. (Evoluted Viscoelastic Cells), ein innovatives Gummi<br \/>\nMischung mit hoher Anti-Schock Wirkung;<br \/>\n&#8211; Hoch atmungsaktiv;<br \/>\n&#8211; Einzigartiger Tragekomfort;<br \/>\n&#8211; 100% Made in Italy.<\/p>\n","protected":false},"excerpt":{"rendered":"<p>R\u00fcckenprotektor<\/p>\n","protected":false},"featured_media":7435,"comment_status":"open","ping_status":"open","template":"","meta":[],"product_brand":[],"product_cat":[3795,3787,3802],"product_tag":[],"class_list":{"0":"post-18388","1":"product","2":"type-product","3":"status-publish","4":"has-post-thumbnail","6":"product_cat-junior-reiter-protektoren","7":"product_cat-reiter","8":"product_cat-ruckenprotektoren-junior","9":"pa_altezza-da-105-a-120-cm-de","10":"pa_altezza-da-121-a-135-cm-de","11":"pa_altezza-da-136-a-150-cm-de","12":"pa_altezza-da-151-a-165-cm-de","13":"pa_codice-intrastat-95069990-de","14":"pa_disciplina-utilizzo-dressur","15":"pa_disciplina-utilizzo-harness","16":"pa_disciplina-utilizzo-springreiten","17":"pa_disciplina-utilizzo-trekking-de","18":"pa_girovita-da-57-a-73-cm-de","19":"pa_girovita-da-63-a-80-cm-de","20":"pa_girovita-da-63-a-86-cm-de","21":"pa_girovita-da-70-a-91-cm-de","23":"first","24":"instock","25":"taxable","26":"shipping-taxable","27":"purchasable","28":"product-type-variable"},"_links":{"self":[{"href":"https:\/\/riding.zandona.net\/de\/wp-json\/wp\/v2\/product\/18388","targetHints":{"allow":["GET"]}}],"collection":[{"href":"https:\/\/riding.zandona.net\/de\/wp-json\/wp\/v2\/product"}],"about":[{"href":"https:\/\/riding.zandona.net\/de\/wp-json\/wp\/v2\/types\/product"}],"replies":[{"embeddable":true,"href":"https:\/\/riding.zandona.net\/de\/wp-json\/wp\/v2\/comments?post=18388"}],"wp:featuredmedia":[{"embeddable":true,"href":"https:\/\/riding.zandona.net\/de\/wp-json\/wp\/v2\/media\/7435"}],"wp:attachment":[{"href":"https:\/\/riding.zandona.net\/de\/wp-json\/wp\/v2\/media?parent=18388"}],"wp:term":[{"taxonomy":"product_brand","embeddable":true,"href":"https:\/\/riding.zandona.net\/de\/wp-json\/wp\/v2\/product_brand?post=18388"},{"taxonomy":"product_cat","embeddable":true,"href":"https:\/\/riding.zandona.net\/de\/wp-json\/wp\/v2\/product_cat?post=18388"},{"taxonomy":"product_tag","embeddable":true,"href":"https:\/\/riding.zandona.net\/de\/wp-json\/wp\/v2\/product_tag?post=18388"}],"curies":[{"name":"wp","href":"https:\/\/api.w.org\/{rel}","templated":true}]}}