{"id":18397,"date":"2024-11-06T16:41:19","date_gmt":"2024-11-06T15:41:19","guid":{"rendered":"https:\/\/riding.zandona.net\/shop\/unkategorisiert\/competition-vest-x6-7-8\/"},"modified":"2024-11-07T10:55:47","modified_gmt":"2024-11-07T09:55:47","slug":"competition-vest-x6-7-8","status":"publish","type":"product","link":"https:\/\/riding.zandona.net\/de\/shop\/auslass\/reiter-protektoren\/competition-vest-x6-7-8\/","title":{"rendered":"COMPETITION VEST x6-7-8"},"content":{"rendered":"<p>\u201cCOMPETITION VEST\u201c ist eine elegante Wettkampfweste, die mit einem R\u00fcckenprotektor von Niveau 2 (gem\u00e4\u00df der Norm EN 1621-2) ausgestattet ist, der die Wirbels\u00e4ule vor St\u00f6\u00dfen und Prellungen sch\u00fctzt.<br \/>\nKonzipiert f\u00fcr den Einsatz im Wettkampf, ist es dank des ultraschmalen R\u00fcckenprotektors und der minimalen Weste Durch den V Ausschnitt praktisch unsichtbar unter der Reitjacke.<\/p>\n<p>Dank des eleganten Stretchgewebes, der kostbaren Silberdetails und der Markierungen mit \u201cdurchsichtigem\u201d Effekt ist die Competition Vest ein Kleidungsst\u00fcck von h\u00f6chster Qualit\u00e4t, 100% Made in Italy, leicht, widerstandsf\u00e4hig und unerreicht in Bezug auf Komfort, Passform und Bewegungsfreiheit.<\/p>\n<p>Erh\u00e4ltlich in den Farben Schwarz oder Wei\u00df.<\/p>\n<p>HAUPTMERKMALE:<br \/>\n&#8211; R\u00fcckenprotektor Niveau 2 (CE EN 1621-2);<br \/>\n&#8211; Unsichtbar unter der Jacke;<br \/>\n&#8211; Durch den V Ausschnitt;<br \/>\n&#8211; Hoch atmungsaktiv;<br \/>\n&#8211; Unerreicht Komfort;<br \/>\n&#8211; 100 % Made in Italy.<\/p>\n","protected":false},"excerpt":{"rendered":"<p>R\u00fcckenprotektor<\/p>\n","protected":false},"featured_media":7483,"comment_status":"open","ping_status":"closed","template":"","meta":[],"product_brand":[],"product_cat":[3555,3699],"product_tag":[],"class_list":{"0":"post-18397","1":"product","2":"type-product","3":"status-publish","4":"has-post-thumbnail","6":"product_cat-auslass","7":"product_cat-reiter-protektoren","8":"pa_altezza-da-158-a-167-cm-de","9":"pa_altezza-da-168-a-177-cm-de","10":"pa_altezza-da-178-a-187-cm-de","11":"pa_codice-intrastat-95069990-de","12":"pa_disciplina-utilizzo-dressur","13":"pa_disciplina-utilizzo-harness","14":"pa_disciplina-utilizzo-springreiten","15":"pa_disciplina-utilizzo-trekking-de","16":"pa_girovita-da-102-a-114-cm-de","17":"pa_girovita-da-70-a-77-cm-de","18":"pa_girovita-da-78-a-85-cm-de","19":"pa_girovita-da-86-a-93-cm-de","20":"pa_girovita-da-94-a-101-cm-de","22":"first","23":"instock","24":"taxable","25":"shipping-taxable","26":"purchasable","27":"product-type-variable"},"_links":{"self":[{"href":"https:\/\/riding.zandona.net\/de\/wp-json\/wp\/v2\/product\/18397","targetHints":{"allow":["GET"]}}],"collection":[{"href":"https:\/\/riding.zandona.net\/de\/wp-json\/wp\/v2\/product"}],"about":[{"href":"https:\/\/riding.zandona.net\/de\/wp-json\/wp\/v2\/types\/product"}],"replies":[{"embeddable":true,"href":"https:\/\/riding.zandona.net\/de\/wp-json\/wp\/v2\/comments?post=18397"}],"wp:featuredmedia":[{"embeddable":true,"href":"https:\/\/riding.zandona.net\/de\/wp-json\/wp\/v2\/media\/7483"}],"wp:attachment":[{"href":"https:\/\/riding.zandona.net\/de\/wp-json\/wp\/v2\/media?parent=18397"}],"wp:term":[{"taxonomy":"product_brand","embeddable":true,"href":"https:\/\/riding.zandona.net\/de\/wp-json\/wp\/v2\/product_brand?post=18397"},{"taxonomy":"product_cat","embeddable":true,"href":"https:\/\/riding.zandona.net\/de\/wp-json\/wp\/v2\/product_cat?post=18397"},{"taxonomy":"product_tag","embeddable":true,"href":"https:\/\/riding.zandona.net\/de\/wp-json\/wp\/v2\/product_tag?post=18397"}],"curies":[{"name":"wp","href":"https:\/\/api.w.org\/{rel}","templated":true}]}}