{"id":18435,"date":"2024-11-06T16:41:56","date_gmt":"2024-11-06T15:41:56","guid":{"rendered":"https:\/\/riding.zandona.net\/shop\/unkategorisiert\/netcube-armour-x6-7-8\/"},"modified":"2024-11-07T10:56:28","modified_gmt":"2024-11-07T09:56:28","slug":"netcube-armour-x6-7-8","status":"publish","type":"product","link":"https:\/\/riding.zandona.net\/de\/shop\/reiter\/erwaschene-reiter-protektoren\/rueckbrustprotektoren\/netcube-armour-x6-7-8\/","title":{"rendered":"NETCUBE ARMOUR x6-7-8"},"content":{"rendered":"<p>\u201cNETCUBE ARMOUR\u201d ist ein R\u00fccken- und Brustschutzsystem, bestehend aus einem Niveau 2 zertifizierten (EN 1621-2) NetCube Back Pro R\u00fcckenprotektor und einem<br \/>\nNiveau 2 zertifizierten (EN 1621-3) Brustprotektor.<\/p>\n<p>\u201cNetCube Armour\u201d ist mit unserer Net3-Technologie ausgestattet, eine innovative<br \/>\nStruktur aus Nitril Anti-Schock-Gummi, mit patentierter 3D-Netztechnologie, das Ergebnis sorgf\u00e4ltiger Studien, die es uns erm\u00f6glicht haben, eine erfolgreiche Kombination aus Form+ Zusammensetzung, die sehr gute Leistungen erbringt und eine hohe Absorptions- und Verteilungsleistung der Aufprallenergie garantiert wodurch ein maximaler Schutz gew\u00e4hrleistet wird.<\/p>\n<p>Der R\u00fcckenprotektor ist komplett faltbar und der Brustschutz ist abnehmbar: der R\u00fcckenprotektor kann durch die Verwendung von Hosentr\u00e4ger, die separat erworben werden k\u00f6nnen, individuell verwendet werden.<\/p>\n<p>HAUPTMERKMALE:<br \/>\n&#8211; Niveau 2 EN 1621-2 zertifizierter R\u00fcckenprotektor;<br \/>\n&#8211; Niveau 2 EN 1621-3 zertifizierter Brustprotektor;<br \/>\n&#8211; Net3-Technologie;<br \/>\n&#8211; Innenpolsterung aus E.V.C.;<br \/>\n&#8211; S.R.T. Technologie;<br \/>\n&#8211; Renew Memory Technology ;<br \/>\n&#8211; Lendenbund mit doppelt elastischem Verstellsystem;<br \/>\n&#8211; Regulierbare und austauschbare Schultergurte;<br \/>\n&#8211; 100% Made in Italy.<\/p>\n","protected":false},"excerpt":{"rendered":"<p>R\u00fccken- und Brustschutz<\/p>\n","protected":false},"featured_media":7529,"comment_status":"open","ping_status":"open","template":"","meta":[],"product_brand":[],"product_cat":[3791,3787,3809],"product_tag":[],"class_list":{"0":"post-18435","1":"product","2":"type-product","3":"status-publish","4":"has-post-thumbnail","6":"product_cat-erwaschene-reiter-protektoren","7":"product_cat-reiter","8":"product_cat-rueckbrustprotektoren","9":"pa_altezza-da-158-a-167-cm-de","10":"pa_altezza-da-168-a-177-cm-de","11":"pa_altezza-da-178-a-187-cm-de","12":"pa_codice-intrastat-95069990-de","13":"pa_disciplina-utilizzo-dressur","14":"pa_disciplina-utilizzo-harness","15":"pa_disciplina-utilizzo-springreiten","16":"pa_disciplina-utilizzo-trekking-de","17":"pa_girovita-da-102-a-114-cm-de","18":"pa_girovita-da-70-a-77-cm-de","19":"pa_girovita-da-78-a-85-cm-de","20":"pa_girovita-da-86-a-93-cm-de","21":"pa_girovita-da-94-a-101-cm-de","23":"first","24":"instock","25":"taxable","26":"shipping-taxable","27":"purchasable","28":"product-type-variable"},"_links":{"self":[{"href":"https:\/\/riding.zandona.net\/de\/wp-json\/wp\/v2\/product\/18435","targetHints":{"allow":["GET"]}}],"collection":[{"href":"https:\/\/riding.zandona.net\/de\/wp-json\/wp\/v2\/product"}],"about":[{"href":"https:\/\/riding.zandona.net\/de\/wp-json\/wp\/v2\/types\/product"}],"replies":[{"embeddable":true,"href":"https:\/\/riding.zandona.net\/de\/wp-json\/wp\/v2\/comments?post=18435"}],"wp:featuredmedia":[{"embeddable":true,"href":"https:\/\/riding.zandona.net\/de\/wp-json\/wp\/v2\/media\/7529"}],"wp:attachment":[{"href":"https:\/\/riding.zandona.net\/de\/wp-json\/wp\/v2\/media?parent=18435"}],"wp:term":[{"taxonomy":"product_brand","embeddable":true,"href":"https:\/\/riding.zandona.net\/de\/wp-json\/wp\/v2\/product_brand?post=18435"},{"taxonomy":"product_cat","embeddable":true,"href":"https:\/\/riding.zandona.net\/de\/wp-json\/wp\/v2\/product_cat?post=18435"},{"taxonomy":"product_tag","embeddable":true,"href":"https:\/\/riding.zandona.net\/de\/wp-json\/wp\/v2\/product_tag?post=18435"}],"curies":[{"name":"wp","href":"https:\/\/api.w.org\/{rel}","templated":true}]}}