{"id":18467,"date":"2024-11-06T16:42:34","date_gmt":"2024-11-06T15:42:34","guid":{"rendered":"https:\/\/riding.zandona.net\/shop\/unkategorisiert\/netcube-armour-kid-x7-8-9\/"},"modified":"2024-11-07T10:57:00","modified_gmt":"2024-11-07T09:57:00","slug":"netcube-armour-kid-x7-8-9","status":"publish","type":"product","link":"https:\/\/riding.zandona.net\/de\/shop\/reiter\/junior-reiter-protektoren\/ruckbrustprotektoren-junior\/netcube-armour-kid-x7-8-9\/","title":{"rendered":"NETCUBE ARMOUR KID x7-8-9"},"content":{"rendered":"<p>\u201cNETCUBE ARMOUR LADY\u201d ist ein R\u00fccken- und Brustschutzsystem, bestehend aus einem Niveau 2 zertifizierten (EN 1621-2) NetCube Back Pro R\u00fcckenprotektor und einem<br \/>\nNiveau 2 zertifizierten (EN 1621-3) Brustprotektor, das entwickelt wurde, um ihnen dank des Brustschutzes \u201cNetCube Armour Chest Lady\u201d, der unter Ber\u00fccksichtigung des Brustvolumens und der K\u00f6rperformen der Damen geformt und entwickelt wurde, einen besseren Komfort zu bieten.<\/p>\n<p>\u201cNetCube Armour Lady\u201d ist mit unserer Net3-Technologie ausgestattet, eine innovative<br \/>\nStruktur aus Nitril Anti-Schock-Gummi, mit patentierter 3D-Netztechnologie, das Ergebnis sorgf\u00e4ltiger Studien, die es uns erm\u00f6glicht haben, eine erfolgreiche Kombination aus Form+ Zusammensetzung, die sehr gute Leistungen erbringt und eine hohe Absorptions- und Verteilungsleistung der Aufprallenergie garantiert wodurch ein maximaler Schutz gew\u00e4hrleistet wird.<\/p>\n<p>Der R\u00fcckenprotektor ist komplett faltbar und der Brustschutz ist abnehmbar: der R\u00fcckenprotektor kann durch die Verwendung von Hosentr\u00e4ger, die separat erworben werden k\u00f6nnen, individuell verwendet werden.<\/p>\n<p>HAUPTMERKMALE:<br \/>\n&#8211; Niveau 2 EN 1621-2 zertifizierter R\u00fcckenprotektor;<br \/>\n&#8211; Niveau 2 EN 1621-3 zertifizierter Brustprotektor;<br \/>\n&#8211; Net3-Technologie;<br \/>\n&#8211; Innenpolsterung aus E.V.C.;<br \/>\n&#8211; S.R.T. Technologie;<br \/>\n&#8211; Renew Memory Technology ;<br \/>\n&#8211; Lendenbund mit doppelt elastischem Verstellsystem;<br \/>\n&#8211; Regulierbare und austauschbare Schultergurte;<br \/>\n&#8211; 100% Made in Italy.<\/p>\n","protected":false},"excerpt":{"rendered":"<p>R\u00fccken- und Brustschutz<\/p>\n","protected":false},"featured_media":7569,"comment_status":"open","ping_status":"open","template":"","meta":[],"product_brand":[],"product_cat":[3795,3787,3810],"product_tag":[],"class_list":{"0":"post-18467","1":"product","2":"type-product","3":"status-publish","4":"has-post-thumbnail","6":"product_cat-junior-reiter-protektoren","7":"product_cat-reiter","8":"product_cat-ruckbrustprotektoren-junior","9":"pa_altezza-da-121-a-135-cm-de","10":"pa_altezza-da-136-a-150-cm-de","11":"pa_altezza-da-151-a-165-cm-de","12":"pa_codice-intrastat-95069990-de","13":"pa_disciplina-utilizzo-dressur","14":"pa_disciplina-utilizzo-harness","15":"pa_disciplina-utilizzo-springreiten","16":"pa_disciplina-utilizzo-trekking-de","17":"pa_girovita-da-63-a-80-cm-de","18":"pa_girovita-da-63-a-86-cm-de","19":"pa_girovita-da-70-a-91-cm-de","21":"first","22":"instock","23":"taxable","24":"shipping-taxable","25":"purchasable","26":"product-type-variable"},"_links":{"self":[{"href":"https:\/\/riding.zandona.net\/de\/wp-json\/wp\/v2\/product\/18467","targetHints":{"allow":["GET"]}}],"collection":[{"href":"https:\/\/riding.zandona.net\/de\/wp-json\/wp\/v2\/product"}],"about":[{"href":"https:\/\/riding.zandona.net\/de\/wp-json\/wp\/v2\/types\/product"}],"replies":[{"embeddable":true,"href":"https:\/\/riding.zandona.net\/de\/wp-json\/wp\/v2\/comments?post=18467"}],"wp:featuredmedia":[{"embeddable":true,"href":"https:\/\/riding.zandona.net\/de\/wp-json\/wp\/v2\/media\/7569"}],"wp:attachment":[{"href":"https:\/\/riding.zandona.net\/de\/wp-json\/wp\/v2\/media?parent=18467"}],"wp:term":[{"taxonomy":"product_brand","embeddable":true,"href":"https:\/\/riding.zandona.net\/de\/wp-json\/wp\/v2\/product_brand?post=18467"},{"taxonomy":"product_cat","embeddable":true,"href":"https:\/\/riding.zandona.net\/de\/wp-json\/wp\/v2\/product_cat?post=18467"},{"taxonomy":"product_tag","embeddable":true,"href":"https:\/\/riding.zandona.net\/de\/wp-json\/wp\/v2\/product_tag?post=18467"}],"curies":[{"name":"wp","href":"https:\/\/api.w.org\/{rel}","templated":true}]}}