{"id":18479,"date":"2024-11-06T16:42:47","date_gmt":"2024-11-06T15:42:47","guid":{"rendered":"https:\/\/riding.zandona.net\/shop\/unkategorisiert\/comfort-belt-pro\/"},"modified":"2024-11-07T10:57:24","modified_gmt":"2024-11-07T09:57:24","slug":"comfort-belt-pro","status":"publish","type":"product","link":"https:\/\/riding.zandona.net\/de\/shop\/reiter\/baender-zu-unterstuetzung-der-lenderwirbel-fuer-erwachsene\/comfort-belt-pro\/","title":{"rendered":"COMFORT BELT PRO"},"content":{"rendered":"<p>HAUPTMERKMALE:<br \/>\n&#8211; Elastischen B\u00e4nder zur Unterst\u00fctzung der Lendenwirbel;<br \/>\n&#8211; Vorbeugung oder Linderung von R\u00fcckenschmerzen;<br \/>\n&#8211; B\u00e4nder sehr langlebig und atmungsaktiv;<br \/>\n&#8211; Doppelter Gummizug f\u00fcr zus\u00e4tzlichen Halt (Comfort Belt Pro);<br \/>\n&#8211; Begrenzte St\u00e4rke f\u00fcr v\u00f6llige Bewegungsfreiheit;<br \/>\n&#8211; Doppelter Klettverschluss;<br \/>\n&#8211; 100% Made in Italy.<\/p>\n","protected":false},"excerpt":{"rendered":"<p>Band zur Unterst\u00fctzung der Lendenwirbels\u00e4ule<\/p>\n","protected":false},"featured_media":7587,"comment_status":"open","ping_status":"open","template":"","meta":[],"product_brand":[],"product_cat":[3827,3787],"product_tag":[],"class_list":{"0":"post-18479","1":"product","2":"type-product","3":"status-publish","4":"has-post-thumbnail","6":"product_cat-baender-zu-unterstuetzung-der-lenderwirbel-fuer-erwachsene","7":"product_cat-reiter","8":"pa_codice-intrastat-95069990-de","9":"pa_disciplina-utilizzo-dressur","10":"pa_disciplina-utilizzo-harness","11":"pa_disciplina-utilizzo-off-road-enduro-cross-de","12":"pa_disciplina-utilizzo-springreiten","13":"pa_disciplina-utilizzo-strasse-rennen","14":"pa_disciplina-utilizzo-trekking-de","15":"pa_girovita-da-107-a-120-cm-de","16":"pa_girovita-da-121-a-134-cm-de","17":"pa_girovita-da-135-a-144-cm-de","18":"pa_girovita-da-70-a-77-cm-de","19":"pa_girovita-da-78-a-85-cm-de","20":"pa_girovita-da-86-a-93-cm-de","21":"pa_girovita-da-94-a-106-cm-de","23":"first","24":"instock","25":"taxable","26":"shipping-taxable","27":"purchasable","28":"product-type-variable"},"_links":{"self":[{"href":"https:\/\/riding.zandona.net\/de\/wp-json\/wp\/v2\/product\/18479","targetHints":{"allow":["GET"]}}],"collection":[{"href":"https:\/\/riding.zandona.net\/de\/wp-json\/wp\/v2\/product"}],"about":[{"href":"https:\/\/riding.zandona.net\/de\/wp-json\/wp\/v2\/types\/product"}],"replies":[{"embeddable":true,"href":"https:\/\/riding.zandona.net\/de\/wp-json\/wp\/v2\/comments?post=18479"}],"wp:featuredmedia":[{"embeddable":true,"href":"https:\/\/riding.zandona.net\/de\/wp-json\/wp\/v2\/media\/7587"}],"wp:attachment":[{"href":"https:\/\/riding.zandona.net\/de\/wp-json\/wp\/v2\/media?parent=18479"}],"wp:term":[{"taxonomy":"product_brand","embeddable":true,"href":"https:\/\/riding.zandona.net\/de\/wp-json\/wp\/v2\/product_brand?post=18479"},{"taxonomy":"product_cat","embeddable":true,"href":"https:\/\/riding.zandona.net\/de\/wp-json\/wp\/v2\/product_cat?post=18479"},{"taxonomy":"product_tag","embeddable":true,"href":"https:\/\/riding.zandona.net\/de\/wp-json\/wp\/v2\/product_tag?post=18479"}],"curies":[{"name":"wp","href":"https:\/\/api.w.org\/{rel}","templated":true}]}}