{"id":18487,"date":"2024-11-06T16:43:01","date_gmt":"2024-11-06T15:43:01","guid":{"rendered":"https:\/\/riding.zandona.net\/shop\/unkategorisiert\/magnetic-equitation-socks\/"},"modified":"2024-11-07T15:34:11","modified_gmt":"2024-11-07T14:34:11","slug":"magnetic-equitation-socks","status":"publish","type":"product","link":"https:\/\/riding.zandona.net\/de\/shop\/auslass\/magnetische-socken\/magnetic-equitation-socks\/","title":{"rendered":"MAGNETIC EQUITATION SOCKS"},"content":{"rendered":"<p>Das Gleichgewicht und das Wohlbefinden des Reiterfu\u00dfes sind f\u00fcr Reitsport von grundlegender Bedeutung.<br \/>\nAus diesem Grund hat Zandon\u00e0 in Zusammenarbeit mit SPM\u2122 die &#8220;MAGNETIC EQUITATION SOCKS&#8221; entwickelt, die technische Socke sind eine 100% Made in Italy mit Weltpatent.<\/p>\n<p>Diese technische Socke ist mit Magneten ausgestattet, die speziell positioniert sind, um die Blut- und Lymphzirkulation zu f\u00f6rdern und eine bessere Durchblutung auch in der N\u00e4he des Steigb\u00fcgels zu f\u00f6rdern. Tats\u00e4chlich verhindern sie ein Taubheitsgef\u00fchl des Fu\u00dfes und helfen, die Muskulatur aktiv zu halten und f\u00f6rdern das k\u00f6rperliche Wohlbefinden des Fu\u00dfes.<br \/>\nDie verst\u00e4rkte Durchblutung des Fu\u00dfes beseitigt die Muskel-Band-Spannungen wodurch die f\u00fcr GLEICHGEWICHT verantwortlichen Muskeln pr\u00e4ziser arbeiten k\u00f6nnen.<\/p>\n<p>&#8211; KREISLAUF: stimuliert die Durchblutung f\u00fcr eine bessere Muskelleistung;<br \/>\n&#8211; HALTUNGSGLEICHGEWICHT: st\u00e4rkt die Muskulatur f\u00fcr ein besseres K\u00f6rpergleichgewicht;<br \/>\n&#8211; EINZIGARTIG: die weltweit einzige Magnetotherapeutische Reitsocke!<\/p>\n<p>WICHTIGER HINWEIS: NICHT F\u00dcR DEN GEBRAUCH f\u00fcr Personen mit Herzschrittmachern<\/p>\n","protected":false},"excerpt":{"rendered":"<p>Magnetische Socken<\/p>\n","protected":false},"featured_media":30637,"comment_status":"open","ping_status":"closed","template":"","meta":[],"product_brand":[],"product_cat":[3555,3691],"product_tag":[],"class_list":{"0":"post-18487","1":"product","2":"type-product","3":"status-publish","4":"has-post-thumbnail","6":"product_cat-auslass","7":"product_cat-magnetische-socken","8":"pa_codice-intrastat-95069990-de","9":"pa_disciplina-utilizzo-dressur","10":"pa_disciplina-utilizzo-harness","11":"pa_disciplina-utilizzo-springreiten","12":"pa_disciplina-utilizzo-trekking-de","13":"pa_disciplina-utilizzo-vielseitigkeit","14":"pa_numero-da-35-a-38-cm-de","15":"pa_numero-da-39-a-42-cm-de","16":"pa_numero-da-43-a-44-cm-de","17":"pa_numero-da-45-a-47-cm-de","19":"first","20":"instock","21":"taxable","22":"shipping-taxable","23":"purchasable","24":"product-type-variable"},"_links":{"self":[{"href":"https:\/\/riding.zandona.net\/de\/wp-json\/wp\/v2\/product\/18487","targetHints":{"allow":["GET"]}}],"collection":[{"href":"https:\/\/riding.zandona.net\/de\/wp-json\/wp\/v2\/product"}],"about":[{"href":"https:\/\/riding.zandona.net\/de\/wp-json\/wp\/v2\/types\/product"}],"replies":[{"embeddable":true,"href":"https:\/\/riding.zandona.net\/de\/wp-json\/wp\/v2\/comments?post=18487"}],"wp:featuredmedia":[{"embeddable":true,"href":"https:\/\/riding.zandona.net\/de\/wp-json\/wp\/v2\/media\/30637"}],"wp:attachment":[{"href":"https:\/\/riding.zandona.net\/de\/wp-json\/wp\/v2\/media?parent=18487"}],"wp:term":[{"taxonomy":"product_brand","embeddable":true,"href":"https:\/\/riding.zandona.net\/de\/wp-json\/wp\/v2\/product_brand?post=18487"},{"taxonomy":"product_cat","embeddable":true,"href":"https:\/\/riding.zandona.net\/de\/wp-json\/wp\/v2\/product_cat?post=18487"},{"taxonomy":"product_tag","embeddable":true,"href":"https:\/\/riding.zandona.net\/de\/wp-json\/wp\/v2\/product_tag?post=18487"}],"curies":[{"name":"wp","href":"https:\/\/api.w.org\/{rel}","templated":true}]}}