{"id":18493,"date":"2024-11-06T16:43:13","date_gmt":"2024-11-06T15:43:13","guid":{"rendered":"https:\/\/riding.zandona.net\/shop\/unkategorisiert\/z-riding-socks-made-with-coolmax\/"},"modified":"2024-11-07T10:57:40","modified_gmt":"2024-11-07T09:57:40","slug":"z-riding-socks-made-with-coolmax","status":"publish","type":"product","link":"https:\/\/riding.zandona.net\/de\/shop\/reiter\/socken\/z-riding-socks-made-with-coolmax\/","title":{"rendered":"Z RIDING SOCKS made with CoolMax\u00ae"},"content":{"rendered":"<p>Die Z RIDING SOCKS sind technische Socken, die speziell f\u00fcr den Reitsport<br \/>\nentwickelt wurden.<br \/>\nSie sind ideal f\u00fcr alle Spring-, Dressur- und Vielseitigkeitsreiter,<br \/>\naber auch f\u00fcr den einfachen Ausritt.<\/p>\n<p>Diese Socken bieten au\u00dfergew\u00f6hnlichen Komfort und einen unvergleichlichen<br \/>\nStil.<\/p>\n<p>Maximale Atmungsaktivit\u00e4t: Die aus hochwertigem Polyamid\/Polyester-Gewebe hergestellten Socken, unterscheiden sich von normalen Socken durch ihre F\u00e4higkeit, Feuchtigkeit schnell abzutransportieren und die F\u00fc\u00dfe dank der Coolmax\u00ae Technologie k\u00fchl und trocken zu halten;<\/p>\n<p>Anatomische Passform: Die anatomische Struktur der Socken gew\u00e4hrleistet eine perfekte Passform. Sie passen sich den Kurven des Fu\u00dfes an und bieten optimaler Unterst\u00fctzung, ohne den Komfort zu beeintr\u00e4chtigen. Ideal f\u00fcr das Tragen unter Reitstiefeln, sind sie die perfekte Wahl, um Scheuerstellen und<br \/>\nUnbehagen zu vermeiden;<\/p>\n<p>Einzigartiger Stil: Die in elegantem Rot\/Schwarz Farbe erh\u00e4ltlichen Z RIDING SOCKS bieten nicht nur \u00fcberlegene Leistung, sondern verleihen dem Reitsport-Outfit auch einen Hauch von Klasse.<\/p>\n","protected":false},"excerpt":{"rendered":"<p>Reitsocken<\/p>\n","protected":false},"featured_media":7604,"comment_status":"open","ping_status":"open","template":"","meta":[],"product_brand":[],"product_cat":[3787,3823],"product_tag":[],"class_list":{"0":"post-18493","1":"product","2":"type-product","3":"status-publish","4":"has-post-thumbnail","6":"product_cat-reiter","7":"product_cat-socken","8":"pa_codice-intrastat-95069990-de","9":"pa_disciplina-utilizzo-dressur","10":"pa_disciplina-utilizzo-harness","11":"pa_disciplina-utilizzo-springreiten","12":"pa_disciplina-utilizzo-trekking-de","13":"pa_disciplina-utilizzo-vielseitigkeit","14":"pa_numero-da-35-a-38-cm-de","15":"pa_numero-da-39-a-42-cm-de","16":"pa_numero-da-43-a-47-cm-de","18":"first","19":"instock","20":"taxable","21":"shipping-taxable","22":"purchasable","23":"product-type-variable"},"_links":{"self":[{"href":"https:\/\/riding.zandona.net\/de\/wp-json\/wp\/v2\/product\/18493","targetHints":{"allow":["GET"]}}],"collection":[{"href":"https:\/\/riding.zandona.net\/de\/wp-json\/wp\/v2\/product"}],"about":[{"href":"https:\/\/riding.zandona.net\/de\/wp-json\/wp\/v2\/types\/product"}],"replies":[{"embeddable":true,"href":"https:\/\/riding.zandona.net\/de\/wp-json\/wp\/v2\/comments?post=18493"}],"wp:featuredmedia":[{"embeddable":true,"href":"https:\/\/riding.zandona.net\/de\/wp-json\/wp\/v2\/media\/7604"}],"wp:attachment":[{"href":"https:\/\/riding.zandona.net\/de\/wp-json\/wp\/v2\/media?parent=18493"}],"wp:term":[{"taxonomy":"product_brand","embeddable":true,"href":"https:\/\/riding.zandona.net\/de\/wp-json\/wp\/v2\/product_brand?post=18493"},{"taxonomy":"product_cat","embeddable":true,"href":"https:\/\/riding.zandona.net\/de\/wp-json\/wp\/v2\/product_cat?post=18493"},{"taxonomy":"product_tag","embeddable":true,"href":"https:\/\/riding.zandona.net\/de\/wp-json\/wp\/v2\/product_tag?post=18493"}],"curies":[{"name":"wp","href":"https:\/\/api.w.org\/{rel}","templated":true}]}}