{"id":18497,"date":"2024-11-06T16:43:13","date_gmt":"2024-11-06T15:43:13","guid":{"rendered":"https:\/\/riding.zandona.net\/shop\/unkategorisiert\/spare-suspenders-kid-100\/"},"modified":"2024-11-07T15:34:56","modified_gmt":"2024-11-07T14:34:56","slug":"spare-suspenders-kid-100","status":"publish","type":"product","link":"https:\/\/riding.zandona.net\/de\/shop\/reiter\/zubehoer-fuer-junior-reiter-protektoren\/ersatz-hosentrager-junior\/spare-suspenders-kid-100\/","title":{"rendered":"SPARE SUSPENDERS KID 100"},"content":{"rendered":"<p>Zubeh\u00f6r\/Ersatzhosentr\u00e4ger f\u00fcr R\u00fcckenprotektoren (Kinder).<\/p>\n","protected":false},"excerpt":{"rendered":"<p>Ersatzspangen<\/p>\n","protected":false},"featured_media":7610,"comment_status":"open","ping_status":"closed","template":"","meta":[],"product_brand":[],"product_cat":[3832,3787,3818],"product_tag":[],"class_list":{"0":"post-18497","1":"product","2":"type-product","3":"status-publish","4":"has-post-thumbnail","6":"product_cat-ersatz-hosentrager-junior","7":"product_cat-reiter","8":"product_cat-zubehoer-fuer-junior-reiter-protektoren","9":"pa_altezza-da-105-a-120-cm-de","10":"pa_codice-intrastat-95069990-de","11":"pa_disciplina-utilizzo-dressur","12":"pa_disciplina-utilizzo-harness","13":"pa_disciplina-utilizzo-springreiten","14":"pa_disciplina-utilizzo-trekking-de","16":"first","17":"instock","18":"taxable","19":"shipping-taxable","20":"purchasable","21":"product-type-simple"},"_links":{"self":[{"href":"https:\/\/riding.zandona.net\/de\/wp-json\/wp\/v2\/product\/18497","targetHints":{"allow":["GET"]}}],"collection":[{"href":"https:\/\/riding.zandona.net\/de\/wp-json\/wp\/v2\/product"}],"about":[{"href":"https:\/\/riding.zandona.net\/de\/wp-json\/wp\/v2\/types\/product"}],"replies":[{"embeddable":true,"href":"https:\/\/riding.zandona.net\/de\/wp-json\/wp\/v2\/comments?post=18497"}],"wp:featuredmedia":[{"embeddable":true,"href":"https:\/\/riding.zandona.net\/de\/wp-json\/wp\/v2\/media\/7610"}],"wp:attachment":[{"href":"https:\/\/riding.zandona.net\/de\/wp-json\/wp\/v2\/media?parent=18497"}],"wp:term":[{"taxonomy":"product_brand","embeddable":true,"href":"https:\/\/riding.zandona.net\/de\/wp-json\/wp\/v2\/product_brand?post=18497"},{"taxonomy":"product_cat","embeddable":true,"href":"https:\/\/riding.zandona.net\/de\/wp-json\/wp\/v2\/product_cat?post=18497"},{"taxonomy":"product_tag","embeddable":true,"href":"https:\/\/riding.zandona.net\/de\/wp-json\/wp\/v2\/product_tag?post=18497"}],"curies":[{"name":"wp","href":"https:\/\/api.w.org\/{rel}","templated":true}]}}