{"id":18505,"date":"2024-11-06T16:43:13","date_gmt":"2024-11-06T15:43:13","guid":{"rendered":"https:\/\/riding.zandona.net\/shop\/unkategorisiert\/suspenders-block-kit-4pcs\/"},"modified":"2024-11-07T10:57:52","modified_gmt":"2024-11-07T09:57:52","slug":"suspenders-block-kit-4pcs","status":"publish","type":"product","link":"https:\/\/riding.zandona.net\/de\/shop\/reiter\/zubehoer-fuer-junior-reiter-protektoren\/halter-fur-hosentrager-junior\/suspenders-block-kit-4pcs\/","title":{"rendered":"SUSPENDERS BLOCK KIT (4pcs)"},"content":{"rendered":"<p>Hosentr\u00e4ger-Blockierset (4-teilig).<\/p>\n<p>Es kann verwendet werden, wenn die Hosentr\u00e4ger unserer R\u00fcckenprotektoren dazu neigen, sich ungew\u00f6hnlicherweise von selbst zu l\u00f6sen.<\/p>\n","protected":false},"excerpt":{"rendered":"<p>Hosentr\u00e4ger-Block-Kit<\/p>\n","protected":false},"featured_media":7619,"comment_status":"open","ping_status":"closed","template":"","meta":[],"product_brand":[],"product_cat":[3844,3843,3787,3815,3818],"product_tag":[],"class_list":{"0":"post-18505","1":"product","2":"type-product","3":"status-publish","4":"has-post-thumbnail","6":"product_cat-halter-fur-hosentrager-junior","7":"product_cat-halter-fuer-hosentraeger","8":"product_cat-reiter","9":"product_cat-zubehoer-fuer-erwachsene-reiter-protektoren","10":"product_cat-zubehoer-fuer-junior-reiter-protektoren","11":"pa_codice-intrastat-95069990-de","12":"pa_disciplina-utilizzo-dressur","13":"pa_disciplina-utilizzo-harness","14":"pa_disciplina-utilizzo-springreiten","15":"pa_disciplina-utilizzo-trekking-de","17":"first","18":"instock","19":"taxable","20":"shipping-taxable","21":"purchasable","22":"product-type-simple"},"_links":{"self":[{"href":"https:\/\/riding.zandona.net\/de\/wp-json\/wp\/v2\/product\/18505","targetHints":{"allow":["GET"]}}],"collection":[{"href":"https:\/\/riding.zandona.net\/de\/wp-json\/wp\/v2\/product"}],"about":[{"href":"https:\/\/riding.zandona.net\/de\/wp-json\/wp\/v2\/types\/product"}],"replies":[{"embeddable":true,"href":"https:\/\/riding.zandona.net\/de\/wp-json\/wp\/v2\/comments?post=18505"}],"wp:featuredmedia":[{"embeddable":true,"href":"https:\/\/riding.zandona.net\/de\/wp-json\/wp\/v2\/media\/7619"}],"wp:attachment":[{"href":"https:\/\/riding.zandona.net\/de\/wp-json\/wp\/v2\/media?parent=18505"}],"wp:term":[{"taxonomy":"product_brand","embeddable":true,"href":"https:\/\/riding.zandona.net\/de\/wp-json\/wp\/v2\/product_brand?post=18505"},{"taxonomy":"product_cat","embeddable":true,"href":"https:\/\/riding.zandona.net\/de\/wp-json\/wp\/v2\/product_cat?post=18505"},{"taxonomy":"product_tag","embeddable":true,"href":"https:\/\/riding.zandona.net\/de\/wp-json\/wp\/v2\/product_tag?post=18505"}],"curies":[{"name":"wp","href":"https:\/\/api.w.org\/{rel}","templated":true}]}}