{"id":18513,"date":"2024-11-06T16:43:34","date_gmt":"2024-11-06T15:43:34","guid":{"rendered":"https:\/\/riding.zandona.net\/shop\/unkategorisiert\/spare-suspenders-190\/"},"modified":"2024-11-07T10:58:06","modified_gmt":"2024-11-07T09:58:06","slug":"spare-suspenders-190","status":"publish","type":"product","link":"https:\/\/riding.zandona.net\/de\/shop\/reiter\/zubehoer-fuer-erwachsene-reiter-protektoren\/ersatz-hosentraeger\/spare-suspenders-190\/","title":{"rendered":"SPARE SUSPENDERS 190"},"content":{"rendered":"<p>Zubeh\u00f6r\/Ersatzhosentr\u00e4ger f\u00fcr R\u00fcckenprotektoren (Erwachsene).<\/p>\n","protected":false},"excerpt":{"rendered":"<p>Ersatzspangen<\/p>\n","protected":false},"featured_media":7622,"comment_status":"open","ping_status":"closed","template":"","meta":[],"product_brand":[],"product_cat":[3831,3787,3815],"product_tag":[],"class_list":{"0":"post-18513","1":"product","2":"type-product","3":"status-publish","4":"has-post-thumbnail","6":"product_cat-ersatz-hosentraeger","7":"product_cat-reiter","8":"product_cat-zubehoer-fuer-erwachsene-reiter-protektoren","9":"pa_altezza-da-188-a-197-cm-de","10":"pa_codice-intrastat-95069990-de","11":"pa_disciplina-utilizzo-dressur","12":"pa_disciplina-utilizzo-harness","13":"pa_disciplina-utilizzo-springreiten","14":"pa_disciplina-utilizzo-trekking-de","16":"first","17":"instock","18":"taxable","19":"shipping-taxable","20":"purchasable","21":"product-type-simple"},"_links":{"self":[{"href":"https:\/\/riding.zandona.net\/de\/wp-json\/wp\/v2\/product\/18513","targetHints":{"allow":["GET"]}}],"collection":[{"href":"https:\/\/riding.zandona.net\/de\/wp-json\/wp\/v2\/product"}],"about":[{"href":"https:\/\/riding.zandona.net\/de\/wp-json\/wp\/v2\/types\/product"}],"replies":[{"embeddable":true,"href":"https:\/\/riding.zandona.net\/de\/wp-json\/wp\/v2\/comments?post=18513"}],"wp:featuredmedia":[{"embeddable":true,"href":"https:\/\/riding.zandona.net\/de\/wp-json\/wp\/v2\/media\/7622"}],"wp:attachment":[{"href":"https:\/\/riding.zandona.net\/de\/wp-json\/wp\/v2\/media?parent=18513"}],"wp:term":[{"taxonomy":"product_brand","embeddable":true,"href":"https:\/\/riding.zandona.net\/de\/wp-json\/wp\/v2\/product_brand?post=18513"},{"taxonomy":"product_cat","embeddable":true,"href":"https:\/\/riding.zandona.net\/de\/wp-json\/wp\/v2\/product_cat?post=18513"},{"taxonomy":"product_tag","embeddable":true,"href":"https:\/\/riding.zandona.net\/de\/wp-json\/wp\/v2\/product_tag?post=18513"}],"curies":[{"name":"wp","href":"https:\/\/api.w.org\/{rel}","templated":true}]}}