{"id":18515,"date":"2024-11-06T16:43:34","date_gmt":"2024-11-06T15:43:34","guid":{"rendered":"https:\/\/riding.zandona.net\/shop\/unkategorisiert\/netcube-armour-chest-kid\/"},"modified":"2024-11-07T10:58:08","modified_gmt":"2024-11-07T09:58:08","slug":"netcube-armour-chest-kid","status":"publish","type":"product","link":"https:\/\/riding.zandona.net\/de\/shop\/reiter\/zubehoer-fuer-junior-reiter-protektoren\/brustprotektoren-de\/netcube-armour-chest-kid\/","title":{"rendered":"NETCUBE ARMOUR CHEST KID"},"content":{"rendered":"<p>\u201cNETCUBE ARMOUR CHEST KID\u201c ist das Brustschutz-Zubeh\u00f6r in Kid-Gr\u00f6\u00dfe f\u00fcr den NetCube Back Pro Kid R\u00fcckenprotektor und mit der exklusiven Net3-Technologie entwickelt wurde, um einen optimalen Schutz des Brustbereichs w\u00e4hrend der Reitaktivit\u00e4t zu gew\u00e4hrleisten.<\/p>\n<p>HAUPTMERKMALE:<br \/>\n&#8211; Net3-Technologie: innovative Struktur aus Nitril Anti-Schock-Gummi, mit patentierter 3D-Netztechnologie, das Ergebnis sorgf\u00e4ltiger Studien, die es uns erm\u00f6glicht haben, eine erfolgreiche Kombination aus Form+ Zusammensetzung, die sehr gute Leistungen erbringt und eine hohe Absorptions- und Verteilungsleistung der Aufprallenergie garantiert wodurch ein maximaler Schutz gew\u00e4hrleistet wird;<br \/>\n&#8211; Zertifiziert CE EN 1621-3 Niveau 2;<br \/>\n&#8211; Innenpolsterung aus E.V.C.  (Evoluted Viscoelastic Cells), innovativer wasserabweisender Anti-Schock-Gummi mit einem hohen Verh\u00e4ltnis von Leistung \/ Gewicht \/ Dicke;<br \/>\n&#8211; Reduzierte St\u00e4rke zur Optimierung der Passform;<br \/>\n&#8211; Atmungsaktiv;<br \/>\n&#8211; 100% Made in Italy.<\/p>\n","protected":false},"excerpt":{"rendered":"<p>Brustschutz<\/p>\n","protected":false},"featured_media":7631,"comment_status":"open","ping_status":"closed","template":"","meta":[],"product_brand":[],"product_cat":[3848,3787,3818],"product_tag":[],"class_list":{"0":"post-18515","1":"product","2":"type-product","3":"status-publish","4":"has-post-thumbnail","6":"product_cat-brustprotektoren-de","7":"product_cat-reiter","8":"product_cat-zubehoer-fuer-junior-reiter-protektoren","9":"pa_altezza-da-105-a-150-cm-de","10":"pa_codice-intrastat-95069990-de","11":"pa_disciplina-utilizzo-dressur","12":"pa_disciplina-utilizzo-harness","13":"pa_disciplina-utilizzo-springreiten","14":"pa_disciplina-utilizzo-trekking-de","16":"first","17":"instock","18":"taxable","19":"shipping-taxable","20":"purchasable","21":"product-type-simple"},"_links":{"self":[{"href":"https:\/\/riding.zandona.net\/de\/wp-json\/wp\/v2\/product\/18515","targetHints":{"allow":["GET"]}}],"collection":[{"href":"https:\/\/riding.zandona.net\/de\/wp-json\/wp\/v2\/product"}],"about":[{"href":"https:\/\/riding.zandona.net\/de\/wp-json\/wp\/v2\/types\/product"}],"replies":[{"embeddable":true,"href":"https:\/\/riding.zandona.net\/de\/wp-json\/wp\/v2\/comments?post=18515"}],"wp:featuredmedia":[{"embeddable":true,"href":"https:\/\/riding.zandona.net\/de\/wp-json\/wp\/v2\/media\/7631"}],"wp:attachment":[{"href":"https:\/\/riding.zandona.net\/de\/wp-json\/wp\/v2\/media?parent=18515"}],"wp:term":[{"taxonomy":"product_brand","embeddable":true,"href":"https:\/\/riding.zandona.net\/de\/wp-json\/wp\/v2\/product_brand?post=18515"},{"taxonomy":"product_cat","embeddable":true,"href":"https:\/\/riding.zandona.net\/de\/wp-json\/wp\/v2\/product_cat?post=18515"},{"taxonomy":"product_tag","embeddable":true,"href":"https:\/\/riding.zandona.net\/de\/wp-json\/wp\/v2\/product_tag?post=18515"}],"curies":[{"name":"wp","href":"https:\/\/api.w.org\/{rel}","templated":true}]}}