{"id":18565,"date":"2024-11-06T16:44:36","date_gmt":"2024-11-06T15:44:36","guid":{"rendered":"https:\/\/riding.zandona.net\/shop\/unkategorisiert\/elite-air-h-performance-short-fetlock\/"},"modified":"2024-11-07T10:59:38","modified_gmt":"2024-11-07T09:59:38","slug":"elite-air-h-performance-short-fetlock","status":"publish","type":"product","link":"https:\/\/riding.zandona.net\/de\/shop\/auslass\/gamaschen-de\/elite-air-protezioni-cavallo-in-promozione-de\/elite-air-h-performance-short-fetlock\/","title":{"rendered":"ELITE AIR H-PERFORMANCE SHORT Fetlock"},"content":{"rendered":"<p>Die innovativen &#8220;ELITE AIR H-PERFORMANCE fetlock&#8221; sind Luxus Streichkappen, die entwickelt wurden, um ein neues Niveau an Exzellenz und den neuesten Stand der Technik im Pferdeschutz zu gew\u00e4hrleisten.<br \/>\nSie sind in den Versionen SHORT &#038; LONG erh\u00e4ltlich und unterscheiden sich im Gef\u00fchl dank einer anderen Form der Struktur entlang der Sehne ohne den Komfort und das Wohlbefinden des Pferdes zu beeintr\u00e4chtigen.<br \/>\nEntwickelt, um die perfekte Kombination aus maximalem Schutz, Leichtigkeit und Komfort zu bieten, repr\u00e4sentiert es das Beste der derzeit auf dem Markt verf\u00fcgbaren Technologie.<br \/>\nDie \u00e4u\u00dfere Struktur enth\u00e4lt einen neuen speziellen Einsatz aus FLEX-CARBON Faser (patentiert), der die Schutzkapazit\u00e4t des Streichkappen maximiert, ohne die Flexibilit\u00e4t und Anpassungsf\u00e4higkeit an das Glied einzuschr\u00e4nken, wodurch neue Leistungsniveaus erreicht werden.<br \/>\nDie Polsterung, bestehend aus einer Au\u00dfenschicht aus 3D Air-Mesh, einer Innenschicht aus perforiertem Neopren und dem getesteten Gel-Tech f\u00fcr die Bereiche, die am st\u00e4rksten St\u00f6\u00dfen ausgesetzt sind, bietet ein optimales Niveau an Absorption und Komfort sowie eine unvergleichliche Atmungsaktivit\u00e4t dank des inneren Beschichtung mit COOLMAX\u00ae-Technologie, die Schwei\u00df entfernen.<br \/>\nDie elastischen Gurten haben eine neue Form, die sie noch ergonomischer, schneller und sicherer macht.<\/p>\n<p>Schlie\u00dflich, machen die speziellen goldenen Eins\u00e4tze die ELITE AIR exklusiv und stellen dank des italienischen Designs und der italienischen Herstellung ein neues Stil- und Qualit\u00e4tsziel auf.<\/p>\n<p>HAUPTMERKMALE:<br \/>\n&#8211; Hochgradig sch\u00fctzende Struktur mit 3D-Air-Mesh-Schicht + perforiertem Neopren;<br \/>\n&#8211; Innere Beschichtung aus Coolmax\u00ae f\u00fcr hervorragende Atmungsaktivit\u00e4t;<br \/>\n&#8211; Flexible FLEX-CARBON Fasereins\u00e4tze (patentiert) f\u00fcr zus\u00e4tzlichen Schutz und Komfort;<br \/>\n&#8211; Gel-Tech Polsterung zur Sto\u00dfd\u00e4mpfung;<br \/>\n&#8211; Lufteinl\u00e4sse f\u00fcr hervorragende Bel\u00fcftung;<br \/>\n&#8211; Flexible Au\u00dfenschale und Flex-Zone f\u00fcr v\u00f6llige Bewegungsfreiheit;<br \/>\n&#8211; 100 % Made in Italy.<\/p>\n","protected":false},"excerpt":{"rendered":"<p>Fesselgelenkschutz (Performance Boots)<\/p>\n","protected":false},"featured_media":7700,"comment_status":"open","ping_status":"closed","template":"","meta":[],"product_brand":[],"product_cat":[3555,3959,3731,3695],"product_tag":[],"class_list":{"0":"post-18565","1":"product","2":"type-product","3":"status-publish","4":"has-post-thumbnail","6":"product_cat-auslass","7":"product_cat-elite-air-protezioni-cavallo-in-promozione-de","8":"product_cat-fei-konforme-streichkappen","9":"product_cat-gamaschen-de","10":"pa_codice-intrastat-42010000-de","11":"pa_disciplina-utilizzo-harness","12":"pa_disciplina-utilizzo-springreiten","13":"pa_disciplina-utilizzo-trekking-de","14":"pa_giro-nodello-da-28-a-30-cm-de","15":"pa_giro-nodello-da-31-a-32-cm-de","16":"pa_giro-nodello-da-33-a-34-cm-de","17":"pa_giro-nodello-da-35-a-37-cm-de","19":"first","20":"instock","21":"taxable","22":"shipping-taxable","23":"purchasable","24":"product-type-variable"},"_links":{"self":[{"href":"https:\/\/riding.zandona.net\/de\/wp-json\/wp\/v2\/product\/18565","targetHints":{"allow":["GET"]}}],"collection":[{"href":"https:\/\/riding.zandona.net\/de\/wp-json\/wp\/v2\/product"}],"about":[{"href":"https:\/\/riding.zandona.net\/de\/wp-json\/wp\/v2\/types\/product"}],"replies":[{"embeddable":true,"href":"https:\/\/riding.zandona.net\/de\/wp-json\/wp\/v2\/comments?post=18565"}],"wp:featuredmedia":[{"embeddable":true,"href":"https:\/\/riding.zandona.net\/de\/wp-json\/wp\/v2\/media\/7700"}],"wp:attachment":[{"href":"https:\/\/riding.zandona.net\/de\/wp-json\/wp\/v2\/media?parent=18565"}],"wp:term":[{"taxonomy":"product_brand","embeddable":true,"href":"https:\/\/riding.zandona.net\/de\/wp-json\/wp\/v2\/product_brand?post=18565"},{"taxonomy":"product_cat","embeddable":true,"href":"https:\/\/riding.zandona.net\/de\/wp-json\/wp\/v2\/product_cat?post=18565"},{"taxonomy":"product_tag","embeddable":true,"href":"https:\/\/riding.zandona.net\/de\/wp-json\/wp\/v2\/product_tag?post=18565"}],"curies":[{"name":"wp","href":"https:\/\/api.w.org\/{rel}","templated":true}]}}