{"id":18583,"date":"2024-11-06T16:44:49","date_gmt":"2024-11-06T15:44:49","guid":{"rendered":"https:\/\/riding.zandona.net\/shop\/unkategorisiert\/carbon-chic-tendon\/"},"modified":"2024-11-07T11:00:08","modified_gmt":"2024-11-07T10:00:08","slug":"carbon-chic-tendon","status":"publish","type":"product","link":"https:\/\/riding.zandona.net\/de\/shop\/pferd\/gamaschen\/springreiten-gamaschen\/carbon-chic-de\/carbon-chic-tendon\/","title":{"rendered":"CARBON CHIC Tendon"},"content":{"rendered":"<p>Die Gamaschen &#8220;CARBON CHIC tendon&#8221; sind ein Muss f\u00fcr alle, die einen unvergleichlichen, modischen Stil zeigen und gleichzeitig eine au\u00dfergew\u00f6hnliche Leistung erbringen wollen, damit das Pferd auf h\u00f6chstem Niveau arbeitet und absolut glamour\u00f6s aussieht.<br \/>\nDiese Gamaschen aus der Linie Fashion Series vereinen modernes Design, das sich durch k\u00fchne Linien und gl\u00e4nzende Oberfl\u00e4chen auszeichnet, mit einem Hauch von Glitzer, der den Gamaschen nicht nur versch\u00f6nert, sondern auch eine wichtige Schutzfunktion erf\u00fcllt.<\/p>\n<p>Der spezielle Eins\u00e4tze in Kohlenstofffaser (patentiert und zum ersten Mal glitzernd) verst\u00e4rkt die Schutzkapazit\u00e4t des Gamaschens und sorgt gleichzeitig f\u00fcr maximale Flexibilit\u00e4t und Anpassungsf\u00e4higkeit an die Gliedma\u00dfen des Pferdes.<\/p>\n<p>Die Polsterung bestehend aus einer Au\u00dfenschicht aus 3D-Air-Mesh, einer Innenschicht aus perforiertem Neopren und dem getesteten Gel-Tech f\u00fcr die Bereiche, die am st\u00e4rksten dem St\u00f6\u00dfen ausgesetzt sind. Diese Kombination bietet dem Pferd ein H\u00f6chstma\u00df an Schutz und Komfort, so dass es in jeder Hinsicht gl\u00e4nzen kann, sowohl in der Leistung als auch im Stil.<br \/>\nDie Lufteinl\u00e4sse sind gro\u00df und zahlreich, um die Bel\u00fcftung zu gew\u00e4hrleisten und Stress und \u00dcberhitzung in den Gliedma\u00dfen zu verhindern.<br \/>\n100% Made in Italy und nachhaltig, da es aus 95% recyceltem TPU (PSV-zertifiziert) hergestellt wird.<\/p>\n<p>CARBON CHIC, Shine Your Performance.<\/p>\n<p>HAUPTMERKMALE:<br \/>\n&#8211; GLITTER-Einsatz f\u00fcr einen einzigartigen Stil;<br \/>\n&#8211; Eins\u00e4tze in Kohlenstofffaser f\u00fcr zus\u00e4tzlichen Schutz;<br \/>\n&#8211; Anatomische Struktur aus recyceltem TPU;<br \/>\n&#8211; Super atmungsaktive Struktur und Beschichtung;<br \/>\n&#8211; Gel-Tech Polsterung f\u00fcr Sto\u00dfd\u00e4mpfung;<br \/>\n&#8211; Lufteinl\u00e4sse f\u00fcr zus\u00e4tzliche Bel\u00fcftung;<br \/>\n&#8211; Flex-Zone f\u00fcr v\u00f6llige Bewegungsfreiheit;<br \/>\n&#8211; 3D Air-Mesh + perforiertes Neopren;<br \/>\n&#8211; 100% Made in Italy.<\/p>\n","protected":false},"excerpt":{"rendered":"<p>Sehnenschutz<\/p>\n","protected":false},"featured_media":7724,"comment_status":"open","ping_status":"closed","template":"","meta":[],"product_brand":[],"product_cat":[3551,3594,3647,3543,3643,3651],"product_tag":[],"class_list":{"0":"post-18583","1":"product","2":"type-product","3":"status-publish","4":"has-post-thumbnail","6":"product_cat-ausgewahlte","7":"product_cat-carbon-chic-de","8":"product_cat-gamaschen","9":"product_cat-neu","10":"product_cat-pferd","11":"product_cat-springreiten-gamaschen","12":"pa_codice-intrastat-42010000-de","13":"pa_disciplina-utilizzo-harness","14":"pa_disciplina-utilizzo-springreiten","15":"pa_disciplina-utilizzo-trekking-de","16":"pa_giro-nodello-da-26-a-28-cm-de","17":"pa_giro-nodello-da-29-a-30-cm-de","18":"pa_giro-nodello-da-31-a-32-cm-de","19":"pa_giro-nodello-da-33-a-35-cm-de","21":"first","22":"instock","23":"taxable","24":"shipping-taxable","25":"purchasable","26":"product-type-variable"},"_links":{"self":[{"href":"https:\/\/riding.zandona.net\/de\/wp-json\/wp\/v2\/product\/18583","targetHints":{"allow":["GET"]}}],"collection":[{"href":"https:\/\/riding.zandona.net\/de\/wp-json\/wp\/v2\/product"}],"about":[{"href":"https:\/\/riding.zandona.net\/de\/wp-json\/wp\/v2\/types\/product"}],"replies":[{"embeddable":true,"href":"https:\/\/riding.zandona.net\/de\/wp-json\/wp\/v2\/comments?post=18583"}],"wp:featuredmedia":[{"embeddable":true,"href":"https:\/\/riding.zandona.net\/de\/wp-json\/wp\/v2\/media\/7724"}],"wp:attachment":[{"href":"https:\/\/riding.zandona.net\/de\/wp-json\/wp\/v2\/media?parent=18583"}],"wp:term":[{"taxonomy":"product_brand","embeddable":true,"href":"https:\/\/riding.zandona.net\/de\/wp-json\/wp\/v2\/product_brand?post=18583"},{"taxonomy":"product_cat","embeddable":true,"href":"https:\/\/riding.zandona.net\/de\/wp-json\/wp\/v2\/product_cat?post=18583"},{"taxonomy":"product_tag","embeddable":true,"href":"https:\/\/riding.zandona.net\/de\/wp-json\/wp\/v2\/product_tag?post=18583"}],"curies":[{"name":"wp","href":"https:\/\/api.w.org\/{rel}","templated":true}]}}