{"id":18619,"date":"2024-11-06T16:45:47","date_gmt":"2024-11-06T15:45:47","guid":{"rendered":"https:\/\/riding.zandona.net\/shop\/unkategorisiert\/carbon-chic-h-performance-short-fetlock\/"},"modified":"2024-11-07T11:01:05","modified_gmt":"2024-11-07T10:01:05","slug":"carbon-chic-h-performance-short-fetlock","status":"publish","type":"product","link":"https:\/\/riding.zandona.net\/de\/shop\/auslass\/gamaschen-de\/carbon-chic-protezioni-cavallo-in-promozione_de\/carbon-chic-h-performance-short-fetlock\/","title":{"rendered":"CARBON CHIC H-PERFORMANCE SHORT Fetlock"},"content":{"rendered":"<p>Die Streichkappen &#8220;CARBON CHIC H-PERFORMANCE fetlock&#8221; sind ein Muss f\u00fcr alle, die einen unvergleichlichen, modischen Stil zeigen und gleichzeitig eine au\u00dfergew\u00f6hnliche Leistung erbringen wollen, damit das Pferd auf h\u00f6chstem Niveau arbeitet und absolut glamour\u00f6s aussieht.<\/p>\n<p>Erh\u00e4ltlich in den Versionen SHORT &#038; LONG, unterscheiden sie sich im Gef\u00fchl dank einer anderen Form der Struktur entlang der Sehne, ohne den Komfort und das Wohlbefinden des Pferdes zu beeintr\u00e4chtigen und vereinen modernes Design, das sich durch k\u00fchne Linien und gl\u00e4nzende Oberfl\u00e4chen auszeichnet.<\/p>\n<p>Die Polsterung bestehend aus einer Au\u00dfenschicht aus 3D-Air-Mesh, einer Innenschicht aus perforiertem Neopren und dem getesteten Gel-Tech f\u00fcr die Bereiche, die am st\u00e4rksten dem St\u00f6\u00dfen ausgesetzt sind. Diese Kombination bietet dem Pferd ein H\u00f6chstma\u00df an Schutz und Komfort, so dass es in jeder Hinsicht gl\u00e4nzen kann, sowohl in der Leistung als auch im Stil.<br \/>\nDie Lufteinl\u00e4sse sind gro\u00df und zahlreich, um die Bel\u00fcftung zu gew\u00e4hrleisten und Stress und \u00dcberhitzung in den Gliedma\u00dfen zu verhindern.<br \/>\n100% Made in Italy und nachhaltig, da es aus 95% recyceltem TPU (PSV-zertifiziert) hergestellt wird.<\/p>\n<p>CARBON CHIC, Shine Your Performance.<\/p>\n<p>HAUPTMERKMALE:<br \/>\n&#8211; GLITTER-Einsatz f\u00fcr einen einzigartigen Stil;<br \/>\n&#8211; Eins\u00e4tze in Kohlenstofffaser f\u00fcr zus\u00e4tzlichen Schutz;<br \/>\n&#8211; Anatomische Struktur aus recyceltem TPU;<br \/>\n&#8211; Super atmungsaktive Struktur und Beschichtung;<br \/>\n&#8211; Gel-Tech Polsterung f\u00fcr Sto\u00dfd\u00e4mpfung;<br \/>\n&#8211; Lufteinl\u00e4sse f\u00fcr zus\u00e4tzliche Bel\u00fcftung;<br \/>\n&#8211; Flex-Zone f\u00fcr v\u00f6llige Bewegungsfreiheit;<br \/>\n&#8211; 3D Air-Mesh + perforiertes Neopren;<br \/>\n&#8211; 100% Made in Italy.<\/p>\n","protected":false},"excerpt":{"rendered":"<p>Fesselgelenkschutz (Performance Boots)<\/p>\n","protected":false},"featured_media":7768,"comment_status":"open","ping_status":"closed","template":"","meta":[],"product_brand":[],"product_cat":[3555,3964,3731,3695,3547],"product_tag":[],"class_list":{"0":"post-18619","1":"product","2":"type-product","3":"status-publish","4":"has-post-thumbnail","6":"product_cat-auslass","7":"product_cat-carbon-chic-protezioni-cavallo-in-promozione_de","8":"product_cat-fei-konforme-streichkappen","9":"product_cat-gamaschen-de","10":"product_cat-meistverkaufte-produkte","11":"pa_codice-intrastat-42010000-de","12":"pa_disciplina-utilizzo-harness","13":"pa_disciplina-utilizzo-springreiten","14":"pa_disciplina-utilizzo-trekking-de","15":"pa_giro-nodello-da-28-a-30-cm-de","16":"pa_giro-nodello-da-31-a-32-cm-de","17":"pa_giro-nodello-da-33-a-34-cm-de","18":"pa_giro-nodello-da-35-a-37-cm-de","20":"first","21":"instock","22":"taxable","23":"shipping-taxable","24":"purchasable","25":"product-type-variable"},"_links":{"self":[{"href":"https:\/\/riding.zandona.net\/de\/wp-json\/wp\/v2\/product\/18619","targetHints":{"allow":["GET"]}}],"collection":[{"href":"https:\/\/riding.zandona.net\/de\/wp-json\/wp\/v2\/product"}],"about":[{"href":"https:\/\/riding.zandona.net\/de\/wp-json\/wp\/v2\/types\/product"}],"replies":[{"embeddable":true,"href":"https:\/\/riding.zandona.net\/de\/wp-json\/wp\/v2\/comments?post=18619"}],"wp:featuredmedia":[{"embeddable":true,"href":"https:\/\/riding.zandona.net\/de\/wp-json\/wp\/v2\/media\/7768"}],"wp:attachment":[{"href":"https:\/\/riding.zandona.net\/de\/wp-json\/wp\/v2\/media?parent=18619"}],"wp:term":[{"taxonomy":"product_brand","embeddable":true,"href":"https:\/\/riding.zandona.net\/de\/wp-json\/wp\/v2\/product_brand?post=18619"},{"taxonomy":"product_cat","embeddable":true,"href":"https:\/\/riding.zandona.net\/de\/wp-json\/wp\/v2\/product_cat?post=18619"},{"taxonomy":"product_tag","embeddable":true,"href":"https:\/\/riding.zandona.net\/de\/wp-json\/wp\/v2\/product_tag?post=18619"}],"curies":[{"name":"wp","href":"https:\/\/api.w.org\/{rel}","templated":true}]}}