{"id":18646,"date":"2024-11-06T16:46:14","date_gmt":"2024-11-06T15:46:14","guid":{"rendered":"https:\/\/riding.zandona.net\/shop\/unkategorisiert\/air-master-fetlock\/"},"modified":"2024-11-07T11:01:55","modified_gmt":"2024-11-07T10:01:55","slug":"air-master-fetlock","status":"publish","type":"product","link":"https:\/\/riding.zandona.net\/de\/shop\/pferd\/gamaschen\/springreiten-gamaschen\/air-master-de\/air-master-fetlock\/","title":{"rendered":"AIR MASTER Fetlock"},"content":{"rendered":"<p>Die innovativen \u201cAIR MASTER fetlock\u201c wurden entwickelt, um an dem Sportpferd ein hervorragendes Niveau an Schutz, Leichtigkeit und Komfort zu bieten.<br \/>\nDie mehreren Lufteinl\u00e4sse beg\u00fcnstigen eine vollst\u00e4ndige Bel\u00fcftung, die es den Gliedma\u00dfen erm\u00f6glicht, nicht zu \u00fcberhitzen und immer ihre beste Leistung zu erbringen.<br \/>\nDie erneuerte \u00e4u\u00dfere Struktur enth\u00e4lt einen neuen speziellen Einsatz aus FLEX-TITANIUM-Faser (patentiert), der die Schutzkapazit\u00e4t der Gamaschen erh\u00f6ht, ohne seine Flexibilit\u00e4t und Anpassungsf\u00e4higkeit an das Glied einzuschr\u00e4nken.<br \/>\nDie Polsterung, bestehend aus einer Au\u00dfenschicht aus 3D Air-Mesh, einer Innenschicht aus perforiertem Neopren und dem getesteten Gel-Tech f\u00fcr die Bereiche, die am st\u00e4rksten St\u00f6\u00dfen ausgesetzt sind, bietet hervorragenden Schutz und Komfort.<br \/>\nDas moderne Design und die Herstellung zu 100 % Made in Italy zeichnen die AIR MASTER Linie f\u00fcr ihre sehr hohe Qualit\u00e4t und au\u00dfergew\u00f6hnliche Leichtigkeit aus.<\/p>\n<p>HAUPTMERKMALE:<br \/>\n&#8211; Super atmungsaktive Struktur und innere Beschichtung;<br \/>\n&#8211; FLEX-TITANIUM-Fasereins\u00e4tze (patentiert) f\u00fcr zus\u00e4tzlichen Schutz;<br \/>\n&#8211; Gel-Tech Polsterung zur Sto\u00dfd\u00e4mpfung;<br \/>\n&#8211; Lufteinl\u00e4sse f\u00fcr zus\u00e4tzliche Bel\u00fcftung;<br \/>\n&#8211; Flex-Zone f\u00fcr v\u00f6llige Bewegungsfreiheit;<br \/>\n &#8211; 3D Air-Mesh + perforiertes Neopren;<br \/>\n &#8211; 100 % Made in Italy.<\/p>\n","protected":false},"excerpt":{"rendered":"<p>Fesselgelenkschutz<\/p>\n","protected":false},"featured_media":7803,"comment_status":"open","ping_status":"open","template":"","meta":[],"product_brand":[],"product_cat":[3589,3731,3647,3643,3651],"product_tag":[],"class_list":{"0":"post-18646","1":"product","2":"type-product","3":"status-publish","4":"has-post-thumbnail","6":"product_cat-air-master-de","7":"product_cat-fei-konforme-streichkappen","8":"product_cat-gamaschen","9":"product_cat-pferd","10":"product_cat-springreiten-gamaschen","11":"pa_codice-intrastat-42010000-de","12":"pa_disciplina-utilizzo-harness","13":"pa_disciplina-utilizzo-springreiten","14":"pa_disciplina-utilizzo-trekking-de","15":"pa_giro-nodello-da-28-a-30-cm-de","16":"pa_giro-nodello-da-31-a-32-cm-de","17":"pa_giro-nodello-da-33-a-34-cm-de","18":"pa_giro-nodello-da-35-a-37-cm-de","20":"first","21":"instock","22":"taxable","23":"shipping-taxable","24":"purchasable","25":"product-type-variable"},"_links":{"self":[{"href":"https:\/\/riding.zandona.net\/de\/wp-json\/wp\/v2\/product\/18646","targetHints":{"allow":["GET"]}}],"collection":[{"href":"https:\/\/riding.zandona.net\/de\/wp-json\/wp\/v2\/product"}],"about":[{"href":"https:\/\/riding.zandona.net\/de\/wp-json\/wp\/v2\/types\/product"}],"replies":[{"embeddable":true,"href":"https:\/\/riding.zandona.net\/de\/wp-json\/wp\/v2\/comments?post=18646"}],"wp:featuredmedia":[{"embeddable":true,"href":"https:\/\/riding.zandona.net\/de\/wp-json\/wp\/v2\/media\/7803"}],"wp:attachment":[{"href":"https:\/\/riding.zandona.net\/de\/wp-json\/wp\/v2\/media?parent=18646"}],"wp:term":[{"taxonomy":"product_brand","embeddable":true,"href":"https:\/\/riding.zandona.net\/de\/wp-json\/wp\/v2\/product_brand?post=18646"},{"taxonomy":"product_cat","embeddable":true,"href":"https:\/\/riding.zandona.net\/de\/wp-json\/wp\/v2\/product_cat?post=18646"},{"taxonomy":"product_tag","embeddable":true,"href":"https:\/\/riding.zandona.net\/de\/wp-json\/wp\/v2\/product_tag?post=18646"}],"curies":[{"name":"wp","href":"https:\/\/api.w.org\/{rel}","templated":true}]}}