{"id":18673,"date":"2024-11-06T16:46:38","date_gmt":"2024-11-06T15:46:38","guid":{"rendered":"https:\/\/riding.zandona.net\/shop\/unkategorisiert\/air-master-h-performance-short-fetlock\/"},"modified":"2024-11-07T11:02:34","modified_gmt":"2024-11-07T10:02:34","slug":"air-master-h-performance-short-fetlock","status":"publish","type":"product","link":"https:\/\/riding.zandona.net\/de\/shop\/auslass\/gamaschen-de\/air-master-protezioni-cavallo-in-promozione-de\/air-master-h-performance-short-fetlock\/","title":{"rendered":"AIR MASTER H-PERFORMANCE SHORT Fetlock"},"content":{"rendered":"<p>Die Streichkappen \u201eAIR MASTER H-PERFORMANCE SHORT fetlock\u201c sind spezielle innovative Streichkappen, die entwickelt wurden, um au\u00dfergew\u00f6hnliche Leistung und hervorragenden Komfort des Pferdes in der Disziplin Springreiten zu erzielen.<br \/>\nDie Short-Version dank einer k\u00fcrzeren Konformation (im Vergleich zur H-Performance Long-Version) entlang der Sehne f\u00fcr mehr Leistung, ohne den Komfort und das Wohlbefinden des Pferdes zu beeintr\u00e4chtigen.<br \/>\nDie Polsterung, bestehend aus einer Au\u00dfenschicht aus 3D Air-Mesh, einer Innenschicht aus perforiertem Neopren und dem getesteten Gel-Tech f\u00fcr die Bereiche, die am st\u00e4rksten St\u00f6\u00dfen ausgesetzt sind, bietet hervorragenden Schutz und Komfort.<br \/>\nDie mitgelieferten \u201cPerformance\u201c Gummiz\u00fcge garantieren eine hohe Leistung und die elastischen Gurten haben eine neue Form, die sie noch ergonomischer, schneller und sicherer macht.<br \/>\nDas moderne Design und die Herstellung zu 100 % Made in Italy zeichnen die AIR MASTER Linie f\u00fcr ihre sehr hohe Qualit\u00e4t und au\u00dfergew\u00f6hnliche Leichtigkeit aus.<\/p>\n<p>HAUPTMERKMALE:<br \/>\n&#8211; Super atmungsaktive Struktur und innere Beschichtung;<br \/>\n&#8211; Gel-Tech Polsterung zur Sto\u00dfd\u00e4mpfung;<br \/>\n&#8211; Lufteinl\u00e4sse f\u00fcr zus\u00e4tzliche Bel\u00fcftung;<br \/>\n&#8211; 3D Air-Mesh + perforiertes Neopren;<br \/>\n &#8211; 100 % Made in Italy.<\/p>\n","protected":false},"excerpt":{"rendered":"<p>Fesselgelenkschutz (Performance Boots)<\/p>\n","protected":false},"featured_media":7836,"comment_status":"open","ping_status":"closed","template":"","meta":[],"product_brand":[],"product_cat":[3955,3555,3731,3695],"product_tag":[],"class_list":{"0":"post-18673","1":"product","2":"type-product","3":"status-publish","4":"has-post-thumbnail","6":"product_cat-air-master-protezioni-cavallo-in-promozione-de","7":"product_cat-auslass","8":"product_cat-fei-konforme-streichkappen","9":"product_cat-gamaschen-de","10":"pa_codice-intrastat-42010000-de","11":"pa_disciplina-utilizzo-harness","12":"pa_disciplina-utilizzo-springreiten","13":"pa_disciplina-utilizzo-trekking-de","14":"pa_giro-nodello-da-28-a-30-cm-de","15":"pa_giro-nodello-da-31-a-32-cm-de","16":"pa_giro-nodello-da-33-a-34-cm-de","17":"pa_giro-nodello-da-35-a-37-cm-de","19":"first","20":"instock","21":"taxable","22":"shipping-taxable","23":"purchasable","24":"product-type-variable"},"_links":{"self":[{"href":"https:\/\/riding.zandona.net\/de\/wp-json\/wp\/v2\/product\/18673","targetHints":{"allow":["GET"]}}],"collection":[{"href":"https:\/\/riding.zandona.net\/de\/wp-json\/wp\/v2\/product"}],"about":[{"href":"https:\/\/riding.zandona.net\/de\/wp-json\/wp\/v2\/types\/product"}],"replies":[{"embeddable":true,"href":"https:\/\/riding.zandona.net\/de\/wp-json\/wp\/v2\/comments?post=18673"}],"wp:featuredmedia":[{"embeddable":true,"href":"https:\/\/riding.zandona.net\/de\/wp-json\/wp\/v2\/media\/7836"}],"wp:attachment":[{"href":"https:\/\/riding.zandona.net\/de\/wp-json\/wp\/v2\/media?parent=18673"}],"wp:term":[{"taxonomy":"product_brand","embeddable":true,"href":"https:\/\/riding.zandona.net\/de\/wp-json\/wp\/v2\/product_brand?post=18673"},{"taxonomy":"product_cat","embeddable":true,"href":"https:\/\/riding.zandona.net\/de\/wp-json\/wp\/v2\/product_cat?post=18673"},{"taxonomy":"product_tag","embeddable":true,"href":"https:\/\/riding.zandona.net\/de\/wp-json\/wp\/v2\/product_tag?post=18673"}],"curies":[{"name":"wp","href":"https:\/\/api.w.org\/{rel}","templated":true}]}}