{"id":18700,"date":"2024-11-06T16:47:15","date_gmt":"2024-11-06T15:47:15","guid":{"rendered":"https:\/\/riding.zandona.net\/shop\/unkategorisiert\/elite-air-sensitive-fetlock\/"},"modified":"2024-11-07T11:03:17","modified_gmt":"2024-11-07T10:03:17","slug":"elite-air-sensitive-fetlock","status":"publish","type":"product","link":"https:\/\/riding.zandona.net\/de\/shop\/pferd\/gamaschen\/springreiten-gamaschen\/elite-air-sensitive-de\/elite-air-sensitive-fetlock\/","title":{"rendered":"ELITE AIR SENSITIVE+ Fetlock"},"content":{"rendered":"<p>Die neuen Luxus Streichkappen &#8220;ELITE AIR SENSITIVE + fetlock&#8221; sind f\u00fcr sensible Pferde konzipiert, die ein neues Niveau an Exzellenz und den neuesten Stand der Technik im Pferdeschutz einzuf\u00fchren.<br \/>\nEntwickelt, um die perfekte Kombination aus maximalem Schutz, Leichtigkeit und Komfort zu bieten, repr\u00e4sentiert es das Beste der derzeit auf dem Markt verf\u00fcgbaren Technologie.<br \/>\nDiese einzigartige Produktlinie verf\u00fcgt \u00fcber das Sensitive + \u201cNo Skin, No Problem\u201c innere Beschichtung aus ECHTER hochwertiger Merinowolle erhalten mit der Schur.<br \/>\nDie Wolle, als nat\u00fcrlicher Temperaturregler eignet sich f\u00fcr die ganzj\u00e4hrige Benutzung und dank seiner hypoallergenen Eigenschaften ist ideal auch f\u00fcr Pferde mit sensibler Haut.<br \/>\nDurch die Vermeidung der Verwendung von LEDER, werden auch alle typischen Pflege- und Wartungsprobleme vermieden, ohne auf den maximalen Komfort und die spezifischen antiallergischen Eigenschaften zu verzichten.<br \/>\nDie \u00e4u\u00dfere Struktur enth\u00e4lt einen neuen speziellen Einsatz aus FLEX-CARBON Faser (patentiert), der die Schutzkapazit\u00e4t des Gamaschen maximiert, ohne die Flexibilit\u00e4t und Anpassungsf\u00e4higkeit an das Glied einzuschr\u00e4nken, wodurch neue Leistungsniveaus erreicht werden.<br \/>\nDie elastischen Gurten haben eine neue Form, die sie noch ergonomischer, schneller und sicherer macht.<br \/>\nSchlie\u00dflich, machen die speziellen goldenen Eins\u00e4tze die ELITE AIR-Produkte exklusiv und stellen dank des italienischen Designs und der italienischen Herstellung ein neues Stil-ziel auf.<\/p>\n<p>HAUPTMERKMALE:<br \/>\n&#8211; Hochgradig sch\u00fctzende Struktur mit innerer Beschichtung aus echter \u201eNo Skin, No Problem\u201c Merinowolle;<br \/>\n&#8211; Flexible FLEX-CARBON Fasereins\u00e4tze (patentiert) f\u00fcr zus\u00e4tzlichen Schutz und Komfort;<br \/>\n&#8211; Gel-Tech Polsterung zur Sto\u00dfd\u00e4mpfung;<br \/>\n&#8211; 18 Lufteinl\u00e4sse f\u00fcr hervorragende Bel\u00fcftung;<br \/>\n&#8211; Flexible Au\u00dfenschale und Flex-Zone f\u00fcr v\u00f6llige Bewegungsfreiheit;<br \/>\n&#8211; 100 % Made in Italy.<\/p>\n","protected":false},"excerpt":{"rendered":"<p>Fesselgelenkschutz<\/p>\n","protected":false},"featured_media":7871,"comment_status":"open","ping_status":"open","template":"","meta":[],"product_brand":[],"product_cat":[3607,3731,3647,3643,3651],"product_tag":[],"class_list":{"0":"post-18700","1":"product","2":"type-product","3":"status-publish","4":"has-post-thumbnail","6":"product_cat-elite-air-sensitive-de","7":"product_cat-fei-konforme-streichkappen","8":"product_cat-gamaschen","9":"product_cat-pferd","10":"product_cat-springreiten-gamaschen","11":"pa_codice-intrastat-42010000-de","12":"pa_disciplina-utilizzo-harness","13":"pa_disciplina-utilizzo-springreiten","14":"pa_disciplina-utilizzo-trekking-de","15":"pa_giro-nodello-da-28-a-30-cm-de","16":"pa_giro-nodello-da-31-a-32-cm-de","17":"pa_giro-nodello-da-33-a-34-cm-de","18":"pa_giro-nodello-da-35-a-37-cm-de","20":"first","21":"instock","22":"taxable","23":"shipping-taxable","24":"purchasable","25":"product-type-variable"},"_links":{"self":[{"href":"https:\/\/riding.zandona.net\/de\/wp-json\/wp\/v2\/product\/18700","targetHints":{"allow":["GET"]}}],"collection":[{"href":"https:\/\/riding.zandona.net\/de\/wp-json\/wp\/v2\/product"}],"about":[{"href":"https:\/\/riding.zandona.net\/de\/wp-json\/wp\/v2\/types\/product"}],"replies":[{"embeddable":true,"href":"https:\/\/riding.zandona.net\/de\/wp-json\/wp\/v2\/comments?post=18700"}],"wp:featuredmedia":[{"embeddable":true,"href":"https:\/\/riding.zandona.net\/de\/wp-json\/wp\/v2\/media\/7871"}],"wp:attachment":[{"href":"https:\/\/riding.zandona.net\/de\/wp-json\/wp\/v2\/media?parent=18700"}],"wp:term":[{"taxonomy":"product_brand","embeddable":true,"href":"https:\/\/riding.zandona.net\/de\/wp-json\/wp\/v2\/product_brand?post=18700"},{"taxonomy":"product_cat","embeddable":true,"href":"https:\/\/riding.zandona.net\/de\/wp-json\/wp\/v2\/product_cat?post=18700"},{"taxonomy":"product_tag","embeddable":true,"href":"https:\/\/riding.zandona.net\/de\/wp-json\/wp\/v2\/product_tag?post=18700"}],"curies":[{"name":"wp","href":"https:\/\/api.w.org\/{rel}","templated":true}]}}