{"id":18718,"date":"2024-11-06T16:47:27","date_gmt":"2024-11-06T15:47:27","guid":{"rendered":"https:\/\/riding.zandona.net\/shop\/unkategorisiert\/carbon-pro-tendon\/"},"modified":"2024-11-07T11:03:43","modified_gmt":"2024-11-07T10:03:43","slug":"carbon-pro-tendon","status":"publish","type":"product","link":"https:\/\/riding.zandona.net\/de\/shop\/pferd\/gamaschen\/springreiten-gamaschen\/carbon-pro-de\/carbon-pro-tendon\/","title":{"rendered":"CARBON PRO Tendon"},"content":{"rendered":"<p>&#8220;CARBON PRO tendon&#8221; ist die Weiterentwicklung unserer \u00e4ltesten und meistverkauften Kollektion f\u00fcr den Springreiten darstellt, die jetzt mit einem grundlegend \u00fcberarbeiteten Design neu gestaltet wurde, um dem Pferd noch leichtere und atmungsaktivere Gamaschen und einen noch umfassenderen Schutzbereich zu bieten.<\/p>\n<p>Die innovative, von Rennwagen und Flugzeugen inspirierte Struktur verf\u00fcgt \u00fcber gro\u00dfe Lufteinl\u00e4sse, die zum ersten Mal, strategisch vor der Bewegungsrichtung des Pferdes angeordnet sind. Dadurch wird die Luft, die durch eine 3D-Air-Mesh Schicht unter der Schale geleitet wird, in gr\u00f6\u00dferen Mengen nach hinten durch einen geeigneten zentralen Lufteinlass in dem Bereich ausgesto\u00dfen, in dem aufgrund des relativen Unterdrucks, der typischerweise am hinteren Ende von sich bewegenden Objekten entsteht, eine &#8220;Sogwirkung&#8221; auftritt.<\/p>\n<p>Eine einzigartige Innovation auf dem Markt, die dazu beitr\u00e4gt, die durch Hitze verursachte Belastung der Gelenke zu kontrollieren und das Verletzungsrisiko zu verringern.<\/p>\n<p>Die noch st\u00e4rkeren und breiteren Kohlenstofffasern, bilden eine thermische Barriere, die die Gelenke des Pferdes vor der durch das Scheuern entstehenden Hitze sch\u00fctzt und gleichzeitig die Sto\u00dffestigkeit erh\u00f6ht.<\/p>\n<p>Die Polsterung bestehend aus einer Au\u00dfenschicht aus 3D-Air-Mesh, einer Innenschicht aus perforiertem Neopren und dem getesteten Gel-Tech f\u00fcr die Bereiche, die am st\u00e4rksten dem St\u00f6\u00dfen ausgesetzt sind. <\/p>\n<p>Die neuen Gurten wurden mit einem modernen Design neu gestaltet und f\u00fcr ein schnelleres L\u00f6sen und Befestigen sowie eine h\u00f6here Festigkeit bequemer und funktioneller gemacht.<\/p>\n<p>Schlie\u00dflich garantiert die bew\u00e4hrte Flex-Zone weiterhin eine gro\u00dfe Bewegungsfreiheit f\u00fcr die Gliedma\u00dfen.<\/p>\n<p>100% Made in Italy und nachhaltig, da es aus 95% recyceltem TPU (PSV-zertifiziert) hergestellt wird.<\/p>\n<p>HAUPTMERKMALE:<br \/>\n&#8211; Eins\u00e4tze in Kohlenstofffaser f\u00fcr zus\u00e4tzlichen Schutz;<br \/>\n&#8211; Anatomische Struktur aus recyceltem TPU;<br \/>\n&#8211; 3D Air-Mesh + perforiertes Neopren;<br \/>\n&#8211; Gel-Tech Polsterung f\u00fcr Sto\u00dfd\u00e4mpfung;<br \/>\n&#8211; Lufteinl\u00e4sse f\u00fcr zus\u00e4tzliche Bel\u00fcftung;<br \/>\n&#8211; Flex-Zone f\u00fcr v\u00f6llige Bewegungsfreiheit;<br \/>\n&#8211; Der Verschluss wird durch elastische Gurte mit Schnellverschluss gew\u00e4hrleistet;<br \/>\n&#8211; 100% Made in Italy.<\/p>\n","protected":false},"excerpt":{"rendered":"<p>Fesselgelenkschutz<\/p>\n","protected":false},"featured_media":7893,"comment_status":"open","ping_status":"closed","template":"","meta":[],"product_brand":[],"product_cat":[3600,3647,3543,3643,3651],"product_tag":[],"class_list":{"0":"post-18718","1":"product","2":"type-product","3":"status-publish","4":"has-post-thumbnail","6":"product_cat-carbon-pro-de","7":"product_cat-gamaschen","8":"product_cat-neu","9":"product_cat-pferd","10":"product_cat-springreiten-gamaschen","11":"pa_codice-intrastat-42010000-de","12":"pa_disciplina-utilizzo-harness","13":"pa_disciplina-utilizzo-springreiten","14":"pa_disciplina-utilizzo-trekking-de","15":"pa_giro-nodello-da-26-a-28-cm-de","16":"pa_giro-nodello-da-29-a-30-cm-de","17":"pa_giro-nodello-da-31-a-32-cm-de","18":"pa_giro-nodello-da-33-a-35-cm-de","20":"first","21":"instock","22":"taxable","23":"shipping-taxable","24":"purchasable","25":"product-type-variable"},"_links":{"self":[{"href":"https:\/\/riding.zandona.net\/de\/wp-json\/wp\/v2\/product\/18718","targetHints":{"allow":["GET"]}}],"collection":[{"href":"https:\/\/riding.zandona.net\/de\/wp-json\/wp\/v2\/product"}],"about":[{"href":"https:\/\/riding.zandona.net\/de\/wp-json\/wp\/v2\/types\/product"}],"replies":[{"embeddable":true,"href":"https:\/\/riding.zandona.net\/de\/wp-json\/wp\/v2\/comments?post=18718"}],"wp:featuredmedia":[{"embeddable":true,"href":"https:\/\/riding.zandona.net\/de\/wp-json\/wp\/v2\/media\/7893"}],"wp:attachment":[{"href":"https:\/\/riding.zandona.net\/de\/wp-json\/wp\/v2\/media?parent=18718"}],"wp:term":[{"taxonomy":"product_brand","embeddable":true,"href":"https:\/\/riding.zandona.net\/de\/wp-json\/wp\/v2\/product_brand?post=18718"},{"taxonomy":"product_cat","embeddable":true,"href":"https:\/\/riding.zandona.net\/de\/wp-json\/wp\/v2\/product_cat?post=18718"},{"taxonomy":"product_tag","embeddable":true,"href":"https:\/\/riding.zandona.net\/de\/wp-json\/wp\/v2\/product_tag?post=18718"}],"curies":[{"name":"wp","href":"https:\/\/api.w.org\/{rel}","templated":true}]}}