{"id":18853,"date":"2024-11-06T16:50:07","date_gmt":"2024-11-06T15:50:07","guid":{"rendered":"https:\/\/riding.zandona.net\/shop\/unkategorisiert\/carbon-pro-sensitive-young-fetlock\/"},"modified":"2024-11-07T11:07:27","modified_gmt":"2024-11-07T10:07:27","slug":"carbon-pro-sensitive-young-fetlock","status":"publish","type":"product","link":"https:\/\/riding.zandona.net\/de\/shop\/pferd\/gamaschen\/springreiten-gamaschen\/carbon-pro-sensitive-de\/carbon-pro-sensitive-young-fetlock\/","title":{"rendered":"CARBON PRO SENSITIVE+ YOUNG Fetlock"},"content":{"rendered":"<p>&#8220;CARBON PRO SENSITIVE+ YOUNG fetlock&#8221; sind Streichkappen, die halten sie die internationalen Regeln f\u00fcr das Springreiten in der Kategorie \u201cJungpferd\u201c ein und sich durch \u201cNO SKIN, NO PROBLEM\u201d Innen Futter aus echter und hochwertiger MERINOWOLLE auszeichnen, die bei der Schur erhaltet wird. <\/p>\n<p>Die Wolle, als nat\u00fcrlicher Temperaturregler eignet sich f\u00fcr die ganzj\u00e4hrige Benutzung und dank seiner Hypoallergenen Eigenschaften ist ideal auch f\u00fcr Pferde mit sensibler Haut.<\/p>\n<p> Durch die Vermeidung der Verwendung von LEDER, werden auch alle typischen Pflege- und Wartungsprobleme vermieden, ohne auf den maximalen Komfort und die spezifischen antiallergischen Eigenschaften zu verzichten.<\/p>\n<p>Diese Streichkappen wurden mit einem grundlegenden \u00fcberarbeiteten Design neu gestaltet, um dem Pferd noch leichtere und atmungsaktivere Gamaschen und einen noch umfassenderen Schutzbereich zu bieten.<\/p>\n<p>Die noch st\u00e4rkeren und breiteren Kohlenstofffasern, bilden eine thermische Barriere, die die Gelenke des Pferdes vor der durch das Scheuern entstehenden Hitze sch\u00fctzt und gleichzeitig die Sto\u00dffestigkeit erh\u00f6ht und dem getesteten Gel-Tech f\u00fcr die Bereiche, die am st\u00e4rksten dem St\u00f6\u00dfen ausgesetzt sind. <\/p>\n<p>Die neuen Gurten wurden mit einem modernen Design neu gestaltet und f\u00fcr ein schnelleres L\u00f6sen und Befestigen sowie eine h\u00f6here Festigkeit bequemer und funktioneller gemacht.<\/p>\n<p>Schlie\u00dflich garantiert die bew\u00e4hrte Flex-Zone weiterhin eine gro\u00dfe Bewegungsfreiheit f\u00fcr die Gliedma\u00dfen.<\/p>\n<p>100% Made in Italy und nachhaltig, da es aus 95% recyceltem TPU (PSV-zertifiziert) hergestellt wird.<\/p>\n<p>HAUPTMERKMALE:<br \/>\n&#8211; Eins\u00e4tze in Kohlenstofffaser f\u00fcr zus\u00e4tzlichen Schutz;<br \/>\n&#8211; Anatomische Struktur aus recyceltem TPU;<br \/>\n&#8211; Innen Futter  \u201eNo Skin, No Problem\u201d aus echter und hochwertiger Merinowolle;<br \/>\n&#8211; Gel-Tech Polsterung f\u00fcr Sto\u00dfd\u00e4mpfung;<br \/>\n&#8211; Lufteinl\u00e4sse f\u00fcr zus\u00e4tzliche Bel\u00fcftung;<br \/>\n&#8211; Flex-Zone f\u00fcr v\u00f6llige Bewegungsfreiheit;<br \/>\n&#8211; Der Verschluss wird durch elastische Gurte mit Schnellverschluss gew\u00e4hrleistet;<br \/>\n&#8211; 100% Made in Italy.<\/p>\n","protected":false},"excerpt":{"rendered":"<p>Fesselgelenkschutz<\/p>\n","protected":false},"featured_media":8080,"comment_status":"open","ping_status":"open","template":"","meta":[],"product_brand":[],"product_cat":[3579,3731,3647,3643,3651],"product_tag":[],"class_list":{"0":"post-18853","1":"product","2":"type-product","3":"status-publish","4":"has-post-thumbnail","6":"product_cat-carbon-pro-sensitive-de","7":"product_cat-fei-konforme-streichkappen","8":"product_cat-gamaschen","9":"product_cat-pferd","10":"product_cat-springreiten-gamaschen","11":"pa_codice-intrastat-42010000-de","12":"pa_disciplina-utilizzo-harness","13":"pa_disciplina-utilizzo-springreiten","14":"pa_disciplina-utilizzo-trekking-de","15":"pa_giro-nodello-da-28-a-30-cm-de","16":"pa_giro-nodello-da-31-a-32-cm-de","17":"pa_giro-nodello-da-33-a-34-cm-de","18":"pa_giro-nodello-da-35-a-37-cm-de","20":"first","21":"instock","22":"taxable","23":"shipping-taxable","24":"purchasable","25":"product-type-variable"},"_links":{"self":[{"href":"https:\/\/riding.zandona.net\/de\/wp-json\/wp\/v2\/product\/18853","targetHints":{"allow":["GET"]}}],"collection":[{"href":"https:\/\/riding.zandona.net\/de\/wp-json\/wp\/v2\/product"}],"about":[{"href":"https:\/\/riding.zandona.net\/de\/wp-json\/wp\/v2\/types\/product"}],"replies":[{"embeddable":true,"href":"https:\/\/riding.zandona.net\/de\/wp-json\/wp\/v2\/comments?post=18853"}],"wp:featuredmedia":[{"embeddable":true,"href":"https:\/\/riding.zandona.net\/de\/wp-json\/wp\/v2\/media\/8080"}],"wp:attachment":[{"href":"https:\/\/riding.zandona.net\/de\/wp-json\/wp\/v2\/media?parent=18853"}],"wp:term":[{"taxonomy":"product_brand","embeddable":true,"href":"https:\/\/riding.zandona.net\/de\/wp-json\/wp\/v2\/product_brand?post=18853"},{"taxonomy":"product_cat","embeddable":true,"href":"https:\/\/riding.zandona.net\/de\/wp-json\/wp\/v2\/product_cat?post=18853"},{"taxonomy":"product_tag","embeddable":true,"href":"https:\/\/riding.zandona.net\/de\/wp-json\/wp\/v2\/product_tag?post=18853"}],"curies":[{"name":"wp","href":"https:\/\/api.w.org\/{rel}","templated":true}]}}