{"id":18862,"date":"2024-11-06T16:50:22","date_gmt":"2024-11-06T15:50:22","guid":{"rendered":"https:\/\/riding.zandona.net\/shop\/unkategorisiert\/carbon-pro-techno-fur-tendon\/"},"modified":"2024-11-07T11:07:41","modified_gmt":"2024-11-07T10:07:41","slug":"carbon-pro-techno-fur-tendon","status":"publish","type":"product","link":"https:\/\/riding.zandona.net\/de\/shop\/pferd\/gamaschen\/springreiten-gamaschen\/carbon-pro-techno-fur-de\/carbon-pro-techno-fur-tendon\/","title":{"rendered":"CARBON PRO TECHNO-FUR Tendon"},"content":{"rendered":"<p>&#8220;CARBON PRO TECHNO-FUR tendon&#8221; sind Gamaschen, die sich durch den Kunstfellbeschichtung (Techno-Fur) auszeichnen. <\/p>\n<p>Kunstfell ist kein nat\u00fcrlicher Thermoregulator und hat nicht die gleichen Eigenschaften wie echte Wolle. Es ist jedoch die ideale Wahl f\u00fcr alle, die ein Produkt suchen, das der Sensitive + Version \u00e4hnelt, jedoch billiger und leichter zu reinigen ist. <\/p>\n<p>Diese Gamaschen wurden mit einem grundlegenden \u00fcberarbeiteten Design neu gestaltet, um dem Pferd noch leichtere und atmungsaktivere Gamaschen und einen noch umfassenderen Schutzbereich zu bieten.<\/p>\n<p>Die innovative, von Rennwagen und Flugzeugen inspirierte Struktur verf\u00fcgt \u00fcber gro\u00dfe Lufteinl\u00e4sse, die zum ersten Mal, strategisch vor der Bewegungsrichtung des Pferdes angeordnet sind. Dadurch wird die Luft, die durch eine 3D-Air-Mesh Schicht unter der Schale geleitet wird, in gr\u00f6\u00dferen Mengen nach hinten durch einen geeigneten zentralen Lufteinlass in dem Bereich ausgesto\u00dfen, in dem aufgrund des relativen Unterdrucks, der typischerweise am hinteren Ende von sich bewegenden Objekten entsteht, eine &#8220;Sogwirkung&#8221; auftritt. Eine einzigartige Innovation auf dem Markt, die dazu beitr\u00e4gt, die durch Hitze verursachte Belastung der Gelenke zu kontrollieren und das Verletzungsrisiko zu verringern.<\/p>\n<p>Die noch st\u00e4rkeren und breiteren Kohlenstofffasern, bilden eine thermische Barriere, die die Gelenke des Pferdes vor der durch das Scheuern entstehenden Hitze sch\u00fctzt und gleichzeitig die Sto\u00dffestigkeit erh\u00f6ht.<\/p>\n<p>Die Polsterung bestehend aus einer Au\u00dfenschicht aus 3D-Air-Mesh, einer Innenschicht aus perforiertem Neopren und dem getesteten Gel-Tech f\u00fcr die Bereiche, die am st\u00e4rksten dem St\u00f6\u00dfen ausgesetzt sind. <\/p>\n<p>Die neuen Gurten wurden mit einem modernen Design neu gestaltet und f\u00fcr ein schnelleres L\u00f6sen und Befestigen sowie eine h\u00f6here Festigkeit bequemer und funktioneller gemacht.<\/p>\n<p>Schlie\u00dflich garantiert die bew\u00e4hrte Flex-Zone weiterhin eine gro\u00dfe Bewegungsfreiheit f\u00fcr die Gliedma\u00dfen.<\/p>\n<p>100% Made in Italy und nachhaltig, da es aus 95% recyceltem TPU (PSV-zertifiziert) hergestellt wird.<\/p>\n<p>HAUPTMERKMALE:<br \/>\n&#8211; Eins\u00e4tze in Kohlenstofffaser f\u00fcr zus\u00e4tzlichen Schutz;<br \/>\n&#8211; Anatomische Struktur aus recyceltem TPU;<br \/>\n&#8211; Innenfutter aus Kunstfell \u201cTechno-Fur\u201d;<br \/>\n&#8211; Gel-Tech Polsterung f\u00fcr Sto\u00dfd\u00e4mpfung;<br \/>\n&#8211; Lufteinl\u00e4sse f\u00fcr zus\u00e4tzliche Bel\u00fcftung;<br \/>\n&#8211; Flex-Zone f\u00fcr v\u00f6llige Bewegungsfreiheit;<br \/>\n&#8211; Der Verschluss wird durch elastische Gurte mit Schnellverschluss gew\u00e4hrleistet;<br \/>\n&#8211; 100% Made in Italy.<\/p>\n","protected":false},"excerpt":{"rendered":"<p>Sehnenschutz<\/p>\n","protected":false},"featured_media":8091,"comment_status":"open","ping_status":"closed","template":"","meta":[],"product_brand":[],"product_cat":[3640,3647,3643,3651],"product_tag":[],"class_list":{"0":"post-18862","1":"product","2":"type-product","3":"status-publish","4":"has-post-thumbnail","6":"product_cat-carbon-pro-techno-fur-de","7":"product_cat-gamaschen","8":"product_cat-pferd","9":"product_cat-springreiten-gamaschen","10":"pa_codice-intrastat-42010000-de","11":"pa_disciplina-utilizzo-harness","12":"pa_disciplina-utilizzo-springreiten","13":"pa_disciplina-utilizzo-trekking-de","14":"pa_giro-nodello-da-26-a-28-cm-de","15":"pa_giro-nodello-da-29-a-30-cm-de","16":"pa_giro-nodello-da-31-a-32-cm-de","17":"pa_giro-nodello-da-33-a-35-cm-de","19":"first","20":"instock","21":"taxable","22":"shipping-taxable","23":"purchasable","24":"product-type-variable"},"_links":{"self":[{"href":"https:\/\/riding.zandona.net\/de\/wp-json\/wp\/v2\/product\/18862","targetHints":{"allow":["GET"]}}],"collection":[{"href":"https:\/\/riding.zandona.net\/de\/wp-json\/wp\/v2\/product"}],"about":[{"href":"https:\/\/riding.zandona.net\/de\/wp-json\/wp\/v2\/types\/product"}],"replies":[{"embeddable":true,"href":"https:\/\/riding.zandona.net\/de\/wp-json\/wp\/v2\/comments?post=18862"}],"wp:featuredmedia":[{"embeddable":true,"href":"https:\/\/riding.zandona.net\/de\/wp-json\/wp\/v2\/media\/8091"}],"wp:attachment":[{"href":"https:\/\/riding.zandona.net\/de\/wp-json\/wp\/v2\/media?parent=18862"}],"wp:term":[{"taxonomy":"product_brand","embeddable":true,"href":"https:\/\/riding.zandona.net\/de\/wp-json\/wp\/v2\/product_brand?post=18862"},{"taxonomy":"product_cat","embeddable":true,"href":"https:\/\/riding.zandona.net\/de\/wp-json\/wp\/v2\/product_cat?post=18862"},{"taxonomy":"product_tag","embeddable":true,"href":"https:\/\/riding.zandona.net\/de\/wp-json\/wp\/v2\/product_tag?post=18862"}],"curies":[{"name":"wp","href":"https:\/\/api.w.org\/{rel}","templated":true}]}}