{"id":18923,"date":"2024-11-06T16:51:36","date_gmt":"2024-11-06T15:51:36","guid":{"rendered":"https:\/\/riding.zandona.net\/shop\/unkategorisiert\/carbon-air-ep-tendon\/"},"modified":"2024-11-07T11:09:28","modified_gmt":"2024-11-07T10:09:28","slug":"carbon-air-ep-tendon","status":"publish","type":"product","link":"https:\/\/riding.zandona.net\/de\/shop\/auslass\/gamaschen-de\/carbon-air-extra-protection-de\/carbon-air-ep-tendon\/","title":{"rendered":"CARBON AIR EP Tendon"},"content":{"rendered":"<p>Die Gamaschen \u201cCARBON AIR EP TENDON\u201d haben einen zus\u00e4tzlichen Schutz, der f\u00fcr Pferde notwendig ist, die dazu neigen, mit den Hufen den unteren Kniebereich oder die Fessel des gegen\u00fcberliegenden Gliedes zu schlagen. Sie sind n\u00e4mlich mit zus\u00e4tzlichem Schutz ausgestattet, einer ergonomischen Erweiterung der Neopren Polsterung, die mit einer verschlei\u00dffesten Folie in Carbon-Optik beschichtet ist. <\/p>\n<p>HAUPTMERKMALE:<br \/>\n&#8211; Eins\u00e4tze in Kohlenstofffaser;<br \/>\n&#8211; Anatomische Struktur in TPU in unterschiedlicher St\u00e4rke;<br \/>\n&#8211; Gel-Tech Polsterung f\u00fcr Sto\u00dfd\u00e4mpfung;<br \/>\n&#8211; Lufteinl\u00e4sse f\u00fcr zus\u00e4tzliche Bel\u00fcftung;<br \/>\n&#8211; Perforiertes Neopren f\u00fcr Atmungsaktivit\u00e4t;<br \/>\n&#8211; Flex-Zone f\u00fcr v\u00f6llige Bewegungsfreiheit;<br \/>\n&#8211; Der Verschluss wird durch elastische Gurte mit Schnellverschluss gew\u00e4hrleistet;<br \/>\n&#8211; 100% Made in Italy.<\/p>\n","protected":false},"excerpt":{"rendered":"<p>Sehnenschutz<\/p>\n","protected":false},"featured_media":30474,"comment_status":"open","ping_status":"closed","template":"","meta":[],"product_brand":[],"product_cat":[3555,3624,3695],"product_tag":[],"class_list":{"0":"post-18923","1":"product","2":"type-product","3":"status-publish","4":"has-post-thumbnail","6":"product_cat-auslass","7":"product_cat-carbon-air-extra-protection-de","8":"product_cat-gamaschen-de","9":"pa_codice-intrastat-42010000-de","10":"pa_disciplina-utilizzo-harness","11":"pa_disciplina-utilizzo-springreiten","12":"pa_disciplina-utilizzo-trekking-de","13":"pa_giro-nodello-da-26-a-28-cm-de","14":"pa_giro-nodello-da-29-a-30-cm-de","15":"pa_giro-nodello-da-31-a-32-cm-de","16":"pa_giro-nodello-da-33-a-35-cm-de","18":"first","19":"instock","20":"taxable","21":"shipping-taxable","22":"purchasable","23":"product-type-variable"},"_links":{"self":[{"href":"https:\/\/riding.zandona.net\/de\/wp-json\/wp\/v2\/product\/18923","targetHints":{"allow":["GET"]}}],"collection":[{"href":"https:\/\/riding.zandona.net\/de\/wp-json\/wp\/v2\/product"}],"about":[{"href":"https:\/\/riding.zandona.net\/de\/wp-json\/wp\/v2\/types\/product"}],"replies":[{"embeddable":true,"href":"https:\/\/riding.zandona.net\/de\/wp-json\/wp\/v2\/comments?post=18923"}],"wp:featuredmedia":[{"embeddable":true,"href":"https:\/\/riding.zandona.net\/de\/wp-json\/wp\/v2\/media\/30474"}],"wp:attachment":[{"href":"https:\/\/riding.zandona.net\/de\/wp-json\/wp\/v2\/media?parent=18923"}],"wp:term":[{"taxonomy":"product_brand","embeddable":true,"href":"https:\/\/riding.zandona.net\/de\/wp-json\/wp\/v2\/product_brand?post=18923"},{"taxonomy":"product_cat","embeddable":true,"href":"https:\/\/riding.zandona.net\/de\/wp-json\/wp\/v2\/product_cat?post=18923"},{"taxonomy":"product_tag","embeddable":true,"href":"https:\/\/riding.zandona.net\/de\/wp-json\/wp\/v2\/product_tag?post=18923"}],"curies":[{"name":"wp","href":"https:\/\/api.w.org\/{rel}","templated":true}]}}