{"id":18982,"date":"2024-11-06T16:52:39","date_gmt":"2024-11-06T15:52:39","guid":{"rendered":"https:\/\/riding.zandona.net\/shop\/unkategorisiert\/carbon-air-workout-rear\/"},"modified":"2024-11-07T11:15:42","modified_gmt":"2024-11-07T10:15:42","slug":"carbon-air-workout-rear","status":"publish","type":"product","link":"https:\/\/riding.zandona.net\/de\/shop\/pferd\/gamaschen\/flache-arbeit-und-paddock\/carbon-air-workout-rear\/","title":{"rendered":"CARBON AIR WORKOUT Rear"},"content":{"rendered":"<p>Die Streichkappen &#8220;CARBON AIR WORKOUT Rear&#8221; sind komfortable und leichte Gamaschen f\u00fcr flache Arbeiten, die entwickelt werden, um das Sportpferd bestm\u00f6glich zu sch\u00fctzen. Sie dienen dazu, um die Fessel und einen Teil des Schienbeins der Vorderbeine vor dem Aufprall zu sch\u00fctzen und die Sehnen zu st\u00fctzen.<\/p>\n<p>HAUPTMERKMALE:<br \/>\n&#8211; Anatomische und ergonomische Struktur;<br \/>\n&#8211; Neopren Beschichtung;<br \/>\n&#8211; Vollst\u00e4ndig Atmungsaktiv;<br \/>\n&#8211; Eins\u00e4tze in Kohlenstofffaser f\u00fcr zus\u00e4tzlichen Schutz;<br \/>\n&#8211; Gel-Tech Technologie;<br \/>\n&#8211; Der Verschluss wird durch den doppelten Klettb\u00e4nder gew\u00e4hrleistet;<br \/>\n&#8211; 100% Made in Italy.<\/p>\n","protected":false},"excerpt":{"rendered":"<p>Fesselgelenkschutz<\/p>\n","protected":false},"featured_media":8255,"comment_status":"open","ping_status":"open","template":"","meta":[],"product_brand":[],"product_cat":[3739,3647,3643],"product_tag":[],"class_list":{"0":"post-18982","1":"product","2":"type-product","3":"status-publish","4":"has-post-thumbnail","6":"product_cat-flache-arbeit-und-paddock","7":"product_cat-gamaschen","8":"product_cat-pferd","9":"pa_codice-intrastat-42010000-de","10":"pa_disciplina-utilizzo-dressur","11":"pa_disciplina-utilizzo-flacharbeit","12":"pa_disciplina-utilizzo-harness","13":"pa_disciplina-utilizzo-koppel","14":"pa_disciplina-utilizzo-trekking-de","15":"pa_giro-nodello-da-31-a-32-cm-de","16":"pa_giro-nodello-da-33-a-34-cm-de","17":"pa_giro-nodello-da-35-a-37-cm-de","19":"first","20":"instock","21":"taxable","22":"shipping-taxable","23":"purchasable","24":"product-type-variable"},"_links":{"self":[{"href":"https:\/\/riding.zandona.net\/de\/wp-json\/wp\/v2\/product\/18982","targetHints":{"allow":["GET"]}}],"collection":[{"href":"https:\/\/riding.zandona.net\/de\/wp-json\/wp\/v2\/product"}],"about":[{"href":"https:\/\/riding.zandona.net\/de\/wp-json\/wp\/v2\/types\/product"}],"replies":[{"embeddable":true,"href":"https:\/\/riding.zandona.net\/de\/wp-json\/wp\/v2\/comments?post=18982"}],"wp:featuredmedia":[{"embeddable":true,"href":"https:\/\/riding.zandona.net\/de\/wp-json\/wp\/v2\/media\/8255"}],"wp:attachment":[{"href":"https:\/\/riding.zandona.net\/de\/wp-json\/wp\/v2\/media?parent=18982"}],"wp:term":[{"taxonomy":"product_brand","embeddable":true,"href":"https:\/\/riding.zandona.net\/de\/wp-json\/wp\/v2\/product_brand?post=18982"},{"taxonomy":"product_cat","embeddable":true,"href":"https:\/\/riding.zandona.net\/de\/wp-json\/wp\/v2\/product_cat?post=18982"},{"taxonomy":"product_tag","embeddable":true,"href":"https:\/\/riding.zandona.net\/de\/wp-json\/wp\/v2\/product_tag?post=18982"}],"curies":[{"name":"wp","href":"https:\/\/api.w.org\/{rel}","templated":true}]}}