{"id":18992,"date":"2024-11-06T16:52:51","date_gmt":"2024-11-06T15:52:51","guid":{"rendered":"https:\/\/riding.zandona.net\/shop\/unkategorisiert\/carbon-air-heel\/"},"modified":"2024-11-07T11:15:57","modified_gmt":"2024-11-07T10:15:57","slug":"carbon-air-heel","status":"publish","type":"product","link":"https:\/\/riding.zandona.net\/de\/shop\/pferd\/gamaschen\/huf-und-sprungglocken\/springreiten-de\/carbon-air-heel\/","title":{"rendered":"CARBON AIR Heel"},"content":{"rendered":"<p>Die Springglocken &#8220;CARBON AIR HEEL&#8221;; die zum Schutz des Sportpferdes in allen Disziplinen entwickelt wurden. Sie sollen das Huf des Pferdes vor m\u00f6glichen Sto\u00dfen und\/oder Reibungen sch\u00fctzen. Am oberen Rand wurde ein weicher Kunstpelzkragen hinzugef\u00fcgt, um den Komfort zu optimieren.<br \/>\nDurchschnittliches Gewicht des Einzelballenschutz: 225gr<br \/>\nHAUPTMERKMALE:<br \/>\n&#8211; Eins\u00e4tze in Kohlenstofffaser f\u00fcr zus\u00e4tzlichen Schutz;<br \/>\n&#8211; Anatomische Struktur in TPU in unterschiedlicher St\u00e4rke;<br \/>\n&#8211; Gel-Tech Polsterung f\u00fcr Sto\u00dfd\u00e4mpfung;<br \/>\n&#8211; Lufteinl\u00e4sse f\u00fcr zus\u00e4tzliche Bel\u00fcftung;<br \/>\n&#8211; Perforiertes Neopren f\u00fcr Atmungsaktivit\u00e4t;<br \/>\n&#8211; Flex-Zone f\u00fcr v\u00f6llige Bewegungsfreiheit;<br \/>\n&#8211; Der Verschluss wird durch elastische Gurte mit Schnellverschluss gew\u00e4hrleistet;<br \/>\n&#8211; 100% Made in Italy.<\/p>\n","protected":false},"excerpt":{"rendered":"<p>Sprungglocken<\/p>\n","protected":false},"featured_media":8273,"comment_status":"open","ping_status":"closed","template":"","meta":[],"product_brand":[],"product_cat":[3551,3647,3709,3547,3643,3682],"product_tag":[],"class_list":{"0":"post-18992","1":"product","2":"type-product","3":"status-publish","4":"has-post-thumbnail","6":"product_cat-ausgewahlte","7":"product_cat-gamaschen","8":"product_cat-huf-und-sprungglocken","9":"product_cat-meistverkaufte-produkte","10":"product_cat-pferd","11":"product_cat-springreiten-de","12":"pa_circonferenza-pastorale-da-35-a-35-cm-de","13":"pa_circonferenza-pastorale-da-41-a-41-cm-de","14":"pa_codice-intrastat-42010000-de","15":"pa_disciplina-utilizzo-harness","16":"pa_disciplina-utilizzo-springreiten","17":"pa_disciplina-utilizzo-trekking-de","18":"pa_giro-corona-da-35-a-40-cm-de","19":"pa_giro-corona-da-41-a-46-cm-de","21":"first","22":"instock","23":"taxable","24":"shipping-taxable","25":"purchasable","26":"product-type-variable"},"_links":{"self":[{"href":"https:\/\/riding.zandona.net\/de\/wp-json\/wp\/v2\/product\/18992","targetHints":{"allow":["GET"]}}],"collection":[{"href":"https:\/\/riding.zandona.net\/de\/wp-json\/wp\/v2\/product"}],"about":[{"href":"https:\/\/riding.zandona.net\/de\/wp-json\/wp\/v2\/types\/product"}],"replies":[{"embeddable":true,"href":"https:\/\/riding.zandona.net\/de\/wp-json\/wp\/v2\/comments?post=18992"}],"wp:featuredmedia":[{"embeddable":true,"href":"https:\/\/riding.zandona.net\/de\/wp-json\/wp\/v2\/media\/8273"}],"wp:attachment":[{"href":"https:\/\/riding.zandona.net\/de\/wp-json\/wp\/v2\/media?parent=18992"}],"wp:term":[{"taxonomy":"product_brand","embeddable":true,"href":"https:\/\/riding.zandona.net\/de\/wp-json\/wp\/v2\/product_brand?post=18992"},{"taxonomy":"product_cat","embeddable":true,"href":"https:\/\/riding.zandona.net\/de\/wp-json\/wp\/v2\/product_cat?post=18992"},{"taxonomy":"product_tag","embeddable":true,"href":"https:\/\/riding.zandona.net\/de\/wp-json\/wp\/v2\/product_tag?post=18992"}],"curies":[{"name":"wp","href":"https:\/\/api.w.org\/{rel}","templated":true}]}}