{"id":19010,"date":"2024-11-06T16:53:15","date_gmt":"2024-11-06T15:53:15","guid":{"rendered":"https:\/\/riding.zandona.net\/shop\/unkategorisiert\/carbon-air-young-competition-fetlock\/"},"modified":"2024-11-07T11:16:45","modified_gmt":"2024-11-07T10:16:45","slug":"carbon-air-young-competition-fetlock","status":"publish","type":"product","link":"https:\/\/riding.zandona.net\/de\/shop\/auslass\/gamaschen-de\/carbon-air-de\/carbon-air-young-competition-fetlock\/","title":{"rendered":"CARBON AIR YOUNG COMPETITION Fetlock"},"content":{"rendered":"<p>Die Streichkappen \u201cCARBON AIR YOUNG COMPETITION Fetlock\u201d wurden speziell f\u00fcr mehr Leistung und Schutz des jungen Sportpferdes in der Disziplin Springreiten entwickelt (entspricht den internationalen Regeln f\u00fcr Jungpferdekategorien). Unter der Schale befinden sich Kohlenstofffasern welche die Gelenke thermische von der W\u00e4rme isolieren, die durch \u00e4u\u00dfere Reibung beim Springen entstehen kann. Gleichzeitig sorgt dieses Material f\u00fcr eine deutliche Erh\u00f6hung der Festigkeit als Pr\u00e4vention gegen St\u00f6\u00dfe und Schl\u00e4ge von au\u00dfen. <\/p>\n<p>HAUPTMERKMALE:<br \/>\n -Mehr Leistung;<br \/>\n&#8211; Eins\u00e4tze in Kohlenstofffaser f\u00fcr zus\u00e4tzlichen Schutz;<br \/>\n&#8211; Anatomische Struktur in TPU in unterschiedlicher St\u00e4rke;<br \/>\n&#8211; Gel-Tech Polsterung f\u00fcr Sto\u00dfd\u00e4mpfung;<br \/>\n&#8211; Lufteinl\u00e4sse f\u00fcr zus\u00e4tzliche Bel\u00fcftung;<br \/>\n&#8211; Perforiertes Neopren f\u00fcr Atmungsaktivit\u00e4t;<br \/>\n&#8211; Flex-Zone f\u00fcr v\u00f6llige Bewegungsfreiheit;<br \/>\n&#8211; 100% Made in Italy.<\/p>\n","protected":false},"excerpt":{"rendered":"<p>Fesselgelenkschutz (Performance Boots)<\/p>\n","protected":false},"featured_media":30632,"comment_status":"open","ping_status":"closed","template":"","meta":[],"product_brand":[],"product_cat":[3555,3612,3695],"product_tag":[],"class_list":{"0":"post-19010","1":"product","2":"type-product","3":"status-publish","4":"has-post-thumbnail","6":"product_cat-auslass","7":"product_cat-carbon-air-de","8":"product_cat-gamaschen-de","9":"pa_codice-intrastat-42010000-de","10":"pa_disciplina-utilizzo-harness","11":"pa_disciplina-utilizzo-springreiten","12":"pa_disciplina-utilizzo-trekking-de","13":"pa_giro-nodello-da-28-a-30-cm-de","14":"pa_giro-nodello-da-31-a-32-cm-de","15":"pa_giro-nodello-da-33-a-34-cm-de","16":"pa_giro-nodello-da-35-a-37-cm-de","18":"first","19":"instock","20":"featured","21":"taxable","22":"shipping-taxable","23":"purchasable","24":"product-type-variable"},"_links":{"self":[{"href":"https:\/\/riding.zandona.net\/de\/wp-json\/wp\/v2\/product\/19010","targetHints":{"allow":["GET"]}}],"collection":[{"href":"https:\/\/riding.zandona.net\/de\/wp-json\/wp\/v2\/product"}],"about":[{"href":"https:\/\/riding.zandona.net\/de\/wp-json\/wp\/v2\/types\/product"}],"replies":[{"embeddable":true,"href":"https:\/\/riding.zandona.net\/de\/wp-json\/wp\/v2\/comments?post=19010"}],"wp:featuredmedia":[{"embeddable":true,"href":"https:\/\/riding.zandona.net\/de\/wp-json\/wp\/v2\/media\/30632"}],"wp:attachment":[{"href":"https:\/\/riding.zandona.net\/de\/wp-json\/wp\/v2\/media?parent=19010"}],"wp:term":[{"taxonomy":"product_brand","embeddable":true,"href":"https:\/\/riding.zandona.net\/de\/wp-json\/wp\/v2\/product_brand?post=19010"},{"taxonomy":"product_cat","embeddable":true,"href":"https:\/\/riding.zandona.net\/de\/wp-json\/wp\/v2\/product_cat?post=19010"},{"taxonomy":"product_tag","embeddable":true,"href":"https:\/\/riding.zandona.net\/de\/wp-json\/wp\/v2\/product_tag?post=19010"}],"curies":[{"name":"wp","href":"https:\/\/api.w.org\/{rel}","templated":true}]}}