{"id":19061,"date":"2024-11-06T16:54:04","date_gmt":"2024-11-06T15:54:04","guid":{"rendered":"https:\/\/riding.zandona.net\/shop\/unkategorisiert\/carbon-air-balance-fetlock\/"},"modified":"2025-05-07T15:58:52","modified_gmt":"2025-05-07T13:58:52","slug":"carbon-air-balance-fetlock","status":"publish","type":"product","link":"https:\/\/riding.zandona.net\/de\/shop\/auslass\/gamaschen-de\/carbon-air-balance-de\/carbon-air-balance-fetlock\/","title":{"rendered":"CARBON AIR BALANCE Fetlock"},"content":{"rendered":"<p>Die Streichkappen \u201cCARBON AIR BALANCE Fetlock\u201d sind mit Dauermagneten ausgestattet, die die Zellfunktion verbessern sowie die Leistung und das dynamische Gleichgewicht des Pferdes vergr\u00f6\u00dfern k\u00f6nnen. Der verwendete Permanentmagnet wird zusammengesetzt aus einer hochmagnetischen Legierung aus Neodym, Eisen und Bor mit Nickelbeschichtung, der dazu f\u00e4hig ist, eine magnetische Flussdichte von 2600 Gau\u00df auszu\u00fcben. Es wurde in verschiedenen Tests mit Hilfe von Tier\u00e4rzten und internationalen Reitern herausgefunden, dass die Anwendung mit Magneten in der N\u00e4he des Muskel-und Sehnenapparates die Ersch\u00f6pfung der Glieder vermindert, bei gleichzeitiger Erh\u00f6hung der Gef\u00e4\u00dfdurchblutung und der Lymphzirkulation mit mehreren positiven Wirkungen induziert. Die durch die Erh\u00f6hung der Gef\u00e4\u00dfdurchblutung und durch magnetische Polarisation induzierten Ergebnisse, die sowohl beim Pferd als auch beim Menschen zu beobachten sind, sind schmerzstillende und entz\u00fcndungshemmende Wirkungen, St\u00e4rkung von Knochen und Gelenken sowie Beschleunigung des Austreibungsprozesses von Toxinen und R\u00fcckresorption von Muskelmilchs\u00e4ure. Sie erreichen die Verbesserung der Springbewegungen und der Leistung des Pferdes.<\/p>\n<p>HAUPTMERKMALE:<br \/>\n&#8211; Ausgestattet mit Permanentmagneten aus einer Speziallegierung;<br \/>\n&#8211; Eins\u00e4tze in Kohlenstofffaser f\u00fcr zus\u00e4tzlichen Schutz;<br \/>\n&#8211; Anatomische Struktur in TPU in unterschiedlicher St\u00e4rke;<br \/>\n&#8211; Gel-Tech Polsterung f\u00fcr Sto\u00dfd\u00e4mpfung;<br \/>\n&#8211; Lufteinl\u00e4sse f\u00fcr zus\u00e4tzliche Bel\u00fcftung;<br \/>\n&#8211; Perforiertes Neopren f\u00fcr Atmungsaktivit\u00e4t;<br \/>\n&#8211; Flex-Zone f\u00fcr v\u00f6llige Bewegungsfreiheit;<br \/>\n&#8211; Der Verschluss wird durch elastische Gurte mit Schnellverschluss gew\u00e4hrleistet;<br \/>\n&#8211; 100% Made in Italy.<\/p>\n","protected":false},"excerpt":{"rendered":"<p>Fesselgelenkschutz<\/p>\n","protected":false},"featured_media":30437,"comment_status":"open","ping_status":"closed","template":"","meta":[],"product_brand":[],"product_cat":[3555,3613,3695],"product_tag":[],"class_list":{"0":"post-19061","1":"product","2":"type-product","3":"status-publish","4":"has-post-thumbnail","6":"product_cat-auslass","7":"product_cat-carbon-air-balance-de","8":"product_cat-gamaschen-de","9":"pa_codice-intrastat-42010000-de","10":"pa_disciplina-utilizzo-harness","11":"pa_disciplina-utilizzo-springreiten","12":"pa_disciplina-utilizzo-trekking-de","13":"pa_giro-nodello-da-28-a-30-cm-de","14":"pa_giro-nodello-da-31-a-32-cm-de","15":"pa_giro-nodello-da-33-a-34-cm-de","16":"pa_giro-nodello-da-35-a-37-cm-de","18":"first","19":"instock","20":"featured","21":"taxable","22":"shipping-taxable","23":"purchasable","24":"product-type-variable"},"_links":{"self":[{"href":"https:\/\/riding.zandona.net\/de\/wp-json\/wp\/v2\/product\/19061","targetHints":{"allow":["GET"]}}],"collection":[{"href":"https:\/\/riding.zandona.net\/de\/wp-json\/wp\/v2\/product"}],"about":[{"href":"https:\/\/riding.zandona.net\/de\/wp-json\/wp\/v2\/types\/product"}],"replies":[{"embeddable":true,"href":"https:\/\/riding.zandona.net\/de\/wp-json\/wp\/v2\/comments?post=19061"}],"wp:featuredmedia":[{"embeddable":true,"href":"https:\/\/riding.zandona.net\/de\/wp-json\/wp\/v2\/media\/30437"}],"wp:attachment":[{"href":"https:\/\/riding.zandona.net\/de\/wp-json\/wp\/v2\/media?parent=19061"}],"wp:term":[{"taxonomy":"product_brand","embeddable":true,"href":"https:\/\/riding.zandona.net\/de\/wp-json\/wp\/v2\/product_brand?post=19061"},{"taxonomy":"product_cat","embeddable":true,"href":"https:\/\/riding.zandona.net\/de\/wp-json\/wp\/v2\/product_cat?post=19061"},{"taxonomy":"product_tag","embeddable":true,"href":"https:\/\/riding.zandona.net\/de\/wp-json\/wp\/v2\/product_tag?post=19061"}],"curies":[{"name":"wp","href":"https:\/\/api.w.org\/{rel}","templated":true}]}}