{"id":19112,"date":"2024-11-06T16:55:06","date_gmt":"2024-11-06T15:55:06","guid":{"rendered":"https:\/\/riding.zandona.net\/shop\/unkategorisiert\/carbon-air-feel-ep-fetlock\/"},"modified":"2024-11-07T11:19:06","modified_gmt":"2024-11-07T10:19:06","slug":"carbon-air-feel-ep-fetlock","status":"publish","type":"product","link":"https:\/\/riding.zandona.net\/de\/shop\/auslass\/gamaschen-de\/carbon-air-extra-protection-de\/carbon-air-feel-ep-fetlock\/","title":{"rendered":"CARBON AIR FEEL+ EP Fetlock"},"content":{"rendered":"<p>Die Streichkappen \u201cCARBON AIR FEEL+ EP Fetlock\u201d haben einen zus\u00e4tzlichen Schutz, der f\u00fcr Pferde notwendig ist, die dazu neigen, mit Eisen auf den Pferd-Fessel des gegen\u00fcberliegenden Gliedes zu schlagen. Sie sind n\u00e4mlich mit zus\u00e4tzlichem Schutz ausgestattet, einer ergonomischen Erweiterung der Neopren Polsterung, die mit einer verschlei\u00dffesten Folie in Carbon-Optik beschichtet ist.<br \/>\nHAUPTMERKMALE:<br \/>\n&#8211; Feel+ Competition System zur Verbesserung der Sprungantwort (Level 3\/3);<br \/>\n&#8211; Verstellbar, um die Reaktion auf die Bed\u00fcrfnisse des Pferdes zu kalibrieren;<br \/>\n&#8211; Entspricht den FEI-Vorschriften;<br \/>\n&#8211; Gel-Tech Polsterung zur Sto\u00dfd\u00e4mpfung;<br \/>\n&#8211; Perforiertes Neopren f\u00fcr eine bessere Atmungsaktivit\u00e4t;<br \/>\n&#8211; Kohlenstofffaser f\u00fcr zus\u00e4tzlichen Schutz;<br \/>\n&#8211; Flex-Zone f\u00fcr v\u00f6llige Bewegungsfreiheit;<br \/>\n&#8211; 100% Made in Italy.<\/p>\n","protected":false},"excerpt":{"rendered":"<p>Fesselgelenkschutz (Performance Boots)<\/p>\n","protected":false},"featured_media":30507,"comment_status":"open","ping_status":"closed","template":"","meta":[],"product_brand":[],"product_cat":[3555,3624,3695],"product_tag":[],"class_list":{"0":"post-19112","1":"product","2":"type-product","3":"status-publish","4":"has-post-thumbnail","6":"product_cat-auslass","7":"product_cat-carbon-air-extra-protection-de","8":"product_cat-gamaschen-de","9":"pa_codice-intrastat-42010000-de","10":"pa_disciplina-utilizzo-harness","11":"pa_disciplina-utilizzo-springreiten","12":"pa_disciplina-utilizzo-trekking-de","13":"pa_giro-nodello-da-31-a-32-cm-de","14":"pa_giro-nodello-da-33-a-34-cm-de","15":"pa_giro-nodello-da-35-a-37-cm-de","17":"first","18":"instock","19":"taxable","20":"shipping-taxable","21":"purchasable","22":"product-type-variable"},"_links":{"self":[{"href":"https:\/\/riding.zandona.net\/de\/wp-json\/wp\/v2\/product\/19112","targetHints":{"allow":["GET"]}}],"collection":[{"href":"https:\/\/riding.zandona.net\/de\/wp-json\/wp\/v2\/product"}],"about":[{"href":"https:\/\/riding.zandona.net\/de\/wp-json\/wp\/v2\/types\/product"}],"replies":[{"embeddable":true,"href":"https:\/\/riding.zandona.net\/de\/wp-json\/wp\/v2\/comments?post=19112"}],"wp:featuredmedia":[{"embeddable":true,"href":"https:\/\/riding.zandona.net\/de\/wp-json\/wp\/v2\/media\/30507"}],"wp:attachment":[{"href":"https:\/\/riding.zandona.net\/de\/wp-json\/wp\/v2\/media?parent=19112"}],"wp:term":[{"taxonomy":"product_brand","embeddable":true,"href":"https:\/\/riding.zandona.net\/de\/wp-json\/wp\/v2\/product_brand?post=19112"},{"taxonomy":"product_cat","embeddable":true,"href":"https:\/\/riding.zandona.net\/de\/wp-json\/wp\/v2\/product_cat?post=19112"},{"taxonomy":"product_tag","embeddable":true,"href":"https:\/\/riding.zandona.net\/de\/wp-json\/wp\/v2\/product_tag?post=19112"}],"curies":[{"name":"wp","href":"https:\/\/api.w.org\/{rel}","templated":true}]}}