{"id":19166,"date":"2024-11-06T16:56:12","date_gmt":"2024-11-06T15:56:12","guid":{"rendered":"https:\/\/riding.zandona.net\/shop\/unkategorisiert\/carbon-air-pony-fetlock\/"},"modified":"2024-11-07T11:20:31","modified_gmt":"2024-11-07T10:20:31","slug":"carbon-air-pony-fetlock","status":"publish","type":"product","link":"https:\/\/riding.zandona.net\/de\/shop\/pferd\/pony-de\/springreiten-gamaschen-de\/carbon-air-pony-fetlock\/","title":{"rendered":"CARBON AIR PONY Fetlock"},"content":{"rendered":"<p>Die Streichkappen \u201cCARBON AIR PONY Fetlock\u201d wurden entwickelt, um den maximalen Schutz der Ponybeine in der Disziplin Springreiten zu bieten. Unter der Schale befinden sich Kohlenstofffaser, denen die Gelenke thermische von der W\u00e4rme isolieren, die durch \u00e4u\u00dfere Reibung beim Springen entstehen kann. Gleichzeitig sorgt dieses Material f\u00fcr eine deutliche Erh\u00f6hung der Festigkeit als Pr\u00e4vention gegen St\u00f6\u00dfe und Schl\u00e4ge von au\u00dfen. <\/p>\n<p>HAUPTMERKMALE:<br \/>\n&#8211; Eins\u00e4tze in Kohlenstofffaser f\u00fcr Zus\u00e4tzlichen Schutz;<br \/>\n&#8211; Anatomische Struktur in TPU in unterschiedlicher Dicke;<br \/>\n&#8211; Gel-Tech Polsterung f\u00fcr Sto\u00dfd\u00e4mpfung;<br \/>\n&#8211; Lufteinl\u00e4sse f\u00fcr Zus\u00e4tzliche Bel\u00fcftung;<br \/>\n&#8211; Perforiertes Neopren f\u00fcr Luftzirkulation;<br \/>\n&#8211; Flex-Zone f\u00fcr v\u00f6llige Bewegungsfreiheit;<br \/>\n&#8211; 100% Made in Italy.<\/p>\n","protected":false},"excerpt":{"rendered":"<p>Fesselgelenkschutz<\/p>\n","protected":false},"featured_media":8498,"comment_status":"open","ping_status":"closed","template":"","meta":[],"product_brand":[],"product_cat":[3557,3643,3727,3687],"product_tag":[],"class_list":{"0":"post-19166","1":"product","2":"type-product","3":"status-publish","4":"has-post-thumbnail","6":"product_cat-carbon-air-stinchiere-salto-ostacoli-protezioni-pony-de","7":"product_cat-pferd","8":"product_cat-pony-de","9":"product_cat-springreiten-gamaschen-de","10":"pa_codice-intrastat-42010000-de","11":"pa_disciplina-utilizzo-harness","12":"pa_disciplina-utilizzo-springreiten","13":"pa_disciplina-utilizzo-trekking-de","14":"pa_giro-nodello-da-24-a-27-cm-de","16":"first","17":"instock","18":"taxable","19":"shipping-taxable","20":"purchasable","21":"product-type-variable"},"_links":{"self":[{"href":"https:\/\/riding.zandona.net\/de\/wp-json\/wp\/v2\/product\/19166","targetHints":{"allow":["GET"]}}],"collection":[{"href":"https:\/\/riding.zandona.net\/de\/wp-json\/wp\/v2\/product"}],"about":[{"href":"https:\/\/riding.zandona.net\/de\/wp-json\/wp\/v2\/types\/product"}],"replies":[{"embeddable":true,"href":"https:\/\/riding.zandona.net\/de\/wp-json\/wp\/v2\/comments?post=19166"}],"wp:featuredmedia":[{"embeddable":true,"href":"https:\/\/riding.zandona.net\/de\/wp-json\/wp\/v2\/media\/8498"}],"wp:attachment":[{"href":"https:\/\/riding.zandona.net\/de\/wp-json\/wp\/v2\/media?parent=19166"}],"wp:term":[{"taxonomy":"product_brand","embeddable":true,"href":"https:\/\/riding.zandona.net\/de\/wp-json\/wp\/v2\/product_brand?post=19166"},{"taxonomy":"product_cat","embeddable":true,"href":"https:\/\/riding.zandona.net\/de\/wp-json\/wp\/v2\/product_cat?post=19166"},{"taxonomy":"product_tag","embeddable":true,"href":"https:\/\/riding.zandona.net\/de\/wp-json\/wp\/v2\/product_tag?post=19166"}],"curies":[{"name":"wp","href":"https:\/\/api.w.org\/{rel}","templated":true}]}}