{"id":19252,"date":"2024-11-06T16:57:49","date_gmt":"2024-11-06T15:57:49","guid":{"rendered":"https:\/\/riding.zandona.net\/shop\/unkategorisiert\/superior-air-pony-strap-tendon\/"},"modified":"2024-11-07T11:22:58","modified_gmt":"2024-11-07T10:22:58","slug":"superior-air-pony-strap-tendon","status":"publish","type":"product","link":"https:\/\/riding.zandona.net\/de\/shop\/auslass\/gamaschen-de\/superior-air-protezioni-cavallo-in-promozione-de\/superior-air-pony-strap-tendon\/","title":{"rendered":"SUPERIOR AIR PONY STRAP Tendon"},"content":{"rendered":"<p>Die Gamaschen \u201cSUPERIOR AIR PONY STRAP Tendon\u201d wurden entwickelt, um den Schutz der Ponybeine in der Disziplin Springreiten zu bieten.<\/p>\n<p>HAUPTMERKMALE:<br \/>\n&#8211; Anatomische Struktur in TPU in unterschiedlicher St\u00e4rke;<br \/>\n&#8211; Gel-Tech Polsterung f\u00fcr Sto\u00dfd\u00e4mpfung;<br \/>\n&#8211; Lufteinl\u00e4sse f\u00fcr zus\u00e4tzliche Bel\u00fcftung;<br \/>\n&#8211; Perforiertes Neopren f\u00fcr Atmungsaktivit\u00e4t;<br \/>\n&#8211; Flex-Zone f\u00fcr v\u00f6llige Bewegungsfreiheit;<br \/>\n&#8211; Der Verschluss wird durch Klettb\u00e4nder gew\u00e4hrleistet, die mit einem Schnellverschluss abnehmbar sind;<br \/>\n&#8211; 100% Made in Italy.<\/p>\n","protected":false},"excerpt":{"rendered":"<p>Sehnenschutz<\/p>\n","protected":false},"featured_media":28248,"comment_status":"open","ping_status":"closed","template":"","meta":[],"product_brand":[],"product_cat":[3555,3695,3633],"product_tag":[],"class_list":{"0":"post-19252","1":"product","2":"type-product","3":"status-publish","4":"has-post-thumbnail","6":"product_cat-auslass","7":"product_cat-gamaschen-de","8":"product_cat-superior-air-protezioni-cavallo-in-promozione-de","9":"pa_codice-intrastat-42010000-de","10":"pa_disciplina-utilizzo-harness","11":"pa_disciplina-utilizzo-springreiten","12":"pa_disciplina-utilizzo-trekking-de","13":"pa_giro-nodello-da-26-a-28-cm-de","15":"first","16":"instock","17":"taxable","18":"shipping-taxable","19":"purchasable","20":"product-type-variable"},"_links":{"self":[{"href":"https:\/\/riding.zandona.net\/de\/wp-json\/wp\/v2\/product\/19252","targetHints":{"allow":["GET"]}}],"collection":[{"href":"https:\/\/riding.zandona.net\/de\/wp-json\/wp\/v2\/product"}],"about":[{"href":"https:\/\/riding.zandona.net\/de\/wp-json\/wp\/v2\/types\/product"}],"replies":[{"embeddable":true,"href":"https:\/\/riding.zandona.net\/de\/wp-json\/wp\/v2\/comments?post=19252"}],"wp:featuredmedia":[{"embeddable":true,"href":"https:\/\/riding.zandona.net\/de\/wp-json\/wp\/v2\/media\/28248"}],"wp:attachment":[{"href":"https:\/\/riding.zandona.net\/de\/wp-json\/wp\/v2\/media?parent=19252"}],"wp:term":[{"taxonomy":"product_brand","embeddable":true,"href":"https:\/\/riding.zandona.net\/de\/wp-json\/wp\/v2\/product_brand?post=19252"},{"taxonomy":"product_cat","embeddable":true,"href":"https:\/\/riding.zandona.net\/de\/wp-json\/wp\/v2\/product_cat?post=19252"},{"taxonomy":"product_tag","embeddable":true,"href":"https:\/\/riding.zandona.net\/de\/wp-json\/wp\/v2\/product_tag?post=19252"}],"curies":[{"name":"wp","href":"https:\/\/api.w.org\/{rel}","templated":true}]}}