{"id":19256,"date":"2024-11-06T16:57:49","date_gmt":"2024-11-06T15:57:49","guid":{"rendered":"https:\/\/riding.zandona.net\/shop\/unkategorisiert\/superior-air-fetlock\/"},"modified":"2024-11-07T11:23:32","modified_gmt":"2024-11-07T10:23:32","slug":"superior-air-fetlock","status":"publish","type":"product","link":"https:\/\/riding.zandona.net\/de\/shop\/pferd\/gamaschen\/springreiten-gamaschen\/superior-air-de\/superior-air-fetlock\/","title":{"rendered":"SUPERIOR AIR Fetlock"},"content":{"rendered":"<p>Die Streichkappen \u201cSUPERIOR AIR Fetlock\u201d wurden entwickelt, um den Schutz der Pferdebeine in der Disziplin Springreiten zu bieten.<\/p>\n<p>HAUPTMERKMALE:<br \/>\n&#8211; Anatomische Struktur in TPU in unterschiedlicher St\u00e4rke;<br \/>\n&#8211; Gel-Tech Polsterung f\u00fcr Sto\u00dfd\u00e4mpfung;<br \/>\n&#8211; Lufteinl\u00e4sse f\u00fcr zus\u00e4tzliche Bel\u00fcftung;<br \/>\n&#8211; Perforiertes Neopren f\u00fcr Atmungsaktivit\u00e4t;<br \/>\n&#8211; Flex-Zone f\u00fcr v\u00f6llige Bewegungsfreiheit;<br \/>\n&#8211; Der Verschluss wird durch elastische Gurte mit Schnellverschluss gew\u00e4hrleistet;<br \/>\n&#8211; 100% Made in Italy.<\/p>\n","protected":false},"excerpt":{"rendered":"<p>Fesselgelenkschutz<\/p>\n","protected":false},"featured_media":28263,"comment_status":"open","ping_status":"closed","template":"","meta":[],"product_brand":[],"product_cat":[3731,3647,3643,3651,3576],"product_tag":[],"class_list":{"0":"post-19256","1":"product","2":"type-product","3":"status-publish","4":"has-post-thumbnail","6":"product_cat-fei-konforme-streichkappen","7":"product_cat-gamaschen","8":"product_cat-pferd","9":"product_cat-springreiten-gamaschen","10":"product_cat-superior-air-de","11":"pa_codice-intrastat-42010000-de","12":"pa_disciplina-utilizzo-harness","13":"pa_disciplina-utilizzo-springreiten","14":"pa_disciplina-utilizzo-trekking-de","15":"pa_giro-nodello-da-28-a-30-cm-de","16":"pa_giro-nodello-da-31-a-32-cm-de","17":"pa_giro-nodello-da-33-a-34-cm-de","18":"pa_giro-nodello-da-35-a-37-cm-de","20":"first","21":"instock","22":"taxable","23":"shipping-taxable","24":"purchasable","25":"product-type-variable"},"_links":{"self":[{"href":"https:\/\/riding.zandona.net\/de\/wp-json\/wp\/v2\/product\/19256","targetHints":{"allow":["GET"]}}],"collection":[{"href":"https:\/\/riding.zandona.net\/de\/wp-json\/wp\/v2\/product"}],"about":[{"href":"https:\/\/riding.zandona.net\/de\/wp-json\/wp\/v2\/types\/product"}],"replies":[{"embeddable":true,"href":"https:\/\/riding.zandona.net\/de\/wp-json\/wp\/v2\/comments?post=19256"}],"wp:featuredmedia":[{"embeddable":true,"href":"https:\/\/riding.zandona.net\/de\/wp-json\/wp\/v2\/media\/28263"}],"wp:attachment":[{"href":"https:\/\/riding.zandona.net\/de\/wp-json\/wp\/v2\/media?parent=19256"}],"wp:term":[{"taxonomy":"product_brand","embeddable":true,"href":"https:\/\/riding.zandona.net\/de\/wp-json\/wp\/v2\/product_brand?post=19256"},{"taxonomy":"product_cat","embeddable":true,"href":"https:\/\/riding.zandona.net\/de\/wp-json\/wp\/v2\/product_cat?post=19256"},{"taxonomy":"product_tag","embeddable":true,"href":"https:\/\/riding.zandona.net\/de\/wp-json\/wp\/v2\/product_tag?post=19256"}],"curies":[{"name":"wp","href":"https:\/\/api.w.org\/{rel}","templated":true}]}}