{"id":19311,"date":"2024-11-06T16:58:53","date_gmt":"2024-11-06T15:58:53","guid":{"rendered":"https:\/\/riding.zandona.net\/shop\/unkategorisiert\/action-fetlock\/"},"modified":"2024-11-07T11:24:40","modified_gmt":"2024-11-07T10:24:40","slug":"action-fetlock","status":"publish","type":"product","link":"https:\/\/riding.zandona.net\/de\/shop\/pferd\/gamaschen\/springreiten-gamaschen\/action-de\/action-fetlock\/","title":{"rendered":"ACTION Fetlock"},"content":{"rendered":"<p>\u201cACTION\u201d steht f\u00fcr die Produktlinie Entry-Level (Einstiegsserie), die entwickelt wurde, um einen guten Schutz an den Pferdebeinen in der Disziplin \u201cSpringreiten\u201c zu bieten.<\/p>\n<p>&#8220;Action fetlock&#8221; sch\u00fctzt die Gliedma\u00dfen Ihres Pferdes vor St\u00f6\u00dfen und bietet eine gute Beinunterst\u00fctzung, ohne auf Komfort, Leistung und Stil zu verzichten. <\/p>\n<p>**NICHT ZUR VERWENDUNG IM WETTBEWERB ZUGELASSEN**<\/p>\n<p>HAUPTMERKMALE:<br \/>\n&#8211; Anatomische und ergonomische Struktur;<br \/>\n&#8211; Neopren Beschichtung;<br \/>\n&#8211; Leicht, geringes Gewicht;<br \/>\n&#8211; Produkt von hochwertiger Qualit\u00e4t;<br \/>\n&#8211; 100% Made in Italy.<\/p>\n","protected":false},"excerpt":{"rendered":"<p>Fesselgelenkschutz<\/p>\n","protected":false},"featured_media":8689,"comment_status":"open","ping_status":"open","template":"","meta":[],"product_brand":[],"product_cat":[3583,3647,3643,3651],"product_tag":[],"class_list":{"0":"post-19311","1":"product","2":"type-product","3":"status-publish","4":"has-post-thumbnail","6":"product_cat-action-de","7":"product_cat-gamaschen","8":"product_cat-pferd","9":"product_cat-springreiten-gamaschen","10":"pa_codice-intrastat-42010000-de","11":"pa_disciplina-utilizzo-harness","12":"pa_disciplina-utilizzo-springreiten","13":"pa_disciplina-utilizzo-trekking-de","14":"pa_giro-nodello-da-31-a-32-cm-de","15":"pa_giro-nodello-da-33-a-34-cm-de","17":"first","18":"instock","19":"taxable","20":"shipping-taxable","21":"purchasable","22":"product-type-variable"},"_links":{"self":[{"href":"https:\/\/riding.zandona.net\/de\/wp-json\/wp\/v2\/product\/19311","targetHints":{"allow":["GET"]}}],"collection":[{"href":"https:\/\/riding.zandona.net\/de\/wp-json\/wp\/v2\/product"}],"about":[{"href":"https:\/\/riding.zandona.net\/de\/wp-json\/wp\/v2\/types\/product"}],"replies":[{"embeddable":true,"href":"https:\/\/riding.zandona.net\/de\/wp-json\/wp\/v2\/comments?post=19311"}],"wp:featuredmedia":[{"embeddable":true,"href":"https:\/\/riding.zandona.net\/de\/wp-json\/wp\/v2\/media\/8689"}],"wp:attachment":[{"href":"https:\/\/riding.zandona.net\/de\/wp-json\/wp\/v2\/media?parent=19311"}],"wp:term":[{"taxonomy":"product_brand","embeddable":true,"href":"https:\/\/riding.zandona.net\/de\/wp-json\/wp\/v2\/product_brand?post=19311"},{"taxonomy":"product_cat","embeddable":true,"href":"https:\/\/riding.zandona.net\/de\/wp-json\/wp\/v2\/product_cat?post=19311"},{"taxonomy":"product_tag","embeddable":true,"href":"https:\/\/riding.zandona.net\/de\/wp-json\/wp\/v2\/product_tag?post=19311"}],"curies":[{"name":"wp","href":"https:\/\/api.w.org\/{rel}","templated":true}]}}