{"id":19316,"date":"2024-11-06T16:59:06","date_gmt":"2024-11-06T15:59:06","guid":{"rendered":"https:\/\/riding.zandona.net\/shop\/unkategorisiert\/action-techno-fur-fetlock\/"},"modified":"2024-11-07T11:24:46","modified_gmt":"2024-11-07T10:24:46","slug":"action-techno-fur-fetlock","status":"publish","type":"product","link":"https:\/\/riding.zandona.net\/de\/shop\/pferd\/gamaschen\/springreiten-gamaschen\/action-techno-fur-de\/action-techno-fur-fetlock\/","title":{"rendered":"ACTION TECHNO-FUR Fetlock"},"content":{"rendered":"<p>\u201cACTION TECHNO-FUR FETLOCK\u201c steht f\u00fcr die Produktlinie Entry-Level (Einstiegsserie), die entwickelt wurde, um dem Sportpferd in der Disziplin Springreiten einen guten Schutz zu bieten. Sie besteht aus einer synthetischen Kunstfell (Techno-Fur).<br \/>\nKunstfell ist kein nat\u00fcrlicher W\u00e4rmeregulator und hat nicht die gleichen Eigenschaften wie echte Wolle. Es ist jedoch die ideale Wahl f\u00fcr alle, die ein Produkt suchen, das der Sensitive + -Version \u00e4hnelt, aber billiger und leichter zu reinigen ist.<br \/>\n &#8220;Action Techno-Fur Fetlock&#8221; sind ideal f\u00fcr das Training und sch\u00fctzen die Gliedma\u00dfen Ihres Pferdes vor St\u00f6\u00dfen, indem sie eine gute Beinunterst\u00fctzung bieten, ohne auf Komfort, Leistung und Stil zu verzichten. <\/p>\n<p>HAUPTMERKMALE:<br \/>\n&#8211; Anatomische und ergonomische Struktur;<br \/>\n&#8211; Innenfutter aus Kunstfell;<br \/>\n&#8211; Leicht und geringes Gewicht;<br \/>\n&#8211; Hochwertige Grundprodukte;<br \/>\n&#8211; 100% Made in Italy.<\/p>\n","protected":false},"excerpt":{"rendered":"<p>Fesselgelenkschutz<\/p>\n","protected":false},"featured_media":8700,"comment_status":"open","ping_status":"open","template":"","meta":[],"product_brand":[],"product_cat":[3587,3647,3643,3651],"product_tag":[],"class_list":{"0":"post-19316","1":"product","2":"type-product","3":"status-publish","4":"has-post-thumbnail","6":"product_cat-action-techno-fur-de","7":"product_cat-gamaschen","8":"product_cat-pferd","9":"product_cat-springreiten-gamaschen","10":"pa_codice-intrastat-42010000-de","11":"pa_disciplina-utilizzo-harness","12":"pa_disciplina-utilizzo-springreiten","13":"pa_disciplina-utilizzo-trekking-de","14":"pa_giro-nodello-da-31-a-32-cm-de","15":"pa_giro-nodello-da-33-a-34-cm-de","17":"first","18":"instock","19":"taxable","20":"shipping-taxable","21":"purchasable","22":"product-type-variable"},"_links":{"self":[{"href":"https:\/\/riding.zandona.net\/de\/wp-json\/wp\/v2\/product\/19316","targetHints":{"allow":["GET"]}}],"collection":[{"href":"https:\/\/riding.zandona.net\/de\/wp-json\/wp\/v2\/product"}],"about":[{"href":"https:\/\/riding.zandona.net\/de\/wp-json\/wp\/v2\/types\/product"}],"replies":[{"embeddable":true,"href":"https:\/\/riding.zandona.net\/de\/wp-json\/wp\/v2\/comments?post=19316"}],"wp:featuredmedia":[{"embeddable":true,"href":"https:\/\/riding.zandona.net\/de\/wp-json\/wp\/v2\/media\/8700"}],"wp:attachment":[{"href":"https:\/\/riding.zandona.net\/de\/wp-json\/wp\/v2\/media?parent=19316"}],"wp:term":[{"taxonomy":"product_brand","embeddable":true,"href":"https:\/\/riding.zandona.net\/de\/wp-json\/wp\/v2\/product_brand?post=19316"},{"taxonomy":"product_cat","embeddable":true,"href":"https:\/\/riding.zandona.net\/de\/wp-json\/wp\/v2\/product_cat?post=19316"},{"taxonomy":"product_tag","embeddable":true,"href":"https:\/\/riding.zandona.net\/de\/wp-json\/wp\/v2\/product_tag?post=19316"}],"curies":[{"name":"wp","href":"https:\/\/api.w.org\/{rel}","templated":true}]}}