{"id":19364,"date":"2024-11-06T16:59:55","date_gmt":"2024-11-06T15:59:55","guid":{"rendered":"https:\/\/riding.zandona.net\/shop\/unkategorisiert\/carbon-air-sensitive-tendon\/"},"modified":"2025-05-07T15:59:37","modified_gmt":"2025-05-07T13:59:37","slug":"carbon-air-sensitive-tendon","status":"publish","type":"product","link":"https:\/\/riding.zandona.net\/de\/shop\/auslass\/gamaschen-de\/carbon-air-sensitive-de\/carbon-air-sensitive-tendon\/","title":{"rendered":"CARBON AIR SENSITIVE+ Tendon"},"content":{"rendered":"<p>Die Gamaschen \u201cCARBON AIR SENSITIVE+ Tendon\u201d besteht aus ECHTER hochwertiger Merinowolle erhalten mit der Schur. Die Wolle, als nat\u00fcrlicher Temperaturregler eignet sich f\u00fcr die ganzj\u00e4hrige Benutzung und dank seiner hypoallergenen Eigenschaften ist ideal auch f\u00fcr Pferde mit sensibler Haut. Durch die Vermeidung der Verwendung von LEDER, werden auch alle typischen Pflege- und Wartungsprobleme vermieden, ohne auf den maximalen Komfort und die spezifischen antiallergischen Eigenschaften zu verzichten. <\/p>\n<p>HAUPTMERKMALE:<br \/>\n&#8211; Echtes Lamm hypoallergenen nat\u00fcrlichen Temperaturregler;<br \/>\n-KEIN Leder, KEIN Falsch Fell \u2013 Nur Echte Merinowolle;<br \/>\n-Anatomische Struktur der TPU in unterschiedlicher St\u00e4rke;<br \/>\n-Eins\u00e4tze in Kohlenstofffaser f\u00fcr zus\u00e4tzlichen Schutz;<br \/>\n&#8211; Gel-Tech Polsterung f\u00fcr Sto\u00dfd\u00e4mpfung;<br \/>\n&#8211; Lufteinl\u00e4sse f\u00fcr zus\u00e4tzliche Bel\u00fcftung;<br \/>\n-Flex-Zone f\u00fcr v\u00f6llige Bewegungsfreiheit;<br \/>\n&#8211; Der Verschluss wird durch elastische Gurte mit Schnellverschluss gew\u00e4hrleistet;<br \/>\n-100% Made in Italy.<\/p>\n<p>WASCHANLEITUNGEN VON DER LAMMWOLLE<br \/>\nDie Produkte der CARBON AIR SENSITIVE+ Linie werden mit einer echten LAMM-Beschichtung OHNE LEDER hergestellt.<br \/>\nDadurch werden die typischen Probleme der Wartung und Pflege der Leder vermieden. Eine regelm\u00e4\u00dfige Pflege des Produkts wird jedoch empfohlen, um die Qualit\u00e4t, das Aussehen und die Leistung zu erhalten, um Ihr Pferd bestm\u00f6glich zu sch\u00fctzen Nachfolgend finden Sie die Pflege- und Wartungshinweise der Carbon Air Sensitive+ Linie:<br \/>\n&#8211; Reinigen Sie das Produkt vorsichtig mit einer nicht aggressiven B\u00fcrste, oder mit einem weichen Tuch oder mit einem weichen Schwamm;<br \/>\n&#8211; Waschen Sie das Produkt von Hand in kaltem Wasser oder bei max. 30\u00b0C;<br \/>\n&#8211; Verwenden Sie spezielle Waschmittel f\u00fcr Wolle;<br \/>\n&#8211; Lassen Sie das Produkt an einem trockenen und gut gel\u00fcfteten Ort trocknen, vorzugsweise nicht in direktem Sonnenlicht und fern von k\u00fcnstlichen W\u00e4rmequellen.<\/p>\n<p>WARNUNG:<br \/>\n&#8211; Waschen Sie das Produkt nicht mit einem traditionellen Reinigungsmittel;<br \/>\n&#8211; Waschen Sie das Produkt nicht in der Waschmaschine;<br \/>\n&#8211; Legen Sie das Produkt nicht in einen W\u00e4schetrockner. <\/p>\n<p>Zandon\u00e0 beh\u00e4lt sich das Recht vor, nicht f\u00fcr Sch\u00e4den an den Produkten verantwortlich gemacht zu werden, die durch Nichtbeachtung der obigen Anweisungen entstehen. <\/p>\n<p>F\u00fcr weitere Unterst\u00fctzung wenden Sie sich bitte an den Kundendienst (customercare@zandona.net) oder rufen Sie an unter +39 0423 569135.<\/p>\n","protected":false},"excerpt":{"rendered":"<p>Sehnenschutz<\/p>\n","protected":false},"featured_media":30563,"comment_status":"open","ping_status":"closed","template":"","meta":[],"product_brand":[],"product_cat":[3555,3628,3695],"product_tag":[],"class_list":{"0":"post-19364","1":"product","2":"type-product","3":"status-publish","4":"has-post-thumbnail","6":"product_cat-auslass","7":"product_cat-carbon-air-sensitive-de","8":"product_cat-gamaschen-de","9":"pa_codice-intrastat-42010000-de","10":"pa_disciplina-utilizzo-harness","11":"pa_disciplina-utilizzo-springreiten","12":"pa_disciplina-utilizzo-trekking-de","13":"pa_giro-nodello-da-26-a-28-cm-de","14":"pa_giro-nodello-da-29-a-30-cm-de","15":"pa_giro-nodello-da-31-a-32-cm-de","16":"pa_giro-nodello-da-33-a-35-cm-de","18":"first","19":"instock","20":"featured","21":"taxable","22":"shipping-taxable","23":"purchasable","24":"product-type-variable"},"_links":{"self":[{"href":"https:\/\/riding.zandona.net\/de\/wp-json\/wp\/v2\/product\/19364","targetHints":{"allow":["GET"]}}],"collection":[{"href":"https:\/\/riding.zandona.net\/de\/wp-json\/wp\/v2\/product"}],"about":[{"href":"https:\/\/riding.zandona.net\/de\/wp-json\/wp\/v2\/types\/product"}],"replies":[{"embeddable":true,"href":"https:\/\/riding.zandona.net\/de\/wp-json\/wp\/v2\/comments?post=19364"}],"wp:featuredmedia":[{"embeddable":true,"href":"https:\/\/riding.zandona.net\/de\/wp-json\/wp\/v2\/media\/30563"}],"wp:attachment":[{"href":"https:\/\/riding.zandona.net\/de\/wp-json\/wp\/v2\/media?parent=19364"}],"wp:term":[{"taxonomy":"product_brand","embeddable":true,"href":"https:\/\/riding.zandona.net\/de\/wp-json\/wp\/v2\/product_brand?post=19364"},{"taxonomy":"product_cat","embeddable":true,"href":"https:\/\/riding.zandona.net\/de\/wp-json\/wp\/v2\/product_cat?post=19364"},{"taxonomy":"product_tag","embeddable":true,"href":"https:\/\/riding.zandona.net\/de\/wp-json\/wp\/v2\/product_tag?post=19364"}],"curies":[{"name":"wp","href":"https:\/\/api.w.org\/{rel}","templated":true}]}}