{"id":19472,"date":"2024-11-06T17:02:03","date_gmt":"2024-11-06T16:02:03","guid":{"rendered":"https:\/\/riding.zandona.net\/shop\/unkategorisiert\/carbon-air-techno-fur-junior-fetlock\/"},"modified":"2024-11-07T11:29:28","modified_gmt":"2024-11-07T10:29:28","slug":"carbon-air-techno-fur-junior-fetlock","status":"publish","type":"product","link":"https:\/\/riding.zandona.net\/de\/shop\/auslass\/gamaschen-de\/carbon-air-techno-fur-de\/carbon-air-techno-fur-junior-fetlock\/","title":{"rendered":"CARBON AIR TECHNO-FUR JUNIOR Fetlock"},"content":{"rendered":"<p>Die Streichkappen &#8220;CARBON AIR TECHNO-FUR JUNIOR Fetlock&#8221; wurden entwickelt um das junge Sportpferd in der Disziplin Springreiten zu sch\u00fctzen (entspricht den internationalen Regeln f\u00fcr die Kategorien &#8220;Jungpferde&#8221;) und mit Kunstfell (Techno-Fur) hergestellt werden. Kunstfell ist kein nat\u00fcrlicher Thermoregulator und hat nicht die gleichen Eigenschaften wie echte Wolle. Es ist jedoch die ideale Wahl f\u00fcr alle, die ein Produkt suchen, das der Sensitive + -Version \u00e4hnelt, jedoch billiger und leichter zu reinigen ist. <\/p>\n<p>HAUPTMERKMALE:<br \/>\n&#8211; Innenfutter aus Kunstfell;<br \/>\n&#8211; Anatomische Struktur aus TPU mit unterschiedlicher Dicke;<br \/>\n&#8211; Eins\u00e4tze in Kohlenstofffaser f\u00fcr Zus\u00e4tzlichen Schutz;<br \/>\n&#8211; Gel-Tech Polsterung f\u00fcr Sto\u00dfd\u00e4mpfung;<br \/>\n &#8211; Lufteinl\u00e4sse f\u00fcr Zus\u00e4tzliche Bel\u00fcftung;<br \/>\n&#8211; Flex-Zone f\u00fcr v\u00f6llige Bewegungsfreiheit;<br \/>\n&#8211; Sicherer Verschluss mit elastischen Gurten und Schnellverschluss;<br \/>\n&#8211; 100% Made in Italy<\/p>\n","protected":false},"excerpt":{"rendered":"<p>Fesselgelenkschutz<\/p>\n","protected":false},"featured_media":30612,"comment_status":"open","ping_status":"closed","template":"","meta":[],"product_brand":[],"product_cat":[3555,3631,3695],"product_tag":[],"class_list":{"0":"post-19472","1":"product","2":"type-product","3":"status-publish","4":"has-post-thumbnail","6":"product_cat-auslass","7":"product_cat-carbon-air-techno-fur-de","8":"product_cat-gamaschen-de","9":"pa_codice-intrastat-42010000-de","10":"pa_disciplina-utilizzo-harness","11":"pa_disciplina-utilizzo-springreiten","12":"pa_disciplina-utilizzo-trekking-de","13":"pa_giro-nodello-da-28-a-30-cm-de","14":"pa_giro-nodello-da-31-a-32-cm-de","15":"pa_giro-nodello-da-33-a-34-cm-de","16":"pa_giro-nodello-da-35-a-37-cm-de","18":"first","19":"instock","20":"taxable","21":"shipping-taxable","22":"purchasable","23":"product-type-variable"},"_links":{"self":[{"href":"https:\/\/riding.zandona.net\/de\/wp-json\/wp\/v2\/product\/19472","targetHints":{"allow":["GET"]}}],"collection":[{"href":"https:\/\/riding.zandona.net\/de\/wp-json\/wp\/v2\/product"}],"about":[{"href":"https:\/\/riding.zandona.net\/de\/wp-json\/wp\/v2\/types\/product"}],"replies":[{"embeddable":true,"href":"https:\/\/riding.zandona.net\/de\/wp-json\/wp\/v2\/comments?post=19472"}],"wp:featuredmedia":[{"embeddable":true,"href":"https:\/\/riding.zandona.net\/de\/wp-json\/wp\/v2\/media\/30612"}],"wp:attachment":[{"href":"https:\/\/riding.zandona.net\/de\/wp-json\/wp\/v2\/media?parent=19472"}],"wp:term":[{"taxonomy":"product_brand","embeddable":true,"href":"https:\/\/riding.zandona.net\/de\/wp-json\/wp\/v2\/product_brand?post=19472"},{"taxonomy":"product_cat","embeddable":true,"href":"https:\/\/riding.zandona.net\/de\/wp-json\/wp\/v2\/product_cat?post=19472"},{"taxonomy":"product_tag","embeddable":true,"href":"https:\/\/riding.zandona.net\/de\/wp-json\/wp\/v2\/product_tag?post=19472"}],"curies":[{"name":"wp","href":"https:\/\/api.w.org\/{rel}","templated":true}]}}