{"id":19481,"date":"2024-11-06T17:02:16","date_gmt":"2024-11-06T16:02:16","guid":{"rendered":"https:\/\/riding.zandona.net\/shop\/unkategorisiert\/sensitive-air-pastern\/"},"modified":"2024-11-07T11:29:39","modified_gmt":"2024-11-07T10:29:39","slug":"sensitive-air-pastern","status":"publish","type":"product","link":"https:\/\/riding.zandona.net\/de\/shop\/pferd\/gamaschen\/pastern-protection-de\/sensitive-air-pastern\/","title":{"rendered":"SENSITIVE+ AIR Pastern"},"content":{"rendered":"<p>\u201cSENSITIVE+ AIR PASTERN\u201d werden entwickelt um die Pferd-Fessel zu sch\u00fctzen, einen Bereich, den die meisten Fesselverb\u00e4nde nicht vor St\u00f6\u00dfen und Prellungen\/Reibungen sch\u00fctzen. Sie besteht aus ECHTER hochwertiger Merinowolle erhalten mit der Schur. Die Wolle, als nat\u00fcrlicher Temperaturregler eignet sich f\u00fcr die ganzj\u00e4hrige Benutzung und dank seiner antiallergischen Eigenschaften ist ideal auch f\u00fcr sensible Haut. Sie werden verwendet, um eventuellen Zusammensto\u00df mit St\u00f6cken\/Umz\u00e4unung zu absorbieren, vor Reibungsproblemen zu sch\u00fctzen und den Heilungsprozess im Ruhezustand zu beschleunigen (um den Bereich sauber und gesch\u00fctzt zu halten), in Gegenwart von Verletzung des Pferd-Fessels.<\/p>\n<p>HAUPTMERKMALE:<br \/>\n&#8211; Anatomische Struktur in TPU in unterschiedlicher St\u00e4rke;<br \/>\n&#8211; KEIN Leder, KEIN Falsch Fell \u2013 Nur Echte Merinowolle;<br \/>\n&#8211; Gel-Tech Polsterung f\u00fcr Sto\u00dfd\u00e4mpfung;<br \/>\n&#8211; Lufteinl\u00e4sse f\u00fcr zus\u00e4tzliche Bel\u00fcftung;<br \/>\n&#8211; Perforiertes Neopren f\u00fcr Atmungsaktivit\u00e4t;<br \/>\n&#8211; Flex-Zone f\u00fcr v\u00f6llige Bewegungsfreiheit;<br \/>\n&#8211; 100% Made in Italy.<\/p>\n","protected":false},"excerpt":{"rendered":"<p>Fesselschutz<\/p>\n","protected":false},"featured_media":28473,"comment_status":"open","ping_status":"open","template":"","meta":[],"product_brand":[],"product_cat":[3647,3735,3643],"product_tag":[],"class_list":{"0":"post-19481","1":"product","2":"type-product","3":"status-publish","4":"has-post-thumbnail","6":"product_cat-gamaschen","7":"product_cat-pastern-protection-de","8":"product_cat-pferd","9":"pa_circonferenza-pastorale-da-18-a-20-cm-de","10":"pa_circonferenza-pastorale-da-21-a-22-cm-de","11":"pa_circonferenza-pastorale-da-23-a-24-cm-de","12":"pa_circonferenza-pastorale-da-25-a-28-cm-de","13":"pa_codice-intrastat-42010000-de","14":"pa_disciplina-utilizzo-harness","15":"pa_disciplina-utilizzo-springreiten","16":"pa_disciplina-utilizzo-trekking-de","18":"first","19":"instock","20":"taxable","21":"shipping-taxable","22":"purchasable","23":"product-type-variable"},"_links":{"self":[{"href":"https:\/\/riding.zandona.net\/de\/wp-json\/wp\/v2\/product\/19481","targetHints":{"allow":["GET"]}}],"collection":[{"href":"https:\/\/riding.zandona.net\/de\/wp-json\/wp\/v2\/product"}],"about":[{"href":"https:\/\/riding.zandona.net\/de\/wp-json\/wp\/v2\/types\/product"}],"replies":[{"embeddable":true,"href":"https:\/\/riding.zandona.net\/de\/wp-json\/wp\/v2\/comments?post=19481"}],"wp:featuredmedia":[{"embeddable":true,"href":"https:\/\/riding.zandona.net\/de\/wp-json\/wp\/v2\/media\/28473"}],"wp:attachment":[{"href":"https:\/\/riding.zandona.net\/de\/wp-json\/wp\/v2\/media?parent=19481"}],"wp:term":[{"taxonomy":"product_brand","embeddable":true,"href":"https:\/\/riding.zandona.net\/de\/wp-json\/wp\/v2\/product_brand?post=19481"},{"taxonomy":"product_cat","embeddable":true,"href":"https:\/\/riding.zandona.net\/de\/wp-json\/wp\/v2\/product_cat?post=19481"},{"taxonomy":"product_tag","embeddable":true,"href":"https:\/\/riding.zandona.net\/de\/wp-json\/wp\/v2\/product_tag?post=19481"}],"curies":[{"name":"wp","href":"https:\/\/api.w.org\/{rel}","templated":true}]}}