{"id":19575,"date":"2024-11-06T17:03:51","date_gmt":"2024-11-06T16:03:51","guid":{"rendered":"https:\/\/riding.zandona.net\/shop\/unkategorisiert\/techno-candy-girth\/"},"modified":"2024-11-07T11:32:34","modified_gmt":"2024-11-07T10:32:34","slug":"techno-candy-girth","status":"publish","type":"product","link":"https:\/\/riding.zandona.net\/de\/shop\/pferd\/sattelgurten\/springreiten\/techno-candy-girth\/","title":{"rendered":"TECHNO CANDY Girth"},"content":{"rendered":"<p>Der TECHNO-FUR STUD Girth ist ein Sattelgurt f\u00fcr die Disziplin Springreiten, der \u00fcberragende Leistung mit gr\u00f6\u00dfter Sorgfalt f\u00fcr den Tierschutz verbindet.<br \/>\nHergestellt aus veganem Leder, das frei von Tierqu\u00e4lerei ist, mit einem hochwertigem Innenfutter aus Kunstfell (Techno-Fur), TECHNO-FUR STUD Girth garantiert dank seiner ergonomischen Form und der innovativen, langlebigen und leicht zu reinigenden Materialien absoluten Komfort f\u00fcr Ihr Pferd.<br \/>\nSein elegantes Design und seine Robustheit machen ihn sowohl f\u00fcr das t\u00e4gliche Training als auch f\u00fcr Wettk\u00e4mpfe geeignet.<br \/>\nDie Edelstahlschnallen mit Automatikverschluss auf der linken Seite, erm\u00f6glichen eine schnelle und bequeme Einstellung mit nur einer Hand.<br \/>\nDer Aeronautischer Aluminiumkarabiner ist f\u00fcr zus\u00e4tzliche Sicherheit mit einer speziellen Schutzh\u00fclle versehen.<br \/>\n100% Made in Italy.<\/p>\n<p>     HAUPTMERKMALE:<br \/>\n\u2022 veganes Leder, das frei von Tierqu\u00e4lerei ist;<br \/>\n\u2022 Innenfutter aus Kunstfell;<br \/>\n\u2022 Langlebig und leicht zu reinigen;<br \/>\n\u2022 Automatische Schnallen auf der linken Seite;<br \/>\n\u2022 Aeronautischer Aluminiumkarabiner mit Schutzh\u00fclle;<br \/>\n\u2022 100% Made in Italy;<br \/>\n\u2022 Gr\u00f6\u00dfen von 110cm bis 150cm.<\/p>\n","protected":false},"excerpt":{"rendered":"<p>Springreiten Sattelgurt<\/p>\n","protected":false},"featured_media":9016,"comment_status":"open","ping_status":"closed","template":"","meta":[],"product_brand":[],"product_cat":[3643,3655,3681],"product_tag":[],"class_list":{"0":"post-19575","1":"product","2":"type-product","3":"status-publish","4":"has-post-thumbnail","6":"product_cat-pferd","7":"product_cat-sattelgurten","8":"product_cat-springreiten","9":"pa_codice-intrastat-42010000-de","10":"pa_disciplina-utilizzo-springreiten","12":"first","13":"instock","14":"taxable","15":"shipping-taxable","16":"purchasable","17":"product-type-variable"},"_links":{"self":[{"href":"https:\/\/riding.zandona.net\/de\/wp-json\/wp\/v2\/product\/19575","targetHints":{"allow":["GET"]}}],"collection":[{"href":"https:\/\/riding.zandona.net\/de\/wp-json\/wp\/v2\/product"}],"about":[{"href":"https:\/\/riding.zandona.net\/de\/wp-json\/wp\/v2\/types\/product"}],"replies":[{"embeddable":true,"href":"https:\/\/riding.zandona.net\/de\/wp-json\/wp\/v2\/comments?post=19575"}],"wp:featuredmedia":[{"embeddable":true,"href":"https:\/\/riding.zandona.net\/de\/wp-json\/wp\/v2\/media\/9016"}],"wp:attachment":[{"href":"https:\/\/riding.zandona.net\/de\/wp-json\/wp\/v2\/media?parent=19575"}],"wp:term":[{"taxonomy":"product_brand","embeddable":true,"href":"https:\/\/riding.zandona.net\/de\/wp-json\/wp\/v2\/product_brand?post=19575"},{"taxonomy":"product_cat","embeddable":true,"href":"https:\/\/riding.zandona.net\/de\/wp-json\/wp\/v2\/product_cat?post=19575"},{"taxonomy":"product_tag","embeddable":true,"href":"https:\/\/riding.zandona.net\/de\/wp-json\/wp\/v2\/product_tag?post=19575"}],"curies":[{"name":"wp","href":"https:\/\/api.w.org\/{rel}","templated":true}]}}