{"id":19665,"date":"2024-11-06T17:05:45","date_gmt":"2024-11-06T16:05:45","guid":{"rendered":"https:\/\/riding.zandona.net\/shop\/unkategorisiert\/carbon-air-sensitive-stud-girth\/"},"modified":"2024-11-07T11:35:10","modified_gmt":"2024-11-07T10:35:10","slug":"carbon-air-sensitive-stud-girth","status":"publish","type":"product","link":"https:\/\/riding.zandona.net\/de\/shop\/auslass\/sattelgurten-protezioni-cavallo-in-promozione\/carbon-air-sensitive-stud-girth\/","title":{"rendered":"CARBON AIR SENSITIVE+ Stud Girth"},"content":{"rendered":"<p>&#8220;CARBON AIR SENSITIVE + STUD GIRTH&#8221; ist der innovative Sattelgurt, der das Pferd vor m\u00f6glichen Schl\u00e4gen sch\u00fctzen soll, die durch die Vorderbeine beim Springreiten verursacht werden. Das Innenfutter aus echter Merinowolle bietet maximalen Komfort. Dank seiner hypoallergenen und thermoregulatorischen Eigenschaften ist es auch ideal f\u00fcr sensible Haut.<\/p>\n<p>HAUPTMERKMALE:<br \/>\n&#8211; Selbstschlie\u00dfende Schnallen f\u00fcr schnelle Anpassung;<br \/>\n -Lufteinl\u00e4sse f\u00fcr zus\u00e4tzliche Bel\u00fcftung;<br \/>\n -Eins\u00e4tze in Kohlenstofffaser f\u00fcr zus\u00e4tzlichen Schutz;<br \/>\n -Anatomische Struktur in TPU in unterschiedlicher St\u00e4rke;<br \/>\n &#8211; Karabiner in Aluminium, wie es in der Luftfahrttechnik verwendet wird, mit Schutzh\u00fclle;<br \/>\n -100% Made in Italy.<\/p>\n<p>Erh\u00e4ltlich in 3 Farbvarianten und 9 verschiedenen Gr\u00f6\u00dfen (110-115-120-125-125-130-130-135-140-145-150 cm), sorgt es f\u00fcr eine perfekte Positionierung und vermeidet jede Art von Stress.<\/p>\n","protected":false},"excerpt":{"rendered":"<p>Springreiten Sattelgurt<\/p>\n","protected":false},"featured_media":28533,"comment_status":"open","ping_status":"closed","template":"","meta":[],"product_brand":[],"product_cat":[3555,3643,3984],"product_tag":[],"class_list":{"0":"post-19665","1":"product","2":"type-product","3":"status-publish","4":"has-post-thumbnail","6":"product_cat-auslass","7":"product_cat-pferd","8":"product_cat-sattelgurten-protezioni-cavallo-in-promozione","9":"pa_codice-intrastat-42010000-de","10":"pa_disciplina-utilizzo-springreiten","12":"first","13":"instock","14":"taxable","15":"shipping-taxable","16":"purchasable","17":"product-type-variable"},"_links":{"self":[{"href":"https:\/\/riding.zandona.net\/de\/wp-json\/wp\/v2\/product\/19665","targetHints":{"allow":["GET"]}}],"collection":[{"href":"https:\/\/riding.zandona.net\/de\/wp-json\/wp\/v2\/product"}],"about":[{"href":"https:\/\/riding.zandona.net\/de\/wp-json\/wp\/v2\/types\/product"}],"replies":[{"embeddable":true,"href":"https:\/\/riding.zandona.net\/de\/wp-json\/wp\/v2\/comments?post=19665"}],"wp:featuredmedia":[{"embeddable":true,"href":"https:\/\/riding.zandona.net\/de\/wp-json\/wp\/v2\/media\/28533"}],"wp:attachment":[{"href":"https:\/\/riding.zandona.net\/de\/wp-json\/wp\/v2\/media?parent=19665"}],"wp:term":[{"taxonomy":"product_brand","embeddable":true,"href":"https:\/\/riding.zandona.net\/de\/wp-json\/wp\/v2\/product_brand?post=19665"},{"taxonomy":"product_cat","embeddable":true,"href":"https:\/\/riding.zandona.net\/de\/wp-json\/wp\/v2\/product_cat?post=19665"},{"taxonomy":"product_tag","embeddable":true,"href":"https:\/\/riding.zandona.net\/de\/wp-json\/wp\/v2\/product_tag?post=19665"}],"curies":[{"name":"wp","href":"https:\/\/api.w.org\/{rel}","templated":true}]}}