{"id":19684,"date":"2024-11-06T17:06:09","date_gmt":"2024-11-06T16:06:09","guid":{"rendered":"https:\/\/riding.zandona.net\/shop\/unkategorisiert\/carbon-air-sensitive-candy-girth\/"},"modified":"2024-11-07T11:35:39","modified_gmt":"2024-11-07T10:35:39","slug":"carbon-air-sensitive-candy-girth","status":"publish","type":"product","link":"https:\/\/riding.zandona.net\/de\/shop\/auslass\/sattelgurten-protezioni-cavallo-in-promozione\/carbon-air-sensitive-candy-girth\/","title":{"rendered":"CARBON AIR SENSITIVE+ Candy Girth"},"content":{"rendered":"<p>&#8220;CARBON AIR SENSITIVE + CANDY GIRTH&#8221; ist der innovative Sattelgurt, der entwickelt wurde, um den Bauchbereich des Pferdes in der Disziplin Springreiten zu verteidigen. Das Innenfutter aus echter Merino Wolle bietet maximalen Komfort. Dank seiner hypoallergenen und thermoregulatorischen Eigenschaften ist es auch ideal f\u00fcr empfindliche Haut.<\/p>\n<p>HAUPTMERKMALE:<br \/>\n&#8211; Selbstschlie\u00dfende Schnallen f\u00fcr schnelle Anpassung;<br \/>\n&#8211; Lufteinl\u00e4sse f\u00fcr Zus\u00e4tzliche Bel\u00fcftung;<br \/>\n-Eins\u00e4tze in Kohlenstofffaser f\u00fcr Zus\u00e4tzlichen Schutz;<br \/>\n-Anatomische Struktur in TPU in unterschiedlicher Dicke;<br \/>\n&#8211; Karabiner in Aluminium, wie es in der Luftfahrttechnik verwendet wird, einfasst durch einen Schutzmantel;<br \/>\n-100% Made in Italy.<\/p>\n<p>Erh\u00e4ltlich in 3 Farbvarianten und 9 verschiedenen Gr\u00f6\u00dfen (110-115-120-125-125-130-130-135-140-145-150 cm), sorgt es f\u00fcr eine perfekte Positionierung und vermeidet jede Art von Stress.<\/p>\n","protected":false},"excerpt":{"rendered":"<p>Springreiten Sattelgurt<\/p>\n","protected":false},"featured_media":28543,"comment_status":"open","ping_status":"closed","template":"","meta":[],"product_brand":[],"product_cat":[3555,3984],"product_tag":[],"class_list":{"0":"post-19684","1":"product","2":"type-product","3":"status-publish","4":"has-post-thumbnail","6":"product_cat-auslass","7":"product_cat-sattelgurten-protezioni-cavallo-in-promozione","8":"pa_codice-intrastat-42010000-de","9":"pa_disciplina-utilizzo-springreiten","11":"first","12":"instock","13":"taxable","14":"shipping-taxable","15":"purchasable","16":"product-type-variable"},"_links":{"self":[{"href":"https:\/\/riding.zandona.net\/de\/wp-json\/wp\/v2\/product\/19684","targetHints":{"allow":["GET"]}}],"collection":[{"href":"https:\/\/riding.zandona.net\/de\/wp-json\/wp\/v2\/product"}],"about":[{"href":"https:\/\/riding.zandona.net\/de\/wp-json\/wp\/v2\/types\/product"}],"replies":[{"embeddable":true,"href":"https:\/\/riding.zandona.net\/de\/wp-json\/wp\/v2\/comments?post=19684"}],"wp:featuredmedia":[{"embeddable":true,"href":"https:\/\/riding.zandona.net\/de\/wp-json\/wp\/v2\/media\/28543"}],"wp:attachment":[{"href":"https:\/\/riding.zandona.net\/de\/wp-json\/wp\/v2\/media?parent=19684"}],"wp:term":[{"taxonomy":"product_brand","embeddable":true,"href":"https:\/\/riding.zandona.net\/de\/wp-json\/wp\/v2\/product_brand?post=19684"},{"taxonomy":"product_cat","embeddable":true,"href":"https:\/\/riding.zandona.net\/de\/wp-json\/wp\/v2\/product_cat?post=19684"},{"taxonomy":"product_tag","embeddable":true,"href":"https:\/\/riding.zandona.net\/de\/wp-json\/wp\/v2\/product_tag?post=19684"}],"curies":[{"name":"wp","href":"https:\/\/api.w.org\/{rel}","templated":true}]}}