{"id":19703,"date":"2024-11-06T17:06:21","date_gmt":"2024-11-06T16:06:21","guid":{"rendered":"https:\/\/riding.zandona.net\/shop\/unkategorisiert\/king-carbon-air-front\/"},"modified":"2024-11-07T15:33:21","modified_gmt":"2024-11-07T14:33:21","slug":"king-carbon-air-front","status":"publish","type":"product","link":"https:\/\/riding.zandona.net\/de\/shop\/pferd\/gamaschen\/dressur-de-2\/king-carbon-air-front\/","title":{"rendered":"KING CARBON AIR Front"},"content":{"rendered":"<p>\u201cKING CARBON AIR FRONT\u201d sind die spezielle Gamaschen f\u00fcr den Dressursport. Die Gamaschen sitzen perfekt und sch\u00fctzen das Sehnensystem vor Aufpralle an den Fesseln sowie einem Gro\u00dfteil des Schienbeins. Sie sind mit einem revolution\u00e4ren Schlie\u00dfsystem (Patent Pending) ausgestattet, das die Positionierung am Glied erleichtert. Dieses bietet eine perfekte Anpassung sowie Stabilit\u00e4t am Pferdebein und deutlich mehr Unterst\u00fctzung im Vergleich zu herk\u00f6mmlichen Gamaschen auf dem Markt.<\/p>\n<p>HAUPTMERKMALE:<br \/>\n-Anatomische Struktur in TPU in unterschiedlicher St\u00e4rke;<br \/>\n-Eins\u00e4tze in Kohlenstofffaser f\u00fcr zus\u00e4tzlichen Schutz;<br \/>\n-Gel-Tech Polsterung f\u00fcr Sto\u00dfd\u00e4mpfung;<br \/>\n&#8211; Lufteinl\u00e4sse f\u00fcr zus\u00e4tzliche Bel\u00fcftung;<br \/>\n-Perforiertes Neopren f\u00fcr Atmungsaktivit\u00e4t;<br \/>\n-Flex-Zone f\u00fcr v\u00f6llige Bewegungsfreiheit;<br \/>\n-100% Made in Italy.<\/p>\n","protected":false},"excerpt":{"rendered":"<p>Vorderbeinschutz<\/p>\n","protected":false},"featured_media":28553,"comment_status":"open","ping_status":"open","template":"","meta":[],"product_brand":[],"product_cat":[3743,3647,3547,3643],"product_tag":[],"class_list":{"0":"post-19703","1":"product","2":"type-product","3":"status-publish","4":"has-post-thumbnail","6":"product_cat-dressur-de-2","7":"product_cat-gamaschen","8":"product_cat-meistverkaufte-produkte","9":"product_cat-pferd","10":"pa_codice-intrastat-42010000-de","11":"pa_disciplina-utilizzo-dressur","12":"pa_giro-nodello-da-26-a-28-cm-de","13":"pa_giro-nodello-da-29-a-30-cm-de","14":"pa_giro-nodello-da-31-a-32-cm-de","15":"pa_giro-nodello-da-33-a-35-cm-de","17":"first","18":"instock","19":"taxable","20":"shipping-taxable","21":"purchasable","22":"product-type-variable"},"_links":{"self":[{"href":"https:\/\/riding.zandona.net\/de\/wp-json\/wp\/v2\/product\/19703","targetHints":{"allow":["GET"]}}],"collection":[{"href":"https:\/\/riding.zandona.net\/de\/wp-json\/wp\/v2\/product"}],"about":[{"href":"https:\/\/riding.zandona.net\/de\/wp-json\/wp\/v2\/types\/product"}],"replies":[{"embeddable":true,"href":"https:\/\/riding.zandona.net\/de\/wp-json\/wp\/v2\/comments?post=19703"}],"wp:featuredmedia":[{"embeddable":true,"href":"https:\/\/riding.zandona.net\/de\/wp-json\/wp\/v2\/media\/28553"}],"wp:attachment":[{"href":"https:\/\/riding.zandona.net\/de\/wp-json\/wp\/v2\/media?parent=19703"}],"wp:term":[{"taxonomy":"product_brand","embeddable":true,"href":"https:\/\/riding.zandona.net\/de\/wp-json\/wp\/v2\/product_brand?post=19703"},{"taxonomy":"product_cat","embeddable":true,"href":"https:\/\/riding.zandona.net\/de\/wp-json\/wp\/v2\/product_cat?post=19703"},{"taxonomy":"product_tag","embeddable":true,"href":"https:\/\/riding.zandona.net\/de\/wp-json\/wp\/v2\/product_tag?post=19703"}],"curies":[{"name":"wp","href":"https:\/\/api.w.org\/{rel}","templated":true}]}}