{"id":19739,"date":"2024-11-06T17:07:11","date_gmt":"2024-11-06T16:07:11","guid":{"rendered":"https:\/\/riding.zandona.net\/shop\/unkategorisiert\/prince-sensitive-rear\/"},"modified":"2024-11-07T15:35:15","modified_gmt":"2024-11-07T14:35:15","slug":"prince-sensitive-rear","status":"publish","type":"product","link":"https:\/\/riding.zandona.net\/de\/shop\/pferd\/gamaschen\/dressur-de-2\/prince-sensitive-rear\/","title":{"rendered":"PRINCE SENSITIVE+ Rear"},"content":{"rendered":"<p>Leichte, 100% Made in Italy Hintere Gamaschen f\u00fcr Dressur und Flacharbeit, entwickelt um die Gliedma\u00dfen des Pferdes zu sch\u00fctzen und die Sehnen zu unterst\u00fctzen. Ausgestattet mit unserem \u201cNo Skin, No Problem\u201d Innen Futter aus echter Merinowolle, sind sie dank ihrer hypoallergenen und nat\u00fcrlichen W\u00e4rmeregulierungseigenschaften super atmungsaktiv. Gel-Tech erm\u00f6glicht Sto\u00dfd\u00e4mpfung und bequeme Polsterung, w\u00e4hrend die Kohlenstofffaser ein hohes Ma\u00df an Schutz garantiert. Die ergonomische Form und die doppelten Klettverschl\u00fcsse sorgen f\u00fcr perfekte Positionierung, maximale Stabilit\u00e4t und gro\u00dfe Bewegungsfreiheit.<\/p>\n<p>HAUPTMERKMALE:<br \/>\n&#8211; Anatomische und ergonomische Struktur;<br \/>\n&#8211; Innen Futter aus \u201eNo Skin, No Problem\u201d<br \/>\n&#8211; Neopren Beschichtung;<br \/>\n&#8211; Vollst\u00e4ndig Atmungsaktiv;<br \/>\n&#8211; Eins\u00e4tze in Kohlenstofffaser f\u00fcr zus\u00e4tzlichen Schutz;<br \/>\n&#8211; Gel-Tech Technologie;<br \/>\n&#8211; 100% Made in Italy.<\/p>\n<p>WASCHANLEITUNGEN VON DER LAMMWOLLE<br \/>\nDie Produkte der CARBON AIR SENSITIVE+ Linie werden mit einer echten LAMM-Beschichtung OHNE LEDER hergestellt.<br \/>\nDadurch werden die typischen Probleme der Wartung und Pflege der Leder vermieden. Eine regelm\u00e4\u00dfige Pflege des Produkts wird jedoch empfohlen, um die Qualit\u00e4t, das Aussehen und die Leistung zu erhalten, um Ihr Pferd bestm\u00f6glich zu sch\u00fctzen Nachfolgend finden Sie die Pflege- und Wartungshinweise der Carbon Air Sensitive+ Linie:<br \/>\n&#8211; Reinigen Sie das Produkt vorsichtig mit einer nicht aggressiven B\u00fcrste, oder mit einem weichen Tuch oder mit einem weichen Schwamm;<br \/>\n&#8211; Waschen Sie das Produkt von Hand in kaltem Wasser oder bei max. 30\u00b0C;<br \/>\n&#8211; Verwenden Sie spezielle Waschmittel f\u00fcr Wolle;<br \/>\n&#8211; Lassen Sie das Produkt an einem trockenen und gut gel\u00fcfteten Ort trocknen, vorzugsweise nicht in direktem Sonnenlicht und fern von k\u00fcnstlichen W\u00e4rmequellen.<\/p>\n<p>WARNUNG:<br \/>\n&#8211; Waschen Sie das Produkt nicht mit einem traditionellen Reinigungsmittel;<br \/>\n&#8211; Waschen Sie das Produkt nicht in der Waschmaschine;<br \/>\n&#8211; Legen Sie das Produkt nicht in einen W\u00e4schetrockner. <\/p>\n<p>Zandon\u00e0 beh\u00e4lt sich das Recht vor, nicht f\u00fcr Sch\u00e4den an den Produkten verantwortlich gemacht zu werden, die durch Nichtbeachtung der obigen Anweisungen entstehen. <\/p>\n<p>F\u00fcr weitere Unterst\u00fctzung wenden Sie sich bitte an den Kundendienst (customercare@zandona.net) oder rufen Sie an unter +39 0423 569135.<\/p>\n","protected":false},"excerpt":{"rendered":"<p>Hinterbeinschutz<\/p>\n","protected":false},"featured_media":28643,"comment_status":"open","ping_status":"closed","template":"","meta":[],"product_brand":[],"product_cat":[3743,3647,3643],"product_tag":[],"class_list":{"0":"post-19739","1":"product","2":"type-product","3":"status-publish","4":"has-post-thumbnail","6":"product_cat-dressur-de-2","7":"product_cat-gamaschen","8":"product_cat-pferd","9":"pa_codice-intrastat-42010000-de","10":"pa_disciplina-utilizzo-dressur","11":"pa_giro-nodello-da-31-a-32-cm-de","12":"pa_giro-nodello-da-33-a-34-cm-de","13":"pa_giro-nodello-da-35-a-37-cm-de","15":"first","16":"instock","17":"taxable","18":"shipping-taxable","19":"purchasable","20":"product-type-variable"},"_links":{"self":[{"href":"https:\/\/riding.zandona.net\/de\/wp-json\/wp\/v2\/product\/19739","targetHints":{"allow":["GET"]}}],"collection":[{"href":"https:\/\/riding.zandona.net\/de\/wp-json\/wp\/v2\/product"}],"about":[{"href":"https:\/\/riding.zandona.net\/de\/wp-json\/wp\/v2\/types\/product"}],"replies":[{"embeddable":true,"href":"https:\/\/riding.zandona.net\/de\/wp-json\/wp\/v2\/comments?post=19739"}],"wp:featuredmedia":[{"embeddable":true,"href":"https:\/\/riding.zandona.net\/de\/wp-json\/wp\/v2\/media\/28643"}],"wp:attachment":[{"href":"https:\/\/riding.zandona.net\/de\/wp-json\/wp\/v2\/media?parent=19739"}],"wp:term":[{"taxonomy":"product_brand","embeddable":true,"href":"https:\/\/riding.zandona.net\/de\/wp-json\/wp\/v2\/product_brand?post=19739"},{"taxonomy":"product_cat","embeddable":true,"href":"https:\/\/riding.zandona.net\/de\/wp-json\/wp\/v2\/product_cat?post=19739"},{"taxonomy":"product_tag","embeddable":true,"href":"https:\/\/riding.zandona.net\/de\/wp-json\/wp\/v2\/product_tag?post=19739"}],"curies":[{"name":"wp","href":"https:\/\/api.w.org\/{rel}","templated":true}]}}