{"id":19762,"date":"2024-11-06T17:07:36","date_gmt":"2024-11-06T16:07:36","guid":{"rendered":"https:\/\/riding.zandona.net\/shop\/unkategorisiert\/royal-bell-pony\/"},"modified":"2024-11-07T11:37:23","modified_gmt":"2024-11-07T10:37:23","slug":"royal-bell-pony","status":"publish","type":"product","link":"https:\/\/riding.zandona.net\/de\/shop\/pferd\/pony-de\/huf-und-sprungglocken-de\/royal-bell-pony\/","title":{"rendered":"ROYAL-BELL PONY"},"content":{"rendered":"<p>Dressurglocken leuchte und 100% Made in Italy aus hochwertigem Neopren mit Au\u00dfendesign aus Kunstfell und entwickelt, um den gesamten Huf vor St\u00f6\u00dfen, Kratzern und Reibung zu sch\u00fctzen.<br \/>\nDer doppelten Klettb\u00e4nder sorgt f\u00fcr einen hervorragenden Verschluss und der Innenabzieher erleichtert das L\u00f6sen.<br \/>\nDie Oberkante ist mit echter \u201cNo Skin, No Problem&#8221; Merinowolle gef\u00fcttert, um den Komfort zu optimieren.<\/p>\n","protected":false},"excerpt":{"rendered":"<p>Hufglocken<\/p>\n","protected":false},"featured_media":9212,"comment_status":"open","ping_status":"open","template":"","meta":[],"product_brand":[],"product_cat":[3710,3643,3727],"product_tag":[],"class_list":{"0":"post-19762","1":"product","2":"type-product","3":"status-publish","4":"has-post-thumbnail","6":"product_cat-huf-und-sprungglocken-de","7":"product_cat-pferd","8":"product_cat-pony-de","9":"pa_codice-intrastat-42010000-de","10":"pa_disciplina-utilizzo-dressur","11":"pa_giro-corona-da-30-a-34-cm-de","13":"first","14":"instock","15":"taxable","16":"shipping-taxable","17":"purchasable","18":"product-type-variable"},"_links":{"self":[{"href":"https:\/\/riding.zandona.net\/de\/wp-json\/wp\/v2\/product\/19762","targetHints":{"allow":["GET"]}}],"collection":[{"href":"https:\/\/riding.zandona.net\/de\/wp-json\/wp\/v2\/product"}],"about":[{"href":"https:\/\/riding.zandona.net\/de\/wp-json\/wp\/v2\/types\/product"}],"replies":[{"embeddable":true,"href":"https:\/\/riding.zandona.net\/de\/wp-json\/wp\/v2\/comments?post=19762"}],"wp:featuredmedia":[{"embeddable":true,"href":"https:\/\/riding.zandona.net\/de\/wp-json\/wp\/v2\/media\/9212"}],"wp:attachment":[{"href":"https:\/\/riding.zandona.net\/de\/wp-json\/wp\/v2\/media?parent=19762"}],"wp:term":[{"taxonomy":"product_brand","embeddable":true,"href":"https:\/\/riding.zandona.net\/de\/wp-json\/wp\/v2\/product_brand?post=19762"},{"taxonomy":"product_cat","embeddable":true,"href":"https:\/\/riding.zandona.net\/de\/wp-json\/wp\/v2\/product_cat?post=19762"},{"taxonomy":"product_tag","embeddable":true,"href":"https:\/\/riding.zandona.net\/de\/wp-json\/wp\/v2\/product_tag?post=19762"}],"curies":[{"name":"wp","href":"https:\/\/api.w.org\/{rel}","templated":true}]}}