{"id":19766,"date":"2024-11-06T17:07:36","date_gmt":"2024-11-06T16:07:36","guid":{"rendered":"https:\/\/riding.zandona.net\/shop\/unkategorisiert\/carbon-air-x-country-front\/"},"modified":"2024-11-07T15:34:25","modified_gmt":"2024-11-07T14:34:25","slug":"carbon-air-x-country-front","status":"publish","type":"product","link":"https:\/\/riding.zandona.net\/de\/shop\/pferd\/gamaschen\/vielseitigkeit-de-3\/carbon-air-x-country-front\/","title":{"rendered":"CARBON AIR X-COUNTRY Front"},"content":{"rendered":"<p>CARBON AIR \u201eX COUNTRY FRONT\u201c sind die neue Gamaschen, die entwickelt wurden, um das Pferd in der Disziplin \u201eVielseitigkeit\u201c maximalen Schutz zu bieten. Kohlenstofffaser unter der Schale erm\u00f6glichen die thermische Isolierung des Gelenks gegen St\u00f6\u00dfe erh\u00f6ht wird. Sie sind sehr sch\u00fctzend und super atmungsaktiv dank des perforierten Neoprens. Das Design ist modern und das Produkt verf\u00fcgt \u00fcber eine einzigartige Vollst\u00e4ndigkeit der Funktionen.<\/p>\n<p>HAUPTMERKMALE:<br \/>\n&#8211; Vorne und Hinten Eins\u00e4tze aus Kohlenstofffaser f\u00fcr zus\u00e4tzlichen Schutz;<br \/>\n&#8211; Anatomische Struktur mit patentiertem Konstruktionssystem;<br \/>\n&#8211; ABSORBIERT KEIN Wasser;<br \/>\n&#8211; Anti-Shock Beschichtung;<br \/>\n&#8211; Lufteinl\u00e4sse f\u00fcr zus\u00e4tzliche Bel\u00fcftung;<br \/>\n&#8211; 360 \u00b0 Schutz f\u00fcr das Glied;<br \/>\n&#8211; Innenseite ohne N\u00e4hte, um Reibung zu verhindern<br \/>\n&#8211; Perfekte Stabilit\u00e4t, unter extremen Bedingungen getestet;<br \/>\n&#8211;  Doppelter Klettverschluss -> Best\u00e4ndig, Einfach &#038; Sicher;<br \/>\n&#8211; Leicht zu reinigen;<br \/>\n&#8211; 100% Made in Italy.<\/p>\n","protected":false},"excerpt":{"rendered":"<p>Vorderbeinschutz<\/p>\n","protected":false},"featured_media":28683,"comment_status":"open","ping_status":"closed","template":"","meta":[],"product_brand":[],"product_cat":[3647,3547,3643,3747],"product_tag":[],"class_list":{"0":"post-19766","1":"product","2":"type-product","3":"status-publish","4":"has-post-thumbnail","6":"product_cat-gamaschen","7":"product_cat-meistverkaufte-produkte","8":"product_cat-pferd","9":"product_cat-vielseitigkeit-de-3","10":"pa_codice-intrastat-42010000-de","11":"pa_disciplina-utilizzo-vielseitigkeit-de","12":"pa_giro-nodello-da-26-a-28-cm-de","13":"pa_giro-nodello-da-29-a-30-cm-de","14":"pa_giro-nodello-da-31-a-32-cm-de","16":"first","17":"instock","18":"taxable","19":"shipping-taxable","20":"purchasable","21":"product-type-variable"},"_links":{"self":[{"href":"https:\/\/riding.zandona.net\/de\/wp-json\/wp\/v2\/product\/19766","targetHints":{"allow":["GET"]}}],"collection":[{"href":"https:\/\/riding.zandona.net\/de\/wp-json\/wp\/v2\/product"}],"about":[{"href":"https:\/\/riding.zandona.net\/de\/wp-json\/wp\/v2\/types\/product"}],"replies":[{"embeddable":true,"href":"https:\/\/riding.zandona.net\/de\/wp-json\/wp\/v2\/comments?post=19766"}],"wp:featuredmedia":[{"embeddable":true,"href":"https:\/\/riding.zandona.net\/de\/wp-json\/wp\/v2\/media\/28683"}],"wp:attachment":[{"href":"https:\/\/riding.zandona.net\/de\/wp-json\/wp\/v2\/media?parent=19766"}],"wp:term":[{"taxonomy":"product_brand","embeddable":true,"href":"https:\/\/riding.zandona.net\/de\/wp-json\/wp\/v2\/product_brand?post=19766"},{"taxonomy":"product_cat","embeddable":true,"href":"https:\/\/riding.zandona.net\/de\/wp-json\/wp\/v2\/product_cat?post=19766"},{"taxonomy":"product_tag","embeddable":true,"href":"https:\/\/riding.zandona.net\/de\/wp-json\/wp\/v2\/product_tag?post=19766"}],"curies":[{"name":"wp","href":"https:\/\/api.w.org\/{rel}","templated":true}]}}