{"id":19788,"date":"2024-11-06T17:08:03","date_gmt":"2024-11-06T16:08:03","guid":{"rendered":"https:\/\/riding.zandona.net\/shop\/unkategorisiert\/x-bell-furry\/"},"modified":"2024-11-07T11:38:14","modified_gmt":"2024-11-07T10:38:14","slug":"x-bell-furry","status":"publish","type":"product","link":"https:\/\/riding.zandona.net\/de\/shop\/pferd\/gamaschen\/huf-und-sprungglocken\/vielseitigkeit-de\/x-bell-furry\/","title":{"rendered":"X-BELL FURRY"},"content":{"rendered":"<p>Leichtgewichtig und 100% Made in Italy Sprungglocken f\u00fcr Vielseitgkeit aus hochwertigem Neopren mit Leder-Effekt Au\u00dfendesign. Sie sch\u00fctzen die gesamte H\u00fcf vor St\u00f6\u00dfen, Kratzern und Reibung. Sie haben einen hervorragenden doppelten Klettverschluss. Ein echter Merino Lammfellring an der Oberkante optimiert den Tragekomfort.<\/p>\n","protected":false},"excerpt":{"rendered":"<p>Hufglocken<\/p>\n","protected":false},"featured_media":28738,"comment_status":"open","ping_status":"open","template":"","meta":[],"product_brand":[],"product_cat":[3647,3709,3643,3673],"product_tag":[],"class_list":{"0":"post-19788","1":"product","2":"type-product","3":"status-publish","4":"has-post-thumbnail","6":"product_cat-gamaschen","7":"product_cat-huf-und-sprungglocken","8":"product_cat-pferd","9":"product_cat-vielseitigkeit-de","10":"pa_codice-intrastat-42010000-de","11":"pa_disciplina-utilizzo-vielseitigkeit-de","12":"pa_giro-corona-da-35-a-38-cm-de","13":"pa_giro-corona-da-39-a-40-cm-de","14":"pa_giro-corona-da-41-a-42-cm-de","15":"pa_giro-corona-da-43-a-46-cm-de","17":"first","18":"instock","19":"taxable","20":"shipping-taxable","21":"purchasable","22":"product-type-variable"},"_links":{"self":[{"href":"https:\/\/riding.zandona.net\/de\/wp-json\/wp\/v2\/product\/19788","targetHints":{"allow":["GET"]}}],"collection":[{"href":"https:\/\/riding.zandona.net\/de\/wp-json\/wp\/v2\/product"}],"about":[{"href":"https:\/\/riding.zandona.net\/de\/wp-json\/wp\/v2\/types\/product"}],"replies":[{"embeddable":true,"href":"https:\/\/riding.zandona.net\/de\/wp-json\/wp\/v2\/comments?post=19788"}],"wp:featuredmedia":[{"embeddable":true,"href":"https:\/\/riding.zandona.net\/de\/wp-json\/wp\/v2\/media\/28738"}],"wp:attachment":[{"href":"https:\/\/riding.zandona.net\/de\/wp-json\/wp\/v2\/media?parent=19788"}],"wp:term":[{"taxonomy":"product_brand","embeddable":true,"href":"https:\/\/riding.zandona.net\/de\/wp-json\/wp\/v2\/product_brand?post=19788"},{"taxonomy":"product_cat","embeddable":true,"href":"https:\/\/riding.zandona.net\/de\/wp-json\/wp\/v2\/product_cat?post=19788"},{"taxonomy":"product_tag","embeddable":true,"href":"https:\/\/riding.zandona.net\/de\/wp-json\/wp\/v2\/product_tag?post=19788"}],"curies":[{"name":"wp","href":"https:\/\/api.w.org\/{rel}","templated":true}]}}