{"id":19810,"date":"2024-11-06T17:08:30","date_gmt":"2024-11-06T16:08:30","guid":{"rendered":"https:\/\/riding.zandona.net\/shop\/unkategorisiert\/carbon-air-x-country-ep-rear\/"},"modified":"2024-11-07T11:38:49","modified_gmt":"2024-11-07T10:38:49","slug":"carbon-air-x-country-ep-rear","status":"publish","type":"product","link":"https:\/\/riding.zandona.net\/de\/shop\/pferd\/gamaschen\/vielseitigkeit-de-3\/carbon-air-x-country-ep-rear\/","title":{"rendered":"CARBON AIR X-COUNTRY EP Rear"},"content":{"rendered":"<p>\u201cCarbon Air X-Country EP rear\u201d ist die Version des Carbon Air X-Country Rear mit zus\u00e4tzlichem Schutz. Es beh\u00e4lt die gleichen Eigenschaften bei und verf\u00fcgt dar\u00fcber hinaus \u00fcber eine ergonomische Verl\u00e4ngerung der Neopren Polsterung, die mit einer verschlei\u00dffesten Folie in Carbon-Optik beschichtet ist, ideal f\u00fcr Pferde, die einen zus\u00e4tzlichen Schutz der Innenseite von Sprunggelenk und des oberen Schienbeins in der Vielseitigkeit Disziplin ben\u00f6tigen. Kohlenstofffaser unter der Schale erm\u00f6glichen die thermische Isolierung des Gelenks gegen St\u00f6\u00dfe erh\u00f6ht wird. Sie sind sehr sch\u00fctzend und super atmungsaktiv dank des perforierten Neoprens. Das Design ist modern und das Produkt verf\u00fcgt \u00fcber eine einzigartige Vollst\u00e4ndigkeit der Funktionen.<\/p>\n<p>HAUPTMERKMALE:<br \/>\n&#8211; Vorne und Hinten Eins\u00e4tze aus Kohlenstofffaser f\u00fcr zus\u00e4tzlichen Schutz;<br \/>\n&#8211; Anatomische Struktur mit patentiertem Konstruktionssystem;<br \/>\n&#8211; ABSORBIERT KEIN Wasser;<br \/>\n&#8211; Anti-Shock Beschichtung;<br \/>\n&#8211; Lufteinl\u00e4sse f\u00fcr zus\u00e4tzliche Bel\u00fcftung;<br \/>\n&#8211; 360 \u00b0 Schutz f\u00fcr das Glied;<br \/>\n&#8211; Innenseite ohne N\u00e4hte, um Reibung zu verhindern<br \/>\n&#8211; Perfekte Stabilit\u00e4t, unter extremen Bedingungen getestet;<br \/>\n&#8211;  Doppelter Klettverschluss -> Best\u00e4ndig, Einfach &#038; Sicher;<br \/>\n&#8211; Leicht zu reinigen;<br \/>\n&#8211; 100% Made in Italy.<\/p>\n","protected":false},"excerpt":{"rendered":"<p>Hinterbeinschutz<\/p>\n","protected":false},"featured_media":9290,"comment_status":"open","ping_status":"closed","template":"","meta":[],"product_brand":[],"product_cat":[3647,3643,3747],"product_tag":[],"class_list":{"0":"post-19810","1":"product","2":"type-product","3":"status-publish","4":"has-post-thumbnail","6":"product_cat-gamaschen","7":"product_cat-pferd","8":"product_cat-vielseitigkeit-de-3","9":"pa_codice-intrastat-42010000-de","10":"pa_disciplina-utilizzo-vielseitigkeit-de","11":"pa_giro-nodello-da-28-a-30-cm-de","12":"pa_giro-nodello-da-31-a-32-cm-de","13":"pa_giro-nodello-da-33-a-34-cm-de","15":"first","16":"instock","17":"taxable","18":"shipping-taxable","19":"purchasable","20":"product-type-variable"},"_links":{"self":[{"href":"https:\/\/riding.zandona.net\/de\/wp-json\/wp\/v2\/product\/19810","targetHints":{"allow":["GET"]}}],"collection":[{"href":"https:\/\/riding.zandona.net\/de\/wp-json\/wp\/v2\/product"}],"about":[{"href":"https:\/\/riding.zandona.net\/de\/wp-json\/wp\/v2\/types\/product"}],"replies":[{"embeddable":true,"href":"https:\/\/riding.zandona.net\/de\/wp-json\/wp\/v2\/comments?post=19810"}],"wp:featuredmedia":[{"embeddable":true,"href":"https:\/\/riding.zandona.net\/de\/wp-json\/wp\/v2\/media\/9290"}],"wp:attachment":[{"href":"https:\/\/riding.zandona.net\/de\/wp-json\/wp\/v2\/media?parent=19810"}],"wp:term":[{"taxonomy":"product_brand","embeddable":true,"href":"https:\/\/riding.zandona.net\/de\/wp-json\/wp\/v2\/product_brand?post=19810"},{"taxonomy":"product_cat","embeddable":true,"href":"https:\/\/riding.zandona.net\/de\/wp-json\/wp\/v2\/product_cat?post=19810"},{"taxonomy":"product_tag","embeddable":true,"href":"https:\/\/riding.zandona.net\/de\/wp-json\/wp\/v2\/product_tag?post=19810"}],"curies":[{"name":"wp","href":"https:\/\/api.w.org\/{rel}","templated":true}]}}